{"id":12221,"date":"2021-03-26T15:51:24","date_gmt":"2021-03-26T15:51:24","guid":{"rendered":"http:\/\/congreso.us.es\/ciaepsevilla2021\/?page_id=12221"},"modified":"2022-01-13T12:25:37","modified_gmt":"2022-01-13T12:25:37","slug":"inicio","status":"publish","type":"page","link":"https:\/\/congreso.us.es\/ciaepsevilla2021\/","title":{"rendered":""},"content":{"rendered":"\r\n<p class=\"has-text-align-center has-black-color has-text-color\">CONGRESO INTERNACIONAL DE ARTES, EDUCACI\u00d3N Y POSTDIGITALIDAD. <br \/>Las imagenes en la ense\u00f1anza e investigaci\u00f3n desde la era (post)COVID-19<\/p>\r\n\r\n\r\n\r\n<p class=\"has-text-align-center has-black-color has-text-color\">\u00a0<\/p>\r\n\r\n\r\n\r\n<p class=\"has-text-align-center has-black-color has-text-color\"><strong>Cu\u00e1ndo: <\/strong>del 1 al 3 de diciembre de 2021.<\/p>\r\n\r\n\r\n\r\n<p class=\"has-text-align-center has-black-color has-text-color\"><strong>D\u00f3nde:<\/strong> Facultad de Ciencias de la Educaci\u00f3n de la Universidad de Sevilla &#8211; Espa\u00f1a.<\/p>\r\n\r\n\r\n\r\n<p class=\"has-text-align-center has-black-color has-text-color\"><strong>Formas de participaci\u00f3n: <\/strong>presencial y online.<\/p>\r\n\r\n\r\n\r\n<p class=\"has-text-align-center has-vivid-red-color has-text-color\">\u2026<\/p>\r\n\r\n\r\n\r\n<p class=\"has-text-align-center has-black-color has-text-color\">Organizan:<\/p>\r\n\r\n\r\n\r\n<div class=\"wp-block-image\">\r\n<figure class=\"aligncenter size-full\"><img loading=\"lazy\" decoding=\"async\" class=\"alignnone wp-image-12643 size-full\" src=\"http:\/\/congreso.us.es\/ciaepsevilla2021\/wp-content\/uploads\/2021\/10\/LOGOS-CIAEP2021.jpg\" alt=\"\" width=\"500\" height=\"140\" srcset=\"https:\/\/congreso.us.es\/ciaepsevilla2021\/wp-content\/uploads\/2021\/10\/LOGOS-CIAEP2021.jpg 500w, https:\/\/congreso.us.es\/ciaepsevilla2021\/wp-content\/uploads\/2021\/10\/LOGOS-CIAEP2021-230x64.jpg 230w, https:\/\/congreso.us.es\/ciaepsevilla2021\/wp-content\/uploads\/2021\/10\/LOGOS-CIAEP2021-350x98.jpg 350w, https:\/\/congreso.us.es\/ciaepsevilla2021\/wp-content\/uploads\/2021\/10\/LOGOS-CIAEP2021-480x134.jpg 480w\" sizes=\"auto, (max-width: 500px) 100vw, 500px\" \/><\/figure>\r\n<p style=\"text-align: center;\">El congreso cuenta con la colaboraci\u00f3n del <a href=\"https:\/\/investigacion.us.es\/\">Vicerrectorado de Investigaci\u00f3n de la Universidad de Sevilla<\/a> (ayudas para organizar congresos y reuniones cient\u00edficas con proyecci\u00f3n internacional) y ayudas para grupos de investigaci\u00f3n PAIDI (2021).<\/p>\r\n<\/div>\r\n","protected":false},"excerpt":{"rendered":"<p>CONGRESO INTERNACIONAL DE ARTES, EDUCACI\u00d3N Y POSTDIGITALIDAD. Las imagenes en la ense\u00f1anza [&hellip;]<\/p>\n","protected":false},"author":1,"featured_media":0,"parent":0,"menu_order":0,"comment_status":"closed","ping_status":"closed","template":"page-templates\/page_fullwidth.php","meta":{"footnotes":""},"class_list":["post-12221","page","type-page","status-publish","hentry"],"_links":{"self":[{"href":"https:\/\/congreso.us.es\/ciaepsevilla2021\/wp-json\/wp\/v2\/pages\/12221","targetHints":{"allow":["GET"]}}],"collection":[{"href":"https:\/\/congreso.us.es\/ciaepsevilla2021\/wp-json\/wp\/v2\/pages"}],"about":[{"href":"https:\/\/congreso.us.es\/ciaepsevilla2021\/wp-json\/wp\/v2\/types\/page"}],"author":[{"embeddable":true,"href":"https:\/\/congreso.us.es\/ciaepsevilla2021\/wp-json\/wp\/v2\/users\/1"}],"replies":[{"embeddable":true,"href":"https:\/\/congreso.us.es\/ciaepsevilla2021\/wp-json\/wp\/v2\/comments?post=12221"}],"version-history":[{"count":4,"href":"https:\/\/congreso.us.es\/ciaepsevilla2021\/wp-json\/wp\/v2\/pages\/12221\/revisions"}],"predecessor-version":[{"id":13067,"href":"https:\/\/congreso.us.es\/ciaepsevilla2021\/wp-json\/wp\/v2\/pages\/12221\/revisions\/13067"}],"wp:attachment":[{"href":"https:\/\/congreso.us.es\/ciaepsevilla2021\/wp-json\/wp\/v2\/media?parent=12221"}],"curies":[{"name":"wp","href":"https:\/\/api.w.org\/{rel}","templated":true}]}}