{"id":12258,"date":"2021-10-03T10:10:08","date_gmt":"2021-10-03T10:10:08","guid":{"rendered":"http:\/\/congreso.us.es\/ciaepsevilla2021\/?page_id=12258"},"modified":"2022-01-13T12:43:49","modified_gmt":"2022-01-13T12:43:49","slug":"programa","status":"publish","type":"page","link":"https:\/\/congreso.us.es\/ciaepsevilla2021\/programa\/","title":{"rendered":"PROGRAMA DEL CONGRESO"},"content":{"rendered":"<p>&nbsp;<\/p>\n<h1><span style=\"color: #ff6600;\"><strong>1\/12\/2021<\/strong><\/span><\/h1>\n<table style=\"height: 291px;\" width=\"100%\">\n<tbody>\n<tr>\n<td bgcolor=\"#C70039\"><span style=\"color: #ffffff;\">HORARIO<br \/>\nESPA\u00d1A<\/span><\/td>\n<td bgcolor=\"#C70099\"><span style=\"color: #ffffff;\">CALENDARIO<br \/>\nPORTUGAL<\/span><\/td>\n<td bgcolor=\"#FF2200\"><span style=\"color: #ffffff;\">CALENDARIO<br \/>\nBRASIL<\/span><\/td>\n<td bgcolor=\"#FF6600\"><span style=\"color: #ffffff;\">EVENTO<\/span><\/td>\n<\/tr>\n<tr>\n<td><strong>12:00 h.<br \/>\n14:30 h.\u00a0<\/strong><\/td>\n<td><\/td>\n<td><\/td>\n<td style=\"text-align: left;\"><span style=\"color: #000000;\"><span style=\"color: #808080;\"><em><strong>Recogida de materiales y acreditaci\u00f3n<\/strong> <\/em><\/span>(sede del congreso).<\/span><\/td>\n<\/tr>\n<tr>\n<td><strong>16:00 h.<br \/>\n16:45 h.<\/strong><\/td>\n<td><strong>15:00 h.<br \/>\n15:45 h.\u00a0<\/strong><\/td>\n<td><strong>12:00 h.<br \/>\n12:45 h.\u00a0<\/strong><\/td>\n<td style=\"text-align: left;\"><span style=\"color: #808080;\"><em><strong>Acto de apertura<\/strong><\/em> [ <a href=\"https:\/\/eu.bbcollab.com\/guest\/f4e8f89c959a45888515000b068c7d7a\" target=\"_blank\" rel=\"noopener\">acceso online<\/a> ]<em><br \/>\n<\/em><\/span><\/td>\n<\/tr>\n<tr>\n<td><strong>16:45 h.<br \/>\n18:15 h.<\/strong><\/td>\n<td><strong>15:45 h.<br \/>\n17:15 h.<\/strong><\/td>\n<td><strong>12:45 h.<br \/>\n14:15 h.<\/strong><\/td>\n<td style=\"text-align: left;\"><strong><span style=\"color: #000000;\"><em><span style=\"color: #808080;\">Conferencia de apertura:<\/span> <\/em>Ana Mae Barbosa<\/span><\/strong> <span style=\"color: #000000;\">(Universidade Anhembi Morumbi\/UAM;<\/span><br \/>\n<span style=\"color: #000000;\">Escola de Comunica\u00e7\u00f5es e Artes da Universidade de S\u00e3o Paulo \/ECA\/USP) [ <a href=\"https:\/\/eu.bbcollab.com\/guest\/f4e8f89c959a45888515000b068c7d7a\" target=\"_blank\" rel=\"noopener\">acceso online<\/a> ]<br \/>\n<\/span><\/td>\n<\/tr>\n<tr>\n<td><strong>18:30 h.<br \/>\n20:00 h.<\/strong><\/td>\n<td><strong>17:30 h.<br \/>\n19:00 h.<\/strong><\/td>\n<td><strong>14:30 h.<br \/>\n16:00 h.<\/strong><\/td>\n<td>\n<p style=\"text-align: left;\"><span style=\"color: #000000;\"><span style=\"color: #808080;\"><strong><em>Mesa redonda #1:<\/em> <\/strong><\/span>Investigaci\u00f3n en\/con artes\/im\u00e1genes: creaciones y apropiaciones [ <a href=\"https:\/\/eu.bbcollab.com\/guest\/f4e8f89c959a45888515000b068c7d7a\" target=\"_blank\" rel=\"noopener\">acceso online<\/a> ]<br \/>\n<\/span><\/p>\n<ul>\n<li style=\"text-align: left;\"><span style=\"color: #000000;\"><strong>Jos\u00e9 Afonso Medeiros<\/strong> (Universidade Federal do Par\u00e1\/UFPA)<\/span><\/li>\n<li style=\"text-align: left;\"><span style=\"color: #000000;\"><strong>Leda Guimar\u00e3es<\/strong> (Universidade Federal de Goi\u00e1s\/UFG)<\/span><\/li>\n<li style=\"text-align: left;\"><span style=\"color: #000000;\"><strong>Ricard Ram\u00f3n <\/strong>(Universitat de Val\u00e8ncia\/UV)<\/span><\/li>\n<li style=\"text-align: left;\"><span style=\"color: #000000;\"><strong>Jos\u00e9 Mar\u00eda Mesias Lema<\/strong> (Universidade da Coru\u00f1a\/UdC)<\/span><\/li>\n<\/ul>\n<p style=\"text-align: left;\"><span style=\"color: #000000;\"><em>Moderaci\u00f3n en sal\u00f3n de actos: <\/em><strong>Margarida Dias<\/strong> (i2ADS\/FBAUP)<\/span><br \/>\n<span style=\"color: #000000;\"><em>Moderaci\u00f3n online:<\/em> <strong>Julia Ma\u00f1ero<\/strong> (Universidad de Sevilla\/US) y <strong>Sidiney Peterson<\/strong> (Instituto de Artes\/UNESP)<\/span><\/p>\n<\/td>\n<\/tr>\n<tr>\n<td><strong>20:00 h.<br \/>\n20:30 h.<br \/>\n<\/strong><\/td>\n<td><strong>19:00 h.<br \/>\n19:30 h.<\/strong><\/td>\n<td><strong>16:00 h.<br \/>\n16:30 h.<\/strong><\/td>\n<td style=\"text-align: left;\"><span style=\"color: #000000;\"><span style=\"color: #808080;\"><em>Entrega de los Premios <strong><span class=\"d2edcug0 hpfvmrgz qv66sw1b c1et5uql lr9zc1uh a8c37x1j keod5gw0 nxhoafnm aigsh9s9 d3f4x2em fe6kdd0r mau55g9w c8b282yb iv3no6db jq4qci2q a3bd9o3v b1v8xokw oo9gr5id hzawbc8m\" dir=\"auto\">ARTEspacios 2021.<\/span><\/strong><\/em><span class=\"d2edcug0 hpfvmrgz qv66sw1b c1et5uql lr9zc1uh a8c37x1j keod5gw0 nxhoafnm aigsh9s9 d3f4x2em fe6kdd0r mau55g9w c8b282yb iv3no6db jq4qci2q a3bd9o3v b1v8xokw oo9gr5id hzawbc8m\" dir=\"auto\"> [ <a href=\"https:\/\/eu.bbcollab.com\/guest\/f4e8f89c959a45888515000b068c7d7a\" target=\"_blank\" rel=\"noopener\">acceso online<\/a> ] <\/span><\/span><span class=\"d2edcug0 hpfvmrgz qv66sw1b c1et5uql lr9zc1uh a8c37x1j keod5gw0 nxhoafnm aigsh9s9 d3f4x2em fe6kdd0r mau55g9w c8b282yb iv3no6db jq4qci2q a3bd9o3v b1v8xokw oo9gr5id hzawbc8m\" dir=\"auto\">Organiza: <\/span><strong>\u00c1ngeles Saura <\/strong>(Universidad Aut\u00f3noma de Madrid\/UAM)<\/span><\/td>\n<\/tr>\n<\/tbody>\n<\/table>\n<h1><span style=\"color: #ff6600;\"><strong>2\/12\/2021<\/strong><\/span><\/h1>\n<table style=\"height: 333px;\" width=\"100%\">\n<tbody>\n<tr>\n<td bgcolor=\"#C70039\"><span style=\"color: #ffffff;\">HORARIO<br \/>\nESPA\u00d1A<\/span><\/td>\n<td bgcolor=\"#C70099\"><span style=\"color: #ffffff;\">CALENDARIO<br \/>\nPORTUGAL<\/span><\/td>\n<td bgcolor=\"#FF2200\"><span style=\"color: #ffffff;\">CALENDARIO<br \/>\nBRASIL<\/span><\/td>\n<td bgcolor=\"#FF6600\"><span style=\"color: #ffffff;\">EVENTO<\/span><\/td>\n<\/tr>\n<tr>\n<td><strong>12:00 h.<br \/>\n13:30 h. <\/strong><\/td>\n<td><strong>11:00 h.<br \/>\n12:30 h. <\/strong><\/td>\n<td><strong>08:00 h.<br \/>\n09:30 h. <\/strong><\/td>\n<td>\n<p style=\"text-align: left;\"><em><span style=\"color: #808080;\"><strong>Presentaciones y conversaci\u00f3n acerca de los libros. Ponentes:<\/strong><\/span><\/em> <span style=\"color: #808080;\">[ <a href=\"https:\/\/eu.bbcollab.com\/guest\/f4e8f89c959a45888515000b068c7d7a\" target=\"_blank\" rel=\"noopener\">acceso online<\/a><\/span><span style=\"color: #808080;\"> ]<\/span><em><span style=\"color: #808080;\"><strong><br \/>\n<\/strong><\/span><\/em><\/p>\n<ul style=\"text-align: left;\">\n<li><span style=\"color: #000000;\">\u00abLa imagen como experiencia\u00bb. <strong>Ricard Huerta<\/strong> (Universitat de Val\u00e8ncia\/UV)<\/span><\/li>\n<li><span style=\"color: #000000;\">\u00abO ensino art\u00edstico que temos e o que queremos: posturas, hist\u00f3rias e experi\u00eancias no Brasil e em Portugal\u00bb. <strong>Amanda Midori <\/strong>(i2ADS\/FBAUP) y <strong>Sidiney Peterson<\/strong> (Instituto de Artes\/UNESP) (Coords.)<\/span><\/li>\n<li><span style=\"color: #000000;\">\u00abLo que no se ve no existe. Artes, imagen y educaci\u00f3n para el desarrollo\u00bb. <strong>Carlos Esca\u00f1o<\/strong> (Coord.)<\/span><\/li>\n<\/ul>\n<\/td>\n<\/tr>\n<tr>\n<td><strong>13:30 h.<br \/>\n14:30 h.<\/strong><\/td>\n<td><strong>12:30 h.<br \/>\n13:30 h.<\/strong><\/td>\n<td><strong>09:30 h.<br \/>\n10:30 h.<\/strong><\/td>\n<td style=\"text-align: left;\"><span style=\"color: #000000;\"><em><span style=\"color: #808080;\"><strong>Rueda de conversaci\u00f3n #1: <\/strong><\/span><\/em>Comunicaciones: <a href=\"http:\/\/congreso.us.es\/ciaepsevilla2021\/ruedas-de-conversacion\/\">organizaci\u00f3n \/ acceso online \/ informaci\u00f3n sobre las ruedas de conversaci\u00f3n<\/a><br \/>\n<\/span><\/td>\n<\/tr>\n<tr>\n<td><strong>15:45 h.<br \/>\n17:30 h.<\/strong><\/td>\n<td><strong>14:45 h.<br \/>\n16:30 h.<\/strong><\/td>\n<td><strong>11:45 h.<br \/>\n13:30 h.<\/strong><\/td>\n<td>\n<p style=\"text-align: left;\"><span style=\"color: #808080;\"><em><strong>Mesa redonda #2: <\/strong><\/em><\/span><span style=\"color: #000000;\">Ense\u00f1anza en\/con artes\/im\u00e1genes: historias, pol\u00edticas y territorialidades [ <a href=\"https:\/\/eu.bbcollab.com\/guest\/f4e8f89c959a45888515000b068c7d7a\" target=\"_blank\" rel=\"noopener\">acceso online<\/a> ]<br \/>\n<\/span><\/p>\n<ul>\n<li style=\"text-align: left;\"><span style=\"color: #000000;\"><strong>Rejane Galv\u00e3o Coutinho<\/strong> (Instituto de Artes\/UNESP)<\/span><\/li>\n<li style=\"text-align: left;\"><span style=\"color: #000000;\"><strong>Amanda Midori <\/strong>(i2ADS\/FBAUP)<\/span><\/li>\n<li style=\"text-align: left;\"><span style=\"color: #000000;\"><strong>Amparo Alonso<\/strong> (Universisitat de Val\u00e8ncia\/UV)<\/span><\/li>\n<li style=\"text-align: left;\"><span style=\"color: #000000;\"><strong>Marian Fern\u00e1ndez L\u00f3pez-Cao<\/strong> (Universidad Complutense de Madrid\/UCM)<\/span><\/li>\n<\/ul>\n<p style=\"text-align: left;\"><span style=\"color: #000000;\"><em>Moderaci\u00f3n en sal\u00f3n de actos: <\/em><strong>Ana Maeso<\/strong> (Universidad de Almer\u00eda\/UAL)<\/span><br \/>\n<span style=\"color: #000000;\"><em>Moderaci\u00f3n online:<\/em> <strong>Cristina Hern\u00e1ndez<\/strong> (Universidad de Sevilla\/US) y <strong>Thiago Assis<\/strong> (i2ADS\/FBAUP)<\/span><\/p>\n<\/td>\n<\/tr>\n<tr>\n<td><strong>18:15 h.<br \/>\n19:30 h.<\/strong><\/td>\n<td><strong>17:15 h.<br \/>\n18:30 h.<\/strong><\/td>\n<td><strong>14:15 h.<br \/>\n15:30 h.<\/strong><\/td>\n<td style=\"text-align: left;\"><span style=\"color: #000000;\"><span style=\"color: #808080;\"><strong><em>Rueda de conversaci\u00f3n #2:<\/em> <\/strong><\/span>Comunicaciones:<\/span> <a href=\"http:\/\/congreso.us.es\/ciaepsevilla2021\/ruedas-de-conversacion\/\">organizaci\u00f3n \/ acceso online \/ informaci\u00f3n sobre las ruedas de conversaci\u00f3n<\/a><\/td>\n<\/tr>\n<tr>\n<td><strong>19:30 h.<br \/>\n21:00 h.<\/strong><\/td>\n<td><strong>18:30 h.<br \/>\n20:00 h.<\/strong><\/td>\n<td><strong>15:30 h.<br \/>\n17:00 h.<\/strong><\/td>\n<td style=\"text-align: left;\"><span style=\"color: #000000;\"><span style=\"color: #808080;\"><em><strong>Mesa redonda #3: <\/strong><\/em><\/span>La postdigitalidad y sus implicaciones para la docencia <\/span><span style=\"color: #000000;\">y la investigaci\u00f3n en \/ con las artes [ <a href=\"https:\/\/eu.bbcollab.com\/guest\/f4e8f89c959a45888515000b068c7d7a\" target=\"_blank\" rel=\"noopener\">acceso online<\/a> ]<br \/>\n<\/span><\/p>\n<ul>\n<li style=\"text-align: left;\"><span style=\"color: #000000;\"><strong>L\u00facia G. Pimentel <\/strong>(Universidade Federal de Minas Gerais\/UFMG)<\/span><\/li>\n<li style=\"text-align: left;\"><span style=\"color: #000000;\"><strong>Gabriela Augustowsky<\/strong> (Universidade Nacional de las Artes\/UNA)<\/span><\/li>\n<li style=\"text-align: left;\"><span style=\"color: #000000;\"><strong>Tiago Assis <\/strong>(i2ADS\/FBAUP)<\/span><\/li>\n<li><span style=\"color: #000000;\"><strong>Alejandra Pacheco Costa<\/strong> (Universidad de Sevilla\/US)<\/span><\/li>\n<\/ul>\n<p><span style=\"color: #000000;\"><em>Moderaci\u00f3n en sal\u00f3n de actos: <\/em><strong>Julia Ma\u00f1ero<\/strong> (Universidad de Sevilla\/US)<\/span><br \/>\n<span style=\"color: #000000;\"><em>Moderaci\u00f3n online:<\/em> <strong>Javier Dom\u00ednguez<\/strong> (Universidad de Sevilla\/US) y <strong>Margarida Dias<\/strong> (i2ADS\/FBAUP)<br \/>\n<\/span><\/td>\n<\/tr>\n<\/tbody>\n<\/table>\n<h1><span style=\"color: #ff6600;\"><strong>3\/12\/2021<\/strong><\/span><\/h1>\n<table style=\"height: 327px;\" width=\"100%\">\n<tbody>\n<tr>\n<td bgcolor=\"#C70039\"><span style=\"color: #ffffff;\">HORARIO<br \/>\nESPA\u00d1A<\/span><\/td>\n<td bgcolor=\"#C70099\"><span style=\"color: #ffffff;\">CALENDARIO<br \/>\nPORTUGAL<\/span><\/td>\n<td bgcolor=\"#FF2200\"><span style=\"color: #ffffff;\">CALENDARIO<br \/>\nBRASIL<\/span><\/td>\n<td bgcolor=\"#FF6600\"><span style=\"color: #ffffff;\">EVENTO<\/span><\/td>\n<\/tr>\n<tr>\n<td><strong>12:00 h.<br \/>\n13:30 h. <\/strong><\/td>\n<td><strong>11:00 h.<br \/>\n12:30 h. <\/strong><\/td>\n<td><strong>08:00 h.<br \/>\n09:30 h. <\/strong><\/td>\n<td style=\"text-align: left;\"><span style=\"color: #000000;\"><span style=\"color: #808080;\"><strong><em>Homenaje y reconocimiento generacional <\/em><\/strong><\/span>al <strong>Dr. Juan Carlos Ara\u00f1\u00f3 Gisbert<\/strong> (Univ. Sevilla)<br \/>\ny a compa\u00f1eros de \u00e1rea e investigaci\u00f3n [ <a href=\"https:\/\/eu.bbcollab.com\/guest\/f4e8f89c959a45888515000b068c7d7a\" target=\"_blank\" rel=\"noopener\">acceso online<\/a> ]<br \/>\n<\/span><\/td>\n<\/tr>\n<tr>\n<td><strong>13:30 h.<br \/>\n14:30 h.<\/strong><\/td>\n<td><strong>12:30 h.<br \/>\n13:30 h.<\/strong><\/td>\n<td><strong>09:30 h.<br \/>\n10:30 h.<\/strong><\/td>\n<td style=\"text-align: left;\"><span style=\"color: #000000;\"><span style=\"color: #808080;\"><strong><em>Rueda de conversaci\u00f3n #3:<\/em> <\/strong><\/span>Comunicaciones: <a href=\"http:\/\/congreso.us.es\/ciaepsevilla2021\/ruedas-de-conversacion\/\">organizaci\u00f3n \/ acceso online \/ informaci\u00f3n sobre las ruedas de conversaci\u00f3n<\/a><br \/>\n<\/span><\/td>\n<\/tr>\n<tr>\n<td><strong>15:45 h.<br \/>\n17:00 h.<\/strong><\/td>\n<td><strong>14:45 h.<br \/>\n16:00 h.<\/strong><\/td>\n<td><strong>11:45 h.<br \/>\n13:00 h.<\/strong><\/td>\n<td style=\"text-align: left;\"><span style=\"color: #000000;\"><em><strong><span style=\"color: #808080;\">Rueda de conversaci\u00f3n #4:<\/span> <\/strong><\/em>Comunicaciones:<\/span> <a href=\"http:\/\/congreso.us.es\/ciaepsevilla2021\/ruedas-de-conversacion\/\">organizaci\u00f3n \/ acceso online \/ informaci\u00f3n sobre las ruedas de conversaci\u00f3n<\/a><\/td>\n<\/tr>\n<tr>\n<td><strong>17:00 h.<br \/>\n18:30 h.<\/strong><\/td>\n<td><strong>16:00 h.<br \/>\n17:30 h.<\/strong><\/td>\n<td><strong>13:00 h.<br \/>\n14:30 h.<\/strong><\/td>\n<td>\n<p style=\"text-align: left;\"><span style=\"color: #000000;\"><span style=\"color: #808080;\"><strong><em>Mesa redonda #4:<\/em> <\/strong><\/span>El anticolonial y sus implicaciones para la docencia y la investigaci\u00f3n en \/ con las artes [ <a href=\"https:\/\/eu.bbcollab.com\/guest\/f4e8f89c959a45888515000b068c7d7a\" target=\"_blank\" rel=\"noopener\">acceso online<\/a> ]<br \/>\n<\/span><\/p>\n<ul>\n<li style=\"text-align: left;\"><span style=\"color: #000000;\"><strong>Jos\u00e9 Paiva<\/strong> (i2ADS\/FBAUP)<\/span><\/li>\n<li style=\"text-align: left;\"><span style=\"color: #000000;\"><strong>Rita Rainho<\/strong> (i2ADS\/FBAUP)<\/span><\/li>\n<li style=\"text-align: left;\"><span style=\"color: #000000;\"><strong>Vit\u00f3ria Amaral <\/strong>(Universidade Federal de Pernambuco\/UFPE)<\/span><\/li>\n<li style=\"text-align: left;\"><span style=\"color: #000000;\"><strong>Tiffany L\u00f3pez-Ganet<\/strong> (Universidade da Coru\u00f1a\/UdC)<\/span><\/li>\n<\/ul>\n<p style=\"text-align: left;\"><span style=\"color: #000000;\">Modera: <strong>Sidiney Peterson<\/strong> (Instituto de Artes\/UNESP)<br \/>\n<em>Moderaci\u00f3n online:<\/em> <strong>Elke Castro<\/strong> (Universidad de Sevilla\/US) y <strong>Amanda Midori<\/strong> (i2ADS\/FBAUP)<\/span><\/p>\n<\/td>\n<\/tr>\n<tr>\n<td><strong>18:30 h.<br \/>\n19:00 h.<\/strong><\/td>\n<td><strong>17:30 h.<br \/>\n18:00 h.<\/strong><\/td>\n<td><strong>14:30 h.<br \/>\n15:00 h.<\/strong><\/td>\n<td style=\"text-align: left;\"><span style=\"color: #808080;\"><em><strong>Conclusiones y clausura del congreso <\/strong><\/em>[ <a href=\"https:\/\/eu.bbcollab.com\/guest\/f4e8f89c959a45888515000b068c7d7a\" target=\"_blank\" rel=\"noopener\">acceso online<\/a> ]<em><br \/>\n<\/em><\/span><\/td>\n<\/tr>\n<\/tbody>\n<\/table>\n","protected":false},"excerpt":{"rendered":"<p>&nbsp; 1\/12\/2021 HORARIO ESPA\u00d1A CALENDARIO PORTUGAL CALENDARIO BRASIL EVENTO 12:00 h. 14:30 [&hellip;]<\/p>\n","protected":false},"author":1,"featured_media":0,"parent":0,"menu_order":0,"comment_status":"closed","ping_status":"closed","template":"page-templates\/page_fullwidth.php","meta":{"footnotes":""},"class_list":["post-12258","page","type-page","status-publish","hentry"],"_links":{"self":[{"href":"https:\/\/congreso.us.es\/ciaepsevilla2021\/wp-json\/wp\/v2\/pages\/12258","targetHints":{"allow":["GET"]}}],"collection":[{"href":"https:\/\/congreso.us.es\/ciaepsevilla2021\/wp-json\/wp\/v2\/pages"}],"about":[{"href":"https:\/\/congreso.us.es\/ciaepsevilla2021\/wp-json\/wp\/v2\/types\/page"}],"author":[{"embeddable":true,"href":"https:\/\/congreso.us.es\/ciaepsevilla2021\/wp-json\/wp\/v2\/users\/1"}],"replies":[{"embeddable":true,"href":"https:\/\/congreso.us.es\/ciaepsevilla2021\/wp-json\/wp\/v2\/comments?post=12258"}],"version-history":[{"count":17,"href":"https:\/\/congreso.us.es\/ciaepsevilla2021\/wp-json\/wp\/v2\/pages\/12258\/revisions"}],"predecessor-version":[{"id":13070,"href":"https:\/\/congreso.us.es\/ciaepsevilla2021\/wp-json\/wp\/v2\/pages\/12258\/revisions\/13070"}],"wp:attachment":[{"href":"https:\/\/congreso.us.es\/ciaepsevilla2021\/wp-json\/wp\/v2\/media?parent=12258"}],"curies":[{"name":"wp","href":"https:\/\/api.w.org\/{rel}","templated":true}]}}