{"id":12262,"date":"2021-10-03T10:11:27","date_gmt":"2021-10-03T10:11:27","guid":{"rendered":"http:\/\/congreso.us.es\/ciaepsevilla2021\/?page_id=12262"},"modified":"2021-10-26T09:26:51","modified_gmt":"2021-10-26T09:26:51","slug":"organizacion","status":"publish","type":"page","link":"https:\/\/congreso.us.es\/ciaepsevilla2021\/organizacion\/","title":{"rendered":"ORGANIZACI\u00d3N"},"content":{"rendered":"\r\n<p style=\"padding-left: 40px;\"><span style=\"color: #993366;\"><strong>GRUPOS DE INVESTIGACI\u00d3N ORGANIZADORES<\/strong><\/span><\/p>\r\n\r\n\r\n\r\n<figure class=\"wp-block-image size-full is-resized\" style=\"padding-left: 40px;\"><img loading=\"lazy\" decoding=\"async\" class=\"wp-image-12328\" src=\"http:\/\/congreso.us.es\/ciaepsevilla2021\/wp-content\/uploads\/2021\/10\/logo_ecav.jpg\" alt=\"\" width=\"243\" height=\"79\" srcset=\"https:\/\/congreso.us.es\/ciaepsevilla2021\/wp-content\/uploads\/2021\/10\/logo_ecav.jpg 341w, https:\/\/congreso.us.es\/ciaepsevilla2021\/wp-content\/uploads\/2021\/10\/logo_ecav-230x75.jpg 230w\" sizes=\"auto, (max-width: 243px) 100vw, 243px\" \/><\/figure>\r\n\r\n\r\n\r\n<p style=\"padding-left: 40px;\"><strong>ECAV &#8211; Grupo de Investigaci\u00f3n Educaci\u00f3n y Cultura Audiovisual<\/strong><\/p>\r\n\r\n\r\n\r\n<p style=\"padding-left: 40px;\">\u00abEducaci\u00f3n y Cultura Audiovisual &#8211; ECAV\u00bb (HUM 401) es un grupo de investigaci\u00f3n vinculado a la Universidad de Sevilla, interesado en la investigaci\u00f3n educativo-art\u00edstica desde una perspectiva hol\u00edstica. Su campo de acci\u00f3n es interdisciplinar y transversal: desde la educaci\u00f3n en relaci\u00f3n con el arte contempor\u00e1neo, cambio social y las tecnolog\u00edas digitales, hasta la musicolog\u00eda, la tecnolog\u00eda musical y la investigaci\u00f3n del patrimonio art\u00edstico visual, sonoro y musical. | <a href=\"http:\/\/grupos.us.es\/ecav\" target=\"_blank\" rel=\"noreferrer noopener\">http:\/\/grupos.us.es\/ecav<\/a><\/p>\r\n\r\n\r\n\r\n<p style=\"padding-left: 40px;\">\u00a0<\/p>\r\n\r\n\r\n\r\n<figure class=\"wp-block-image size-full is-resized\" style=\"padding-left: 40px;\"><img loading=\"lazy\" decoding=\"async\" class=\"wp-image-12329\" src=\"http:\/\/congreso.us.es\/ciaepsevilla2021\/wp-content\/uploads\/2021\/10\/GEPABOF.jpg\" alt=\"\" width=\"118\" height=\"114\" \/><\/figure>\r\n\r\n\r\n\r\n<p style=\"padding-left: 40px;\"><strong>GEPABOF &#8211; Grupo de Estudos e Pesquisas em Arte\/Educa\u00e7\u00e3o Borrando Fronteiras<\/strong><\/p>\r\n\r\n\r\n\r\n<p style=\"padding-left: 40px;\">El \u00abGrupo de Estudos e Pesquisas em Arte\/Educa\u00e7\u00e3o Borrando Fronteiras &#8211; GEPABOF\u00bb realiza, desde 2017, estudios e investigaciones hist\u00f3ricas, te\u00f3ricas, cr\u00edticas y metodol\u00f3gicas sobre los procesos de ense\u00f1anza\/aprendizaje de las Artes Visuales en Brasil y, preferentemente, en di\u00e1logo con otras territorialidades de habla portuguesa e hispana de Am\u00e9rica, \u00c1frica y Europa.<\/p>\r\n\r\n\r\n\r\n<p style=\"padding-left: 40px;\">\u00a0<\/p>\r\n\r\n\r\n\r\n<figure class=\"wp-block-image size-full\" style=\"padding-left: 40px;\"><img loading=\"lazy\" decoding=\"async\" width=\"148\" height=\"86\" class=\"wp-image-12334\" src=\"http:\/\/congreso.us.es\/ciaepsevilla2021\/wp-content\/uploads\/2021\/10\/IADS.jpg\" alt=\"\" \/><\/figure>\r\n\r\n\r\n\r\n<p style=\"padding-left: 40px;\"><strong>i2ADS &#8211; Instituto de Investigaci\u00f3n en Arte, Dise\u00f1o y Sociedad<\/strong><\/p>\r\n\r\n\r\n\r\n<p style=\"padding-left: 40px;\">\u00abi2ADS &#8211; Instituto de Investigaci\u00f3n en Arte, Dise\u00f1o y Sociedad\u00bb se cre\u00f3 en 2011. Es una unidad de investigaci\u00f3n con sede en la Facultad de Bellas Artes de la Universidad de Oporto (FBAUP), teniendo como entidad asociada la Escuela Superior de M\u00fasica y Artes Esc\u00e9nicas (ESMAE-PP). i2ADS desarrolla sus actividades en el \u00e1mbito de las Artes y el Dise\u00f1o, el Desarrollo Art\u00edstico y Musical. | <a href=\"https:\/\/i2ads.up.pt\/\" target=\"_blank\" rel=\"noreferrer noopener\">https:\/\/i2ads.up.pt\/\u00a0<\/a><\/p>\r\n<p style=\"padding-left: 40px;\">La participaci\u00f3n de i2ADS en este congreso est\u00e1 financiada con fondos nacionales a trav\u00e9s de la agencia de financiaci\u00f3n portuguesa FCT &#8211; Funda\u00e7\u00e3o para a Ci\u00eancia e a Tecnologia, dentro del proyecto UIDP\/04395\/2020.<\/p>\r\n<p style=\"padding-left: 40px;\"><img loading=\"lazy\" decoding=\"async\" class=\"alignnone  wp-image-12641\" src=\"http:\/\/congreso.us.es\/ciaepsevilla2021\/wp-content\/uploads\/2021\/10\/fct-300x146.jpg\" alt=\"\" width=\"136\" height=\"66\" \/><\/p>\r\n<p>&nbsp;<\/p>\r\n\r\n\r\n","protected":false},"excerpt":{"rendered":"<p>GRUPOS DE INVESTIGACI\u00d3N ORGANIZADORES ECAV &#8211; Grupo de Investigaci\u00f3n Educaci\u00f3n y Cultura [&hellip;]<\/p>\n","protected":false},"author":1,"featured_media":0,"parent":0,"menu_order":0,"comment_status":"closed","ping_status":"closed","template":"page-templates\/page_fullwidth.php","meta":{"footnotes":""},"class_list":["post-12262","page","type-page","status-publish","hentry"],"_links":{"self":[{"href":"https:\/\/congreso.us.es\/ciaepsevilla2021\/wp-json\/wp\/v2\/pages\/12262","targetHints":{"allow":["GET"]}}],"collection":[{"href":"https:\/\/congreso.us.es\/ciaepsevilla2021\/wp-json\/wp\/v2\/pages"}],"about":[{"href":"https:\/\/congreso.us.es\/ciaepsevilla2021\/wp-json\/wp\/v2\/types\/page"}],"author":[{"embeddable":true,"href":"https:\/\/congreso.us.es\/ciaepsevilla2021\/wp-json\/wp\/v2\/users\/1"}],"replies":[{"embeddable":true,"href":"https:\/\/congreso.us.es\/ciaepsevilla2021\/wp-json\/wp\/v2\/comments?post=12262"}],"version-history":[{"count":0,"href":"https:\/\/congreso.us.es\/ciaepsevilla2021\/wp-json\/wp\/v2\/pages\/12262\/revisions"}],"wp:attachment":[{"href":"https:\/\/congreso.us.es\/ciaepsevilla2021\/wp-json\/wp\/v2\/media?parent=12262"}],"curies":[{"name":"wp","href":"https:\/\/api.w.org\/{rel}","templated":true}]}}