{"id":12266,"date":"2021-10-03T10:12:14","date_gmt":"2021-10-03T10:12:14","guid":{"rendered":"http:\/\/congreso.us.es\/ciaepsevilla2021\/?page_id=12266"},"modified":"2022-01-13T12:26:18","modified_gmt":"2022-01-13T12:26:18","slug":"informacion","status":"publish","type":"page","link":"https:\/\/congreso.us.es\/ciaepsevilla2021\/informacion\/","title":{"rendered":"INFORMACI\u00d3N B\u00c1SICA"},"content":{"rendered":"<h4 class=\"has-text-align-center has-black-color has-text-color\" style=\"text-align: left; padding-left: 40px;\">CONGRESO INTERNACIONAL DE ARTES, EDUCACI\u00d3N Y POSTDIGITALIDAD &#8211; CIAEP2021<br \/>Las im\u00e1genes en la ense\u00f1anza e investigaci\u00f3n desde la era (post)COVID-19<\/h4>\r\n<p style=\"padding-left: 40px;\"><img loading=\"lazy\" decoding=\"async\" class=\"alignnone wp-image-12643 size-full\" src=\"http:\/\/congreso.us.es\/ciaepsevilla2021\/wp-content\/uploads\/2021\/10\/LOGOS-CIAEP2021.jpg\" alt=\"\" width=\"500\" height=\"140\" srcset=\"https:\/\/congreso.us.es\/ciaepsevilla2021\/wp-content\/uploads\/2021\/10\/LOGOS-CIAEP2021.jpg 500w, https:\/\/congreso.us.es\/ciaepsevilla2021\/wp-content\/uploads\/2021\/10\/LOGOS-CIAEP2021-230x64.jpg 230w, https:\/\/congreso.us.es\/ciaepsevilla2021\/wp-content\/uploads\/2021\/10\/LOGOS-CIAEP2021-350x98.jpg 350w, https:\/\/congreso.us.es\/ciaepsevilla2021\/wp-content\/uploads\/2021\/10\/LOGOS-CIAEP2021-480x134.jpg 480w\" sizes=\"auto, (max-width: 500px) 100vw, 500px\" \/><\/p>\r\n<p style=\"padding-left: 40px;\"><span style=\"color: #ff6600;\"><strong>PROPUESTA<\/strong><\/span><\/p>\r\n<p style=\"text-align: left; padding-left: 40px;\"><!-- \/wp:post-content -->\r\n\r\n<!-- wp:paragraph {\"align\":\"center\",\"textColor\":\"black\"} --><\/p>\r\n<p style=\"text-align: left; padding-left: 40px;\"><!-- \/wp:paragraph -->\r\n\r\n<!-- wp:paragraph {\"align\":\"center\",\"textColor\":\"black\"} --><\/p>\r\n<p style=\"padding-left: 40px;\">Congreso internacional organizado por la <a href=\"https:\/\/www.us.es\/\">Universidad de Sevilla <\/a>(Grupo de investigaci\u00f3n Educaci\u00f3n y Cultura Audiovisual &#8211; ECAV) , <a href=\"https:\/\/www2.unesp.br\/\">Universidad Estadual Paulista<\/a> de Brasil (Grupo de Estudios e Pesquisas en Arte\/Educa\u00c7ao Borrando Fronteiras &#8211; GEPABOF) y la <a href=\"https:\/\/sigarra.up.pt\/up\/pt\/web_base.gera_pagina?p_pagina=home\">Universidade do Porto<\/a> de Portugal (Grupo do I2ADS).<\/p>\r\n<p style=\"padding-left: 40px;\">El congreso cuenta con la colaboraci\u00f3n econ\u00f3mica del <a href=\"https:\/\/investigacion.us.es\/\">Vicerrectorado de Investigaci\u00f3n de la Universidad de Sevilla<\/a> (ayudas para organizar congresos y reuniones cient\u00edficas con proyecci\u00f3n internacional) y ayudas para grupos de investigaci\u00f3n PAIDI (2021).<\/p>\r\n<p style=\"padding-left: 40px;\">CIAEP2021 surge con la intenci\u00f3n de analizar y reflexionar sobre la actualidad educativa art\u00edstica desde la complejidad social de la era Covid-19. Se articula a trav\u00e9s de l\u00edneas de reflexi\u00f3n y di\u00e1logo, cuatro ejes tem\u00e1ticos que se interrelacionan:<\/p>\r\n<ul>\r\n<li style=\"list-style-type: none;\">\r\n<ul>\r\n<li style=\"list-style-type: none;\">\r\n<ul>\r\n<li>Ense\u00f1anza en\/con artes\/im\u00e1genes: historias, pol\u00edticas y territorialidades.<\/li>\r\n<li>Investigaci\u00f3n en\/con artes\/im\u00e1genes: creaciones y apropiaciones.<\/li>\r\n<li>La postdigitalidad y sus implicaciones para la docencia y la investigaci\u00f3n en\/con las artes.<\/li>\r\n<li>El anticolonial y sus implicaciones para la docencia y la investigaci\u00f3n en\/con las artes.<\/li>\r\n<\/ul>\r\n<\/li>\r\n<\/ul>\r\n<\/li>\r\n<\/ul>\r\n<p style=\"padding-left: 40px;\">La organizaci\u00f3n de este congreso reforzar\u00e1 lazos acad\u00e9micos, espacios y tiempos interuniversitarios entre los agentes implicados, sus instituciones y todos los interesados en la potenciaci\u00f3n de la educaci\u00f3n art\u00edstica.<\/p>\r\n<p style=\"padding-left: 40px;\">Los idiomas utilizados en el congreso ser\u00e1n Espa\u00f1ol y Portugu\u00e9s de manera indistinta y alternativa, procurando as\u00ed un acercamiento entre lenguas hermanas.\u00a0<\/p>\r\n<p>&nbsp;<\/p>\r\n<p class=\"has-text-align-center has-black-color has-text-color\" style=\"text-align: left; padding-left: 40px;\"><strong><span style=\"color: #ff6600;\">FORMAS DE PARTICIPACI\u00d3N<\/span><br \/><\/strong><\/p>\r\n<p style=\"padding-left: 40px;\">Ser\u00e1 un evento presencial y online:<\/p>\r\n<ul>\r\n<li style=\"list-style-type: none;\">\r\n<ul>\r\n<li>La asistencia online mantiene un aforo ilimitado. El link de acceso online ser\u00e1 publicado previamente en el apartado de programa de esta web.<\/li>\r\n<li>La asistencia presencial est\u00e1 sujeto al aforo del sal\u00f3n de actos de la Facultad de Ciencias de la Educaci\u00f3n de la Universidad de Sevilla.\r\n<ul>\r\n<li>La acreditaci\u00f3n de haber participado como asisetente en el congreso se expedir\u00e1 a todas aquellas personas que asistan a un 75% de las actividades de CIAEP2021.<\/li>\r\n<\/ul>\r\n<\/li>\r\n<\/ul>\r\n<\/li>\r\n<\/ul>\r\n<p>&nbsp;<\/p>\r\n<p style=\"padding-left: 40px;\"><span style=\"color: #ff6600;\"><strong>CONTACTO<\/strong><\/span><\/p>\r\n<p style=\"padding-left: 80px;\"><a href=\"mailto:CIAEP2021@gmail.com\">CIAEP2021@gmail.com<\/a><\/p>\r\n<p style=\"padding-left: 40px;\"><!-- \/wp:paragraph -->\r\n\r\n<!-- wp:paragraph {\"align\":\"center\",\"textColor\":\"vivid-red\"} --><\/p>\r\n<p>&nbsp;<\/p>\r\n<p style=\"padding-left: 40px;\"><span style=\"color: #ff6600;\"><strong>FECHA<\/strong><\/span><\/p>\r\n<p style=\"padding-left: 40px;\">Del 1 al 3 de diciembre de 2021.<\/p>\r\n<p>&nbsp;<\/p>\r\n<p style=\"padding-left: 40px;\"><span style=\"color: #ff6600;\"><strong>LUGAR<\/strong><\/span><\/p>\r\n<p style=\"padding-left: 40px;\">Facultad de Ciencias de la Educaci\u00f3n de la Universidad de Sevilla &#8211; c\/Pirotecnia, s\/n. 41013. Sevilla. Espa\u00f1a.<\/p>\r\n<p style=\"padding-left: 40px;\"><iframe loading=\"lazy\" style=\"border: 0;\" src=\"https:\/\/www.google.com\/maps\/embed?pb=!1m18!1m12!1m3!1d3170.565007131076!2d-5.979326084693787!3d37.37646837983391!2m3!1f0!2f0!3f0!3m2!1i1024!2i768!4f13.1!3m3!1m2!1s0xd126e9434f68549%3A0x2fee469803f98f44!2sFacultad%20de%20Ciencias%20de%20la%20Educaci%C3%B3n!5e0!3m2!1ses!2ses!4v1633274007379!5m2!1ses!2ses\" width=\"100%\" height=\"450\" allowfullscreen=\"allowfullscreen\"><\/iframe><\/p>\r\n<p>&nbsp;<\/p>\r\n<p><!-- \/wp:paragraph -->\r\n\r\n<!-- wp:paragraph {\"align\":\"center\",\"textColor\":\"black\"} --><\/p>\r\n<p><!-- \/wp:paragraph -->\r\n\r\n<!-- wp:image {\"align\":\"center\",\"id\":12291,\"sizeSlug\":\"full\",\"linkDestination\":\"none\"} --><\/p>\r\n<!-- \/wp:image -->","protected":false},"excerpt":{"rendered":"<p>CONGRESO INTERNACIONAL DE ARTES, EDUCACI\u00d3N Y POSTDIGITALIDAD &#8211; CIAEP2021Las im\u00e1genes en la [&hellip;]<\/p>\n","protected":false},"author":1,"featured_media":0,"parent":0,"menu_order":0,"comment_status":"closed","ping_status":"closed","template":"page-templates\/page_fullwidth.php","meta":{"footnotes":""},"class_list":["post-12266","page","type-page","status-publish","hentry"],"_links":{"self":[{"href":"https:\/\/congreso.us.es\/ciaepsevilla2021\/wp-json\/wp\/v2\/pages\/12266","targetHints":{"allow":["GET"]}}],"collection":[{"href":"https:\/\/congreso.us.es\/ciaepsevilla2021\/wp-json\/wp\/v2\/pages"}],"about":[{"href":"https:\/\/congreso.us.es\/ciaepsevilla2021\/wp-json\/wp\/v2\/types\/page"}],"author":[{"embeddable":true,"href":"https:\/\/congreso.us.es\/ciaepsevilla2021\/wp-json\/wp\/v2\/users\/1"}],"replies":[{"embeddable":true,"href":"https:\/\/congreso.us.es\/ciaepsevilla2021\/wp-json\/wp\/v2\/comments?post=12266"}],"version-history":[{"count":9,"href":"https:\/\/congreso.us.es\/ciaepsevilla2021\/wp-json\/wp\/v2\/pages\/12266\/revisions"}],"predecessor-version":[{"id":13068,"href":"https:\/\/congreso.us.es\/ciaepsevilla2021\/wp-json\/wp\/v2\/pages\/12266\/revisions\/13068"}],"wp:attachment":[{"href":"https:\/\/congreso.us.es\/ciaepsevilla2021\/wp-json\/wp\/v2\/media?parent=12266"}],"curies":[{"name":"wp","href":"https:\/\/api.w.org\/{rel}","templated":true}]}}