{"id":13004,"date":"2021-11-26T11:08:23","date_gmt":"2021-11-26T11:08:23","guid":{"rendered":"http:\/\/congreso.us.es\/ciaepsevilla2021\/?page_id=13004"},"modified":"2021-11-26T11:13:55","modified_gmt":"2021-11-26T11:13:55","slug":"mapa-interactivo","status":"publish","type":"page","link":"https:\/\/congreso.us.es\/ciaepsevilla2021\/mapa-interactivo\/","title":{"rendered":"MAPA INTERACTIVO"},"content":{"rendered":"<p><span style=\"color: #800080;\"><strong>MAPA DE OCIO Y RECOMENDACIONES DE SEVILLA<\/strong><\/span><\/p>\n<p>Recomendaciones sobre d\u00f3nde comer, qu\u00e9 visitar, transportes en Sevilla y tambi\u00e9n de establecimientos cerca de la Facultad de Ciencias de la Educaci\u00f3n.<\/p>\n<p><iframe loading=\"lazy\" style=\"border: 0;\" src=\"https:\/\/www.google.com\/maps\/d\/embed?mid=1owQAULRQyvRFUyf6QEUM_YH-CRoiC98m\" width=\"100%\" height=\"450\" allowfullscreen=\"allowfullscreen\"><\/iframe><\/p>\n","protected":false},"excerpt":{"rendered":"<p>MAPA DE OCIO Y RECOMENDACIONES DE SEVILLA Recomendaciones sobre d\u00f3nde comer, qu\u00e9 [&hellip;]<\/p>\n","protected":false},"author":1,"featured_media":0,"parent":0,"menu_order":0,"comment_status":"closed","ping_status":"closed","template":"page-templates\/page_fullwidth.php","meta":{"footnotes":""},"class_list":["post-13004","page","type-page","status-publish","hentry"],"_links":{"self":[{"href":"https:\/\/congreso.us.es\/ciaepsevilla2021\/wp-json\/wp\/v2\/pages\/13004","targetHints":{"allow":["GET"]}}],"collection":[{"href":"https:\/\/congreso.us.es\/ciaepsevilla2021\/wp-json\/wp\/v2\/pages"}],"about":[{"href":"https:\/\/congreso.us.es\/ciaepsevilla2021\/wp-json\/wp\/v2\/types\/page"}],"author":[{"embeddable":true,"href":"https:\/\/congreso.us.es\/ciaepsevilla2021\/wp-json\/wp\/v2\/users\/1"}],"replies":[{"embeddable":true,"href":"https:\/\/congreso.us.es\/ciaepsevilla2021\/wp-json\/wp\/v2\/comments?post=13004"}],"version-history":[{"count":5,"href":"https:\/\/congreso.us.es\/ciaepsevilla2021\/wp-json\/wp\/v2\/pages\/13004\/revisions"}],"predecessor-version":[{"id":13012,"href":"https:\/\/congreso.us.es\/ciaepsevilla2021\/wp-json\/wp\/v2\/pages\/13004\/revisions\/13012"}],"wp:attachment":[{"href":"https:\/\/congreso.us.es\/ciaepsevilla2021\/wp-json\/wp\/v2\/media?parent=13004"}],"curies":[{"name":"wp","href":"https:\/\/api.w.org\/{rel}","templated":true}]}}