{"id":217,"date":"2020-03-03T14:15:40","date_gmt":"2020-03-03T13:15:40","guid":{"rendered":"http:\/\/congreso.us.es\/convie\/?page_id=217"},"modified":"2022-03-11T14:49:57","modified_gmt":"2022-03-11T13:49:57","slug":"creditos","status":"publish","type":"page","link":"https:\/\/congreso.us.es\/convie\/creditos\/","title":{"rendered":"Cr\u00e9ditos para estudiantes"},"content":{"rendered":"\n<div class=\"wp-block-media-text is-stacked-on-mobile is-vertically-aligned-top\" style=\"grid-template-columns:30% auto\"><figure class=\"wp-block-media-text__media\"><a href=\"https:\/\/congreso.us.es\/convie\/wp-content\/uploads\/2022\/03\/22_anuncio-alumnos.pdf\" target=\"_blank\" rel=\"noopener\"><img loading=\"lazy\" decoding=\"async\" width=\"791\" height=\"1024\" src=\"https:\/\/congreso.us.es\/convie\/wp-content\/uploads\/2022\/03\/22_anuncio-alumnos-2-791x1024.jpg\" alt=\"\" class=\"wp-image-354 size-medium\" srcset=\"https:\/\/congreso.us.es\/convie\/wp-content\/uploads\/2022\/03\/22_anuncio-alumnos-2-791x1024.jpg 791w, https:\/\/congreso.us.es\/convie\/wp-content\/uploads\/2022\/03\/22_anuncio-alumnos-2-232x300.jpg 232w, https:\/\/congreso.us.es\/convie\/wp-content\/uploads\/2022\/03\/22_anuncio-alumnos-2-768x994.jpg 768w, https:\/\/congreso.us.es\/convie\/wp-content\/uploads\/2022\/03\/22_anuncio-alumnos-2-1187x1536.jpg 1187w, https:\/\/congreso.us.es\/convie\/wp-content\/uploads\/2022\/03\/22_anuncio-alumnos-2.jpg 1275w\" sizes=\"(max-width: 791px) 100vw, 791px\" \/><\/a><\/figure><div class=\"wp-block-media-text__content\">\n<p>La actividad <em>PARTICIPACI\u00d3N Y COLABORACI\u00d3N EN TAREAS DE ORGANIZACI\u00d3N EN EL CONGRESO &#8220;GEOMETRY, ANALYSIS &amp; CONVEXITY&#8221; <\/em>ha sido autorizada por el Vicerrectorado de Ordenaci\u00f3n Acad\u00e9mica de la Universidad de Sevilla para su reconocimiento acad\u00e9mico a estudiantes de los distintos grados de Matem\u00e1ticas (GM, DGMF, DGIM, DGME). Con un total de 50 horas, durante el periodo 13 &#8211; 24 junio 2022, la actividad ser\u00e1 reconocida con <strong>2 cr\u00e9ditos ECTS<\/strong>. El n\u00famero de plazas disponibles est\u00e1 limitado a 10 estudiantes. <\/p>\n\n\n\n<p>La actividad consiste en participar en los preparativos y la organizaci\u00f3n, y asistir a ponencias y las sesiones de p\u00f3sters del congreso, que tiene como objetivo la exposici\u00f3n de temas actuales en convexidad, para iniciar a estudiantes en investigaci\u00f3n matem\u00e1tica. <\/p>\n\n\n\n<p> Aquellos estudiantes interesados en participar, deben escribir a <a href=\"mailto:convie@us.es\">convie@us.es<\/a> con sus datos. <\/p>\n<\/div><\/div>\n\n\n\n<p><\/p>\n","protected":false},"excerpt":{"rendered":"<p>La actividad PARTICIPACI\u00d3N Y COLABORACI\u00d3N EN TAREAS DE ORGANIZACI\u00d3N EN EL CONGRESO &#8220;GEOMETRY, ANALYSIS &amp; CONVEXITY&#8221; ha sido autorizada por el Vicerrectorado de Ordenaci\u00f3n Acad\u00e9mica de la Universidad de Sevilla para su reconocimiento acad\u00e9mico a estudiantes de los distintos grados <a href=\"https:\/\/congreso.us.es\/convie\/creditos\/\"> Read more&#8230;<\/a><\/p>\n","protected":false},"author":1,"featured_media":0,"parent":0,"menu_order":0,"comment_status":"closed","ping_status":"closed","template":"","meta":{"footnotes":""},"class_list":["post-217","page","type-page","status-publish","hentry"],"_links":{"self":[{"href":"https:\/\/congreso.us.es\/convie\/wp-json\/wp\/v2\/pages\/217"}],"collection":[{"href":"https:\/\/congreso.us.es\/convie\/wp-json\/wp\/v2\/pages"}],"about":[{"href":"https:\/\/congreso.us.es\/convie\/wp-json\/wp\/v2\/types\/page"}],"author":[{"embeddable":true,"href":"https:\/\/congreso.us.es\/convie\/wp-json\/wp\/v2\/users\/1"}],"replies":[{"embeddable":true,"href":"https:\/\/congreso.us.es\/convie\/wp-json\/wp\/v2\/comments?post=217"}],"version-history":[{"count":31,"href":"https:\/\/congreso.us.es\/convie\/wp-json\/wp\/v2\/pages\/217\/revisions"}],"predecessor-version":[{"id":358,"href":"https:\/\/congreso.us.es\/convie\/wp-json\/wp\/v2\/pages\/217\/revisions\/358"}],"wp:attachment":[{"href":"https:\/\/congreso.us.es\/convie\/wp-json\/wp\/v2\/media?parent=217"}],"curies":[{"name":"wp","href":"https:\/\/api.w.org\/{rel}","templated":true}]}}