{"id":10,"date":"2019-08-13T10:19:13","date_gmt":"2019-08-13T10:19:13","guid":{"rendered":"http:\/\/congreso.us.es\/graseqa2020\/?page_id=10"},"modified":"2022-09-27T11:51:06","modified_gmt":"2022-09-27T11:51:06","slug":"programa","status":"publish","type":"page","link":"https:\/\/congreso.us.es\/graseqa2022\/programa\/","title":{"rendered":"Programa definitivo"},"content":{"rendered":"\n<h2>JUEVES, 6 DE OCTUBRE DE 2022<\/h2>\n\n\n\n<figure class=\"wp-block-table is-style-stripes programa_jueves\"><table><tbody><tr><td>8:30<\/td><td class=\"has-text-align-left\" data-align=\"left\"><strong>Registro y recogida de documentaci\u00f3n<br>Colocaci\u00f3n de posters<\/strong><\/td><\/tr><tr><td>9:30<\/td><td class=\"has-text-align-left\" data-align=\"left\"><strong>Inauguraci\u00f3n de la Reuni\u00f3n<\/strong><\/td><\/tr><tr><td>10:00<\/td><td class=\"has-text-align-left\" data-align=\"left\"><strong>Conferencia invitada inaugural<\/strong><br>Mira Petrovi\u0107, Profesora de Investigaci\u00f3n del Instituto Catal\u00e1n de Investigaci\u00f3n del Agua<br>An\u00e1lisis de microcontaminantes org\u00e1nicos en muestras ambientales. <br>Aprovechando  los \u00faltimos avances en LC-HRMS<\/td><\/tr><tr><td>10:45<\/td><td class=\"has-text-align-left\" data-align=\"left\"><strong>Sesi\u00f3n de posters. Caf\u00e9<\/strong><\/td><\/tr><tr><td>11:15<\/td><td class=\"has-text-align-left\" data-align=\"left\"><strong>Comunicaciones orales O-01 \u2013 O-10<\/strong><\/td><\/tr><tr><td>12:30<\/td><td class=\"has-text-align-left\" data-align=\"left\"><strong><strong>Comunicaciones orales O-11 \u2013 O-20<\/strong><\/strong><\/td><\/tr><tr><td>13:45<\/td><td class=\"has-text-align-left\" data-align=\"left\"><strong>Almuerzo de trabajo<\/strong><\/td><\/tr><tr><td>15:45<\/td><td class=\"has-text-align-left\" data-align=\"left\"><strong><strong>Sesi\u00f3n de posters. Caf\u00e9<\/strong><\/strong><\/td><\/tr><tr><td>16:15<\/td><td class=\"has-text-align-left\" data-align=\"left\"><strong><strong>Sesi\u00f3n homenaje al Prof. Miguel Valc\u00e1rcel Cases.&nbsp;<\/strong><\/strong><br><strong><strong>Conferencia invitada<\/strong><\/strong><br>Agust\u00edn Garc\u00eda Asuero, Profesor Em\u00e9rito del Departamento de Qu\u00edmica Anal\u00edtica de la Universidad de Sevilla<br>La dimensi\u00f3n humana y cient\u00edfica del Profesor Miguel Valc\u00e1rcel: la Qu\u00edmica Anal\u00edtica como vivencia y reto<\/td><\/tr><tr><td>17:00<\/td><td class=\"has-text-align-left\" data-align=\"left\"><strong>Comunicaciones orales O-21 \u2013 O-30<\/strong> <\/td><\/tr><tr><td>18:15<\/td><td class=\"has-text-align-left\" data-align=\"left\"><strong>Fin de la Jornada<\/strong><\/td><\/tr><tr><td>21:00<\/td><td class=\"has-text-align-left\" data-align=\"left\"><strong>Recorrido hist\u00f3rico hacia el lugar de celebraci\u00f3n de la Cena<\/strong><\/td><\/tr><tr><td>22:00<\/td><td class=\"has-text-align-left\" data-align=\"left\"><strong>Cena GRASEQA 2022<\/strong><\/td><\/tr><\/tbody><\/table><\/figure>\n\n\n\n<div style=\"height:50px\" aria-hidden=\"true\" class=\"wp-block-spacer\"><\/div>\n\n\n\n<h2>VIERNES, 7 DE OCTUBRE DE 2022<\/h2>\n\n\n\n<figure class=\"wp-block-table is-style-stripes programa_viernes\"><table><tbody><tr><td>9:00<\/td><td><strong>Comunicaciones orales O-31 \u2013 O-40<\/strong><\/td><\/tr><tr><td>10:15<\/td><td><strong>Conferencia invitada<\/strong><br>Pilar Bermejo Barrera, Catedr\u00e1tica del Departamento de Qu\u00edmica Anal\u00edtica, Nutrici\u00f3n y Bromatolog\u00eda de la Universidad de Santiago de Compostela<br>Presencia de nanopart\u00edculas met\u00e1licas en el medioambiente<\/td><\/tr><tr><td>11:00<\/td><td><strong><strong>Sesi\u00f3n posters. Caf\u00e9<\/strong><\/strong><\/td><\/tr><tr><td>11:30<\/td><td><strong>Comunicaciones orales O-41 \u2013 O-50<\/strong><\/td><\/tr><tr><td>12:45<\/td><td><strong>Asamblea General del GRASEQA<\/strong><\/td><\/tr><tr><td>13:45<\/td><td><strong>Clausura de la Reuni\u00f3n y c\u00f3ctel de despedida<\/strong><\/td><\/tr><\/tbody><\/table><\/figure>\n","protected":false},"excerpt":{"rendered":"<p>JUEVES, 6 DE OCTUBRE DE 2022 8:30 Registro y recogida de documentaci\u00f3nColocaci\u00f3n de posters 9:30 Inauguraci\u00f3n de la Reuni\u00f3n 10:00 Conferencia invitada inauguralMira Petrovi\u0107, Profesora de Investigaci\u00f3n del Instituto Catal\u00e1n de Investigaci\u00f3n del AguaAn\u00e1lisis de microcontaminantes org\u00e1nicos en muestras ambientales. Aprovechando los \u00faltimos avances en LC-HRMS 10:45 Sesi\u00f3n de posters. Caf\u00e9 11:15 Comunicaciones orales O-01 &#8230; <a title=\"Programa definitivo\" class=\"read-more\" href=\"https:\/\/congreso.us.es\/graseqa2022\/programa\/\" aria-label=\"M\u00e1s en Programa definitivo\">Leer m\u00e1s<\/a><\/p>\n","protected":false},"author":1,"featured_media":0,"parent":0,"menu_order":0,"comment_status":"closed","ping_status":"closed","template":"","meta":[],"yoast_head":"<!-- This site is optimized with the Yoast SEO plugin v20.6 - https:\/\/yoast.com\/wordpress\/plugins\/seo\/ -->\n<title>Programa definitivo - Graseqa 2022<\/title>\n<meta name=\"robots\" content=\"index, follow, max-snippet:-1, max-image-preview:large, max-video-preview:-1\" \/>\n<link rel=\"canonical\" href=\"https:\/\/congreso.us.es\/graseqa2022\/programa\/\" \/>\n<meta property=\"og:locale\" content=\"es_ES\" \/>\n<meta property=\"og:type\" content=\"article\" \/>\n<meta property=\"og:title\" content=\"Programa definitivo - Graseqa 2022\" \/>\n<meta property=\"og:description\" content=\"JUEVES, 6 DE OCTUBRE DE 2022 8:30 Registro y recogida de documentaci\u00f3nColocaci\u00f3n de posters 9:30 Inauguraci\u00f3n de la Reuni\u00f3n 10:00 Conferencia invitada inauguralMira Petrovi\u0107, Profesora de Investigaci\u00f3n del Instituto Catal\u00e1n de Investigaci\u00f3n del AguaAn\u00e1lisis de microcontaminantes org\u00e1nicos en muestras ambientales. Aprovechando los \u00faltimos avances en LC-HRMS 10:45 Sesi\u00f3n de posters. Caf\u00e9 11:15 Comunicaciones orales O-01 ... Leer m\u00e1s\" \/>\n<meta property=\"og:url\" content=\"https:\/\/congreso.us.es\/graseqa2022\/programa\/\" \/>\n<meta property=\"og:site_name\" content=\"Graseqa 2022\" \/>\n<meta property=\"article:modified_time\" content=\"2022-09-27T11:51:06+00:00\" \/>\n<meta name=\"twitter:card\" content=\"summary_large_image\" \/>\n<meta name=\"twitter:label1\" content=\"Tiempo de lectura\" \/>\n\t<meta name=\"twitter:data1\" content=\"1 minuto\" \/>\n<script type=\"application\/ld+json\" class=\"yoast-schema-graph\">{\"@context\":\"https:\/\/schema.org\",\"@graph\":[{\"@type\":\"WebPage\",\"@id\":\"https:\/\/congreso.us.es\/graseqa2022\/programa\/\",\"url\":\"https:\/\/congreso.us.es\/graseqa2022\/programa\/\",\"name\":\"Programa definitivo - Graseqa 2022\",\"isPartOf\":{\"@id\":\"https:\/\/congreso.us.es\/graseqa2022\/#website\"},\"datePublished\":\"2019-08-13T10:19:13+00:00\",\"dateModified\":\"2022-09-27T11:51:06+00:00\",\"breadcrumb\":{\"@id\":\"https:\/\/congreso.us.es\/graseqa2022\/programa\/#breadcrumb\"},\"inLanguage\":\"es\",\"potentialAction\":[{\"@type\":\"ReadAction\",\"target\":[\"https:\/\/congreso.us.es\/graseqa2022\/programa\/\"]}]},{\"@type\":\"BreadcrumbList\",\"@id\":\"https:\/\/congreso.us.es\/graseqa2022\/programa\/#breadcrumb\",\"itemListElement\":[{\"@type\":\"ListItem\",\"position\":1,\"name\":\"Portada\",\"item\":\"https:\/\/congreso.us.es\/graseqa2022\/\"},{\"@type\":\"ListItem\",\"position\":2,\"name\":\"Programa definitivo\"}]},{\"@type\":\"WebSite\",\"@id\":\"https:\/\/congreso.us.es\/graseqa2022\/#website\",\"url\":\"https:\/\/congreso.us.es\/graseqa2022\/\",\"name\":\"Graseqa 2020\",\"description\":\"XVII Reuni\u00f3n del Grupo Regional Andaluza de la Sociedad Espa\u00f1ola de Qu\u00edmica Anal\u00edtica&lt;br\/&gt;&lt;span class=&quot;fecha&quot;&gt;Sevilla, 2 y 3 de Julio&lt;\/span&gt;\",\"publisher\":{\"@id\":\"https:\/\/congreso.us.es\/graseqa2022\/#organization\"},\"potentialAction\":[{\"@type\":\"SearchAction\",\"target\":{\"@type\":\"EntryPoint\",\"urlTemplate\":\"https:\/\/congreso.us.es\/graseqa2022\/?s={search_term_string}\"},\"query-input\":\"required name=search_term_string\"}],\"inLanguage\":\"es\"},{\"@type\":\"Organization\",\"@id\":\"https:\/\/congreso.us.es\/graseqa2022\/#organization\",\"name\":\"Graseqa 2020\",\"url\":\"https:\/\/congreso.us.es\/graseqa2022\/\",\"logo\":{\"@type\":\"ImageObject\",\"inLanguage\":\"es\",\"@id\":\"https:\/\/congreso.us.es\/graseqa2022\/#\/schema\/logo\/image\/\",\"url\":\"https:\/\/congreso.us.es\/graseqa2022\/wp-content\/uploads\/2022\/04\/cropped-cabecera_graseqa_2022.png\",\"contentUrl\":\"https:\/\/congreso.us.es\/graseqa2022\/wp-content\/uploads\/2022\/04\/cropped-cabecera_graseqa_2022.png\",\"width\":2024,\"height\":497,\"caption\":\"Graseqa 2020\"},\"image\":{\"@id\":\"https:\/\/congreso.us.es\/graseqa2022\/#\/schema\/logo\/image\/\"}}]}<\/script>\n<!-- \/ Yoast SEO plugin. -->","yoast_head_json":{"title":"Programa definitivo - Graseqa 2022","robots":{"index":"index","follow":"follow","max-snippet":"max-snippet:-1","max-image-preview":"max-image-preview:large","max-video-preview":"max-video-preview:-1"},"canonical":"https:\/\/congreso.us.es\/graseqa2022\/programa\/","og_locale":"es_ES","og_type":"article","og_title":"Programa definitivo - Graseqa 2022","og_description":"JUEVES, 6 DE OCTUBRE DE 2022 8:30 Registro y recogida de documentaci\u00f3nColocaci\u00f3n de posters 9:30 Inauguraci\u00f3n de la Reuni\u00f3n 10:00 Conferencia invitada inauguralMira Petrovi\u0107, Profesora de Investigaci\u00f3n del Instituto Catal\u00e1n de Investigaci\u00f3n del AguaAn\u00e1lisis de microcontaminantes org\u00e1nicos en muestras ambientales. Aprovechando los \u00faltimos avances en LC-HRMS 10:45 Sesi\u00f3n de posters. Caf\u00e9 11:15 Comunicaciones orales O-01 ... Leer m\u00e1s","og_url":"https:\/\/congreso.us.es\/graseqa2022\/programa\/","og_site_name":"Graseqa 2022","article_modified_time":"2022-09-27T11:51:06+00:00","twitter_card":"summary_large_image","twitter_misc":{"Tiempo de lectura":"1 minuto"},"schema":{"@context":"https:\/\/schema.org","@graph":[{"@type":"WebPage","@id":"https:\/\/congreso.us.es\/graseqa2022\/programa\/","url":"https:\/\/congreso.us.es\/graseqa2022\/programa\/","name":"Programa definitivo - Graseqa 2022","isPartOf":{"@id":"https:\/\/congreso.us.es\/graseqa2022\/#website"},"datePublished":"2019-08-13T10:19:13+00:00","dateModified":"2022-09-27T11:51:06+00:00","breadcrumb":{"@id":"https:\/\/congreso.us.es\/graseqa2022\/programa\/#breadcrumb"},"inLanguage":"es","potentialAction":[{"@type":"ReadAction","target":["https:\/\/congreso.us.es\/graseqa2022\/programa\/"]}]},{"@type":"BreadcrumbList","@id":"https:\/\/congreso.us.es\/graseqa2022\/programa\/#breadcrumb","itemListElement":[{"@type":"ListItem","position":1,"name":"Portada","item":"https:\/\/congreso.us.es\/graseqa2022\/"},{"@type":"ListItem","position":2,"name":"Programa definitivo"}]},{"@type":"WebSite","@id":"https:\/\/congreso.us.es\/graseqa2022\/#website","url":"https:\/\/congreso.us.es\/graseqa2022\/","name":"Graseqa 2020","description":"XVII Reuni\u00f3n del Grupo Regional Andaluza de la Sociedad Espa\u00f1ola de Qu\u00edmica Anal\u00edtica&lt;br\/&gt;&lt;span class=&quot;fecha&quot;&gt;Sevilla, 2 y 3 de Julio&lt;\/span&gt;","publisher":{"@id":"https:\/\/congreso.us.es\/graseqa2022\/#organization"},"potentialAction":[{"@type":"SearchAction","target":{"@type":"EntryPoint","urlTemplate":"https:\/\/congreso.us.es\/graseqa2022\/?s={search_term_string}"},"query-input":"required name=search_term_string"}],"inLanguage":"es"},{"@type":"Organization","@id":"https:\/\/congreso.us.es\/graseqa2022\/#organization","name":"Graseqa 2020","url":"https:\/\/congreso.us.es\/graseqa2022\/","logo":{"@type":"ImageObject","inLanguage":"es","@id":"https:\/\/congreso.us.es\/graseqa2022\/#\/schema\/logo\/image\/","url":"https:\/\/congreso.us.es\/graseqa2022\/wp-content\/uploads\/2022\/04\/cropped-cabecera_graseqa_2022.png","contentUrl":"https:\/\/congreso.us.es\/graseqa2022\/wp-content\/uploads\/2022\/04\/cropped-cabecera_graseqa_2022.png","width":2024,"height":497,"caption":"Graseqa 2020"},"image":{"@id":"https:\/\/congreso.us.es\/graseqa2022\/#\/schema\/logo\/image\/"}}]}},"_links":{"self":[{"href":"https:\/\/congreso.us.es\/graseqa2022\/wp-json\/wp\/v2\/pages\/10"}],"collection":[{"href":"https:\/\/congreso.us.es\/graseqa2022\/wp-json\/wp\/v2\/pages"}],"about":[{"href":"https:\/\/congreso.us.es\/graseqa2022\/wp-json\/wp\/v2\/types\/page"}],"author":[{"embeddable":true,"href":"https:\/\/congreso.us.es\/graseqa2022\/wp-json\/wp\/v2\/users\/1"}],"replies":[{"embeddable":true,"href":"https:\/\/congreso.us.es\/graseqa2022\/wp-json\/wp\/v2\/comments?post=10"}],"version-history":[{"count":18,"href":"https:\/\/congreso.us.es\/graseqa2022\/wp-json\/wp\/v2\/pages\/10\/revisions"}],"predecessor-version":[{"id":262,"href":"https:\/\/congreso.us.es\/graseqa2022\/wp-json\/wp\/v2\/pages\/10\/revisions\/262"}],"wp:attachment":[{"href":"https:\/\/congreso.us.es\/graseqa2022\/wp-json\/wp\/v2\/media?parent=10"}],"curies":[{"name":"wp","href":"https:\/\/api.w.org\/{rel}","templated":true}]}}