{"id":12,"date":"2019-08-13T10:19:32","date_gmt":"2019-08-13T10:19:32","guid":{"rendered":"http:\/\/congreso.us.es\/graseqa2020\/?page_id=12"},"modified":"2022-06-09T12:21:55","modified_gmt":"2022-06-09T12:21:55","slug":"inscripcion","status":"publish","type":"page","link":"https:\/\/congreso.us.es\/graseqa2022\/inscripcion\/","title":{"rendered":"Inscripci\u00f3n"},"content":{"rendered":"<div class=\"wp-block-image\">\n<figure class=\"aligncenter size-full is-resized\"><a href=\"https:\/\/congreso.us.es\/graseqa2022\/wp-content\/uploads\/2022\/06\/Boleti\u0301n-de-inscripcio\u0301n.docx\" download rel=\"noopener\"><img loading=\"lazy\" src=\"https:\/\/congreso.us.es\/graseqa2022\/wp-content\/uploads\/2022\/05\/boletin-inscripcion-miniatura.png\" alt=\"Boletin Inscripcion Miniatura\" class=\"wp-image-227\" width=\"200\" height=\"278\" srcset=\"https:\/\/congreso.us.es\/graseqa2022\/wp-content\/uploads\/2022\/05\/boletin-inscripcion-miniatura.png 399w, https:\/\/congreso.us.es\/graseqa2022\/wp-content\/uploads\/2022\/05\/boletin-inscripcion-miniatura-215x300.png 215w\" sizes=\"(max-width: 200px) 100vw, 200px\" \/><\/a><figcaption><strong>Bolet\u00edn de inscripci\u00f3n<\/strong><\/figcaption><\/figure><\/div>\n\n\n<p><\/p>\n","protected":false},"excerpt":{"rendered":"","protected":false},"author":1,"featured_media":0,"parent":0,"menu_order":0,"comment_status":"closed","ping_status":"closed","template":"","meta":[],"yoast_head":"<!-- This site is optimized with the Yoast SEO plugin v20.6 - https:\/\/yoast.com\/wordpress\/plugins\/seo\/ -->\n<title>Inscripci\u00f3n - Graseqa 2022<\/title>\n<meta name=\"robots\" content=\"index, follow, max-snippet:-1, max-image-preview:large, max-video-preview:-1\" \/>\n<link rel=\"canonical\" href=\"https:\/\/congreso.us.es\/graseqa2022\/inscripcion\/\" \/>\n<meta property=\"og:locale\" content=\"es_ES\" \/>\n<meta property=\"og:type\" content=\"article\" \/>\n<meta property=\"og:title\" content=\"Inscripci\u00f3n - Graseqa 2022\" \/>\n<meta property=\"og:url\" content=\"https:\/\/congreso.us.es\/graseqa2022\/inscripcion\/\" \/>\n<meta property=\"og:site_name\" content=\"Graseqa 2022\" \/>\n<meta property=\"article:modified_time\" content=\"2022-06-09T12:21:55+00:00\" \/>\n<meta property=\"og:image\" content=\"https:\/\/congreso.us.es\/graseqa2022\/wp-content\/uploads\/2022\/05\/boletin-inscripcion-miniatura.png\" \/>\n<meta name=\"twitter:card\" content=\"summary_large_image\" \/>\n<meta name=\"twitter:label1\" content=\"Tiempo de lectura\" \/>\n\t<meta name=\"twitter:data1\" content=\"1 minuto\" \/>\n<script type=\"application\/ld+json\" class=\"yoast-schema-graph\">{\"@context\":\"https:\/\/schema.org\",\"@graph\":[{\"@type\":\"WebPage\",\"@id\":\"https:\/\/congreso.us.es\/graseqa2022\/inscripcion\/\",\"url\":\"https:\/\/congreso.us.es\/graseqa2022\/inscripcion\/\",\"name\":\"Inscripci\u00f3n - Graseqa 2022\",\"isPartOf\":{\"@id\":\"https:\/\/congreso.us.es\/graseqa2022\/#website\"},\"datePublished\":\"2019-08-13T10:19:32+00:00\",\"dateModified\":\"2022-06-09T12:21:55+00:00\",\"breadcrumb\":{\"@id\":\"https:\/\/congreso.us.es\/graseqa2022\/inscripcion\/#breadcrumb\"},\"inLanguage\":\"es\",\"potentialAction\":[{\"@type\":\"ReadAction\",\"target\":[\"https:\/\/congreso.us.es\/graseqa2022\/inscripcion\/\"]}]},{\"@type\":\"BreadcrumbList\",\"@id\":\"https:\/\/congreso.us.es\/graseqa2022\/inscripcion\/#breadcrumb\",\"itemListElement\":[{\"@type\":\"ListItem\",\"position\":1,\"name\":\"Portada\",\"item\":\"https:\/\/congreso.us.es\/graseqa2022\/\"},{\"@type\":\"ListItem\",\"position\":2,\"name\":\"Inscripci\u00f3n\"}]},{\"@type\":\"WebSite\",\"@id\":\"https:\/\/congreso.us.es\/graseqa2022\/#website\",\"url\":\"https:\/\/congreso.us.es\/graseqa2022\/\",\"name\":\"Graseqa 2020\",\"description\":\"XVII Reuni\u00f3n del Grupo Regional Andaluza de la Sociedad Espa\u00f1ola de Qu\u00edmica Anal\u00edtica&lt;br\/&gt;&lt;span class=&quot;fecha&quot;&gt;Sevilla, 2 y 3 de Julio&lt;\/span&gt;\",\"publisher\":{\"@id\":\"https:\/\/congreso.us.es\/graseqa2022\/#organization\"},\"potentialAction\":[{\"@type\":\"SearchAction\",\"target\":{\"@type\":\"EntryPoint\",\"urlTemplate\":\"https:\/\/congreso.us.es\/graseqa2022\/?s={search_term_string}\"},\"query-input\":\"required name=search_term_string\"}],\"inLanguage\":\"es\"},{\"@type\":\"Organization\",\"@id\":\"https:\/\/congreso.us.es\/graseqa2022\/#organization\",\"name\":\"Graseqa 2020\",\"url\":\"https:\/\/congreso.us.es\/graseqa2022\/\",\"logo\":{\"@type\":\"ImageObject\",\"inLanguage\":\"es\",\"@id\":\"https:\/\/congreso.us.es\/graseqa2022\/#\/schema\/logo\/image\/\",\"url\":\"https:\/\/congreso.us.es\/graseqa2022\/wp-content\/uploads\/2022\/04\/cropped-cabecera_graseqa_2022.png\",\"contentUrl\":\"https:\/\/congreso.us.es\/graseqa2022\/wp-content\/uploads\/2022\/04\/cropped-cabecera_graseqa_2022.png\",\"width\":2024,\"height\":497,\"caption\":\"Graseqa 2020\"},\"image\":{\"@id\":\"https:\/\/congreso.us.es\/graseqa2022\/#\/schema\/logo\/image\/\"}}]}<\/script>\n<!-- \/ Yoast SEO plugin. -->","yoast_head_json":{"title":"Inscripci\u00f3n - Graseqa 2022","robots":{"index":"index","follow":"follow","max-snippet":"max-snippet:-1","max-image-preview":"max-image-preview:large","max-video-preview":"max-video-preview:-1"},"canonical":"https:\/\/congreso.us.es\/graseqa2022\/inscripcion\/","og_locale":"es_ES","og_type":"article","og_title":"Inscripci\u00f3n - Graseqa 2022","og_url":"https:\/\/congreso.us.es\/graseqa2022\/inscripcion\/","og_site_name":"Graseqa 2022","article_modified_time":"2022-06-09T12:21:55+00:00","og_image":[{"url":"https:\/\/congreso.us.es\/graseqa2022\/wp-content\/uploads\/2022\/05\/boletin-inscripcion-miniatura.png"}],"twitter_card":"summary_large_image","twitter_misc":{"Tiempo de lectura":"1 minuto"},"schema":{"@context":"https:\/\/schema.org","@graph":[{"@type":"WebPage","@id":"https:\/\/congreso.us.es\/graseqa2022\/inscripcion\/","url":"https:\/\/congreso.us.es\/graseqa2022\/inscripcion\/","name":"Inscripci\u00f3n - Graseqa 2022","isPartOf":{"@id":"https:\/\/congreso.us.es\/graseqa2022\/#website"},"datePublished":"2019-08-13T10:19:32+00:00","dateModified":"2022-06-09T12:21:55+00:00","breadcrumb":{"@id":"https:\/\/congreso.us.es\/graseqa2022\/inscripcion\/#breadcrumb"},"inLanguage":"es","potentialAction":[{"@type":"ReadAction","target":["https:\/\/congreso.us.es\/graseqa2022\/inscripcion\/"]}]},{"@type":"BreadcrumbList","@id":"https:\/\/congreso.us.es\/graseqa2022\/inscripcion\/#breadcrumb","itemListElement":[{"@type":"ListItem","position":1,"name":"Portada","item":"https:\/\/congreso.us.es\/graseqa2022\/"},{"@type":"ListItem","position":2,"name":"Inscripci\u00f3n"}]},{"@type":"WebSite","@id":"https:\/\/congreso.us.es\/graseqa2022\/#website","url":"https:\/\/congreso.us.es\/graseqa2022\/","name":"Graseqa 2020","description":"XVII Reuni\u00f3n del Grupo Regional Andaluza de la Sociedad Espa\u00f1ola de Qu\u00edmica Anal\u00edtica&lt;br\/&gt;&lt;span class=&quot;fecha&quot;&gt;Sevilla, 2 y 3 de Julio&lt;\/span&gt;","publisher":{"@id":"https:\/\/congreso.us.es\/graseqa2022\/#organization"},"potentialAction":[{"@type":"SearchAction","target":{"@type":"EntryPoint","urlTemplate":"https:\/\/congreso.us.es\/graseqa2022\/?s={search_term_string}"},"query-input":"required name=search_term_string"}],"inLanguage":"es"},{"@type":"Organization","@id":"https:\/\/congreso.us.es\/graseqa2022\/#organization","name":"Graseqa 2020","url":"https:\/\/congreso.us.es\/graseqa2022\/","logo":{"@type":"ImageObject","inLanguage":"es","@id":"https:\/\/congreso.us.es\/graseqa2022\/#\/schema\/logo\/image\/","url":"https:\/\/congreso.us.es\/graseqa2022\/wp-content\/uploads\/2022\/04\/cropped-cabecera_graseqa_2022.png","contentUrl":"https:\/\/congreso.us.es\/graseqa2022\/wp-content\/uploads\/2022\/04\/cropped-cabecera_graseqa_2022.png","width":2024,"height":497,"caption":"Graseqa 2020"},"image":{"@id":"https:\/\/congreso.us.es\/graseqa2022\/#\/schema\/logo\/image\/"}}]}},"_links":{"self":[{"href":"https:\/\/congreso.us.es\/graseqa2022\/wp-json\/wp\/v2\/pages\/12"}],"collection":[{"href":"https:\/\/congreso.us.es\/graseqa2022\/wp-json\/wp\/v2\/pages"}],"about":[{"href":"https:\/\/congreso.us.es\/graseqa2022\/wp-json\/wp\/v2\/types\/page"}],"author":[{"embeddable":true,"href":"https:\/\/congreso.us.es\/graseqa2022\/wp-json\/wp\/v2\/users\/1"}],"replies":[{"embeddable":true,"href":"https:\/\/congreso.us.es\/graseqa2022\/wp-json\/wp\/v2\/comments?post=12"}],"version-history":[{"count":26,"href":"https:\/\/congreso.us.es\/graseqa2022\/wp-json\/wp\/v2\/pages\/12\/revisions"}],"predecessor-version":[{"id":253,"href":"https:\/\/congreso.us.es\/graseqa2022\/wp-json\/wp\/v2\/pages\/12\/revisions\/253"}],"wp:attachment":[{"href":"https:\/\/congreso.us.es\/graseqa2022\/wp-json\/wp\/v2\/media?parent=12"}],"curies":[{"name":"wp","href":"https:\/\/api.w.org\/{rel}","templated":true}]}}