{"id":14,"date":"2019-08-13T10:21:54","date_gmt":"2019-08-13T10:21:54","guid":{"rendered":"http:\/\/congreso.us.es\/graseqa2020\/?page_id=14"},"modified":"2022-04-29T15:13:09","modified_gmt":"2022-04-29T15:13:09","slug":"lugar-de-celebracion","status":"publish","type":"page","link":"https:\/\/congreso.us.es\/graseqa2022\/lugar-de-celebracion\/","title":{"rendered":"Lugar de celebraci\u00f3n"},"content":{"rendered":"\n<div id=\"fotos-sedes-alojamiento\">\n\t\t<img src=\"https:\/\/congreso.us.es\/graseqa2022\/wp-content\/uploads\/2022\/04\/sedes-alojamiento-2022.jpg\">\n\t\t<div id=\"enlace-alojamiento\" onclick=\"window.open('https:\/\/www.hoteles-silken.com\/es\/hotel-al-andalus-sevilla\/ubicacion\/');\"><\/div>\n\t\t<div id=\"sede-reunion\" onclick=\"window.open('https:\/\/www.google.com\/maps\/dir\/\/Rectorado+de+la+Universidad+de+Sevilla,+Sevilla\/@37.3807868,-5.9961818,15.75z\/data=!4m8!4m7!1m0!1m5!1m1!1s0xd126d4f33dc1b5d:0x8ad74003e6e2ccd2!2m2!1d-5.9912255!2d37.3808804');\"><\/div>\n\t\t<div id=\"cena-reunion\" onclick=\"window.open('https:\/\/www.google.com\/maps\/dir\/\/Restaurante+El+Cabildo,+Pl.+del+Cabildo,+0,+41001+Sevilla\/@37.386454,-5.9933804,16.5z\/data=!3m1!5s0xd126c10b51db957:0x81e52825d1925d03!4m8!4m7!1m0!1m5!1m1!1s0xd126c10b1531d25:0x7f99b02f96a7385e!2m2!1d-5.9949688!2d37.3856663');\"><\/div>\t\t\t\t\n\t<\/div>\n\n\n\n<p>La celebraci\u00f3n de la XVII Reuni\u00f3n del Grupo Regional Andaluz de la Sociedad Espa\u00f1ola de Qu\u00edmica Anal\u00edtica (GRASEQA 2022) tendr\u00e1 lugar en <strong>Sevilla<\/strong>, en el <strong>Hotel Silken Al-Andalus Palace<\/strong>. La cena de la reuni\u00f3n se celebrar\u00e1 la noche del <strong>jueves 6 de octubre<\/strong> en el <strong>Restaurante El Cabildo<\/strong>. Pulsando en las fotograf\u00edas se pueden obtener sus ubicaciones.<\/p>\n\n\n\n<p>El hotel ha creado un cupo de habitaciones para el GRASEQA, aplic\u00e1ndole a los asistentes un 10 % de descuento sobre la mejor tarifa sin restricciones en el momento de realizar la reserva. Para beneficiarse de este descuento, los congresistas deber\u00e1n contactar con el departamento de reservas, indicando \u00abcupo de habitaciones GRASEQA\u00bb, a trav\u00e9s de jreservas.al-andalus@hoteles-silken.com o llamando al +34 954 29 88 58 (de lunes a viernes de 9H a 20H).<\/p>\n","protected":false},"excerpt":{"rendered":"<p>La celebraci\u00f3n de la XVII Reuni\u00f3n del Grupo Regional Andaluz de la Sociedad Espa\u00f1ola de Qu\u00edmica Anal\u00edtica (GRASEQA 2022) tendr\u00e1 lugar en Sevilla, en el Hotel Silken Al-Andalus Palace. La cena de la reuni\u00f3n se celebrar\u00e1 la noche del jueves 6 de octubre en el Restaurante El Cabildo. Pulsando en las fotograf\u00edas se pueden obtener &#8230; <a title=\"Lugar de celebraci\u00f3n\" class=\"read-more\" href=\"https:\/\/congreso.us.es\/graseqa2022\/lugar-de-celebracion\/\" aria-label=\"M\u00e1s en Lugar de celebraci\u00f3n\">Leer m\u00e1s<\/a><\/p>\n","protected":false},"author":1,"featured_media":0,"parent":0,"menu_order":0,"comment_status":"closed","ping_status":"closed","template":"","meta":[],"yoast_head":"<!-- This site is optimized with the Yoast SEO plugin v20.6 - https:\/\/yoast.com\/wordpress\/plugins\/seo\/ -->\n<title>Lugar de celebraci\u00f3n - Graseqa 2022<\/title>\n<meta name=\"robots\" content=\"index, follow, max-snippet:-1, max-image-preview:large, max-video-preview:-1\" \/>\n<link rel=\"canonical\" href=\"https:\/\/congreso.us.es\/graseqa2022\/lugar-de-celebracion\/\" \/>\n<meta property=\"og:locale\" content=\"es_ES\" \/>\n<meta property=\"og:type\" content=\"article\" \/>\n<meta property=\"og:title\" content=\"Lugar de celebraci\u00f3n - Graseqa 2022\" \/>\n<meta property=\"og:description\" content=\"La celebraci\u00f3n de la XVII Reuni\u00f3n del Grupo Regional Andaluz de la Sociedad Espa\u00f1ola de Qu\u00edmica Anal\u00edtica (GRASEQA 2022) tendr\u00e1 lugar en Sevilla, en el Hotel Silken Al-Andalus Palace. La cena de la reuni\u00f3n se celebrar\u00e1 la noche del jueves 6 de octubre en el Restaurante El Cabildo. Pulsando en las fotograf\u00edas se pueden obtener ... Leer m\u00e1s\" \/>\n<meta property=\"og:url\" content=\"https:\/\/congreso.us.es\/graseqa2022\/lugar-de-celebracion\/\" \/>\n<meta property=\"og:site_name\" content=\"Graseqa 2022\" \/>\n<meta property=\"article:modified_time\" content=\"2022-04-29T15:13:09+00:00\" \/>\n<meta property=\"og:image\" content=\"https:\/\/congreso.us.es\/graseqa2022\/wp-content\/uploads\/2022\/04\/sedes-alojamiento-2022.jpg\" \/>\n<meta name=\"twitter:card\" content=\"summary_large_image\" \/>\n<meta name=\"twitter:label1\" content=\"Tiempo de lectura\" \/>\n\t<meta name=\"twitter:data1\" content=\"1 minuto\" \/>\n<script type=\"application\/ld+json\" class=\"yoast-schema-graph\">{\"@context\":\"https:\/\/schema.org\",\"@graph\":[{\"@type\":\"WebPage\",\"@id\":\"https:\/\/congreso.us.es\/graseqa2022\/lugar-de-celebracion\/\",\"url\":\"https:\/\/congreso.us.es\/graseqa2022\/lugar-de-celebracion\/\",\"name\":\"Lugar de celebraci\u00f3n - Graseqa 2022\",\"isPartOf\":{\"@id\":\"https:\/\/congreso.us.es\/graseqa2022\/#website\"},\"datePublished\":\"2019-08-13T10:21:54+00:00\",\"dateModified\":\"2022-04-29T15:13:09+00:00\",\"breadcrumb\":{\"@id\":\"https:\/\/congreso.us.es\/graseqa2022\/lugar-de-celebracion\/#breadcrumb\"},\"inLanguage\":\"es\",\"potentialAction\":[{\"@type\":\"ReadAction\",\"target\":[\"https:\/\/congreso.us.es\/graseqa2022\/lugar-de-celebracion\/\"]}]},{\"@type\":\"BreadcrumbList\",\"@id\":\"https:\/\/congreso.us.es\/graseqa2022\/lugar-de-celebracion\/#breadcrumb\",\"itemListElement\":[{\"@type\":\"ListItem\",\"position\":1,\"name\":\"Portada\",\"item\":\"https:\/\/congreso.us.es\/graseqa2022\/\"},{\"@type\":\"ListItem\",\"position\":2,\"name\":\"Lugar de celebraci\u00f3n\"}]},{\"@type\":\"WebSite\",\"@id\":\"https:\/\/congreso.us.es\/graseqa2022\/#website\",\"url\":\"https:\/\/congreso.us.es\/graseqa2022\/\",\"name\":\"Graseqa 2020\",\"description\":\"XVII Reuni\u00f3n del Grupo Regional Andaluza de la Sociedad Espa\u00f1ola de Qu\u00edmica Anal\u00edtica&lt;br\/&gt;&lt;span class=&quot;fecha&quot;&gt;Sevilla, 2 y 3 de Julio&lt;\/span&gt;\",\"publisher\":{\"@id\":\"https:\/\/congreso.us.es\/graseqa2022\/#organization\"},\"potentialAction\":[{\"@type\":\"SearchAction\",\"target\":{\"@type\":\"EntryPoint\",\"urlTemplate\":\"https:\/\/congreso.us.es\/graseqa2022\/?s={search_term_string}\"},\"query-input\":\"required name=search_term_string\"}],\"inLanguage\":\"es\"},{\"@type\":\"Organization\",\"@id\":\"https:\/\/congreso.us.es\/graseqa2022\/#organization\",\"name\":\"Graseqa 2020\",\"url\":\"https:\/\/congreso.us.es\/graseqa2022\/\",\"logo\":{\"@type\":\"ImageObject\",\"inLanguage\":\"es\",\"@id\":\"https:\/\/congreso.us.es\/graseqa2022\/#\/schema\/logo\/image\/\",\"url\":\"https:\/\/congreso.us.es\/graseqa2022\/wp-content\/uploads\/2022\/04\/cropped-cabecera_graseqa_2022.png\",\"contentUrl\":\"https:\/\/congreso.us.es\/graseqa2022\/wp-content\/uploads\/2022\/04\/cropped-cabecera_graseqa_2022.png\",\"width\":2024,\"height\":497,\"caption\":\"Graseqa 2020\"},\"image\":{\"@id\":\"https:\/\/congreso.us.es\/graseqa2022\/#\/schema\/logo\/image\/\"}}]}<\/script>\n<!-- \/ Yoast SEO plugin. -->","yoast_head_json":{"title":"Lugar de celebraci\u00f3n - Graseqa 2022","robots":{"index":"index","follow":"follow","max-snippet":"max-snippet:-1","max-image-preview":"max-image-preview:large","max-video-preview":"max-video-preview:-1"},"canonical":"https:\/\/congreso.us.es\/graseqa2022\/lugar-de-celebracion\/","og_locale":"es_ES","og_type":"article","og_title":"Lugar de celebraci\u00f3n - Graseqa 2022","og_description":"La celebraci\u00f3n de la XVII Reuni\u00f3n del Grupo Regional Andaluz de la Sociedad Espa\u00f1ola de Qu\u00edmica Anal\u00edtica (GRASEQA 2022) tendr\u00e1 lugar en Sevilla, en el Hotel Silken Al-Andalus Palace. La cena de la reuni\u00f3n se celebrar\u00e1 la noche del jueves 6 de octubre en el Restaurante El Cabildo. Pulsando en las fotograf\u00edas se pueden obtener ... Leer m\u00e1s","og_url":"https:\/\/congreso.us.es\/graseqa2022\/lugar-de-celebracion\/","og_site_name":"Graseqa 2022","article_modified_time":"2022-04-29T15:13:09+00:00","og_image":[{"url":"https:\/\/congreso.us.es\/graseqa2022\/wp-content\/uploads\/2022\/04\/sedes-alojamiento-2022.jpg"}],"twitter_card":"summary_large_image","twitter_misc":{"Tiempo de lectura":"1 minuto"},"schema":{"@context":"https:\/\/schema.org","@graph":[{"@type":"WebPage","@id":"https:\/\/congreso.us.es\/graseqa2022\/lugar-de-celebracion\/","url":"https:\/\/congreso.us.es\/graseqa2022\/lugar-de-celebracion\/","name":"Lugar de celebraci\u00f3n - Graseqa 2022","isPartOf":{"@id":"https:\/\/congreso.us.es\/graseqa2022\/#website"},"datePublished":"2019-08-13T10:21:54+00:00","dateModified":"2022-04-29T15:13:09+00:00","breadcrumb":{"@id":"https:\/\/congreso.us.es\/graseqa2022\/lugar-de-celebracion\/#breadcrumb"},"inLanguage":"es","potentialAction":[{"@type":"ReadAction","target":["https:\/\/congreso.us.es\/graseqa2022\/lugar-de-celebracion\/"]}]},{"@type":"BreadcrumbList","@id":"https:\/\/congreso.us.es\/graseqa2022\/lugar-de-celebracion\/#breadcrumb","itemListElement":[{"@type":"ListItem","position":1,"name":"Portada","item":"https:\/\/congreso.us.es\/graseqa2022\/"},{"@type":"ListItem","position":2,"name":"Lugar de celebraci\u00f3n"}]},{"@type":"WebSite","@id":"https:\/\/congreso.us.es\/graseqa2022\/#website","url":"https:\/\/congreso.us.es\/graseqa2022\/","name":"Graseqa 2020","description":"XVII Reuni\u00f3n del Grupo Regional Andaluza de la Sociedad Espa\u00f1ola de Qu\u00edmica Anal\u00edtica&lt;br\/&gt;&lt;span class=&quot;fecha&quot;&gt;Sevilla, 2 y 3 de Julio&lt;\/span&gt;","publisher":{"@id":"https:\/\/congreso.us.es\/graseqa2022\/#organization"},"potentialAction":[{"@type":"SearchAction","target":{"@type":"EntryPoint","urlTemplate":"https:\/\/congreso.us.es\/graseqa2022\/?s={search_term_string}"},"query-input":"required name=search_term_string"}],"inLanguage":"es"},{"@type":"Organization","@id":"https:\/\/congreso.us.es\/graseqa2022\/#organization","name":"Graseqa 2020","url":"https:\/\/congreso.us.es\/graseqa2022\/","logo":{"@type":"ImageObject","inLanguage":"es","@id":"https:\/\/congreso.us.es\/graseqa2022\/#\/schema\/logo\/image\/","url":"https:\/\/congreso.us.es\/graseqa2022\/wp-content\/uploads\/2022\/04\/cropped-cabecera_graseqa_2022.png","contentUrl":"https:\/\/congreso.us.es\/graseqa2022\/wp-content\/uploads\/2022\/04\/cropped-cabecera_graseqa_2022.png","width":2024,"height":497,"caption":"Graseqa 2020"},"image":{"@id":"https:\/\/congreso.us.es\/graseqa2022\/#\/schema\/logo\/image\/"}}]}},"_links":{"self":[{"href":"https:\/\/congreso.us.es\/graseqa2022\/wp-json\/wp\/v2\/pages\/14"}],"collection":[{"href":"https:\/\/congreso.us.es\/graseqa2022\/wp-json\/wp\/v2\/pages"}],"about":[{"href":"https:\/\/congreso.us.es\/graseqa2022\/wp-json\/wp\/v2\/types\/page"}],"author":[{"embeddable":true,"href":"https:\/\/congreso.us.es\/graseqa2022\/wp-json\/wp\/v2\/users\/1"}],"replies":[{"embeddable":true,"href":"https:\/\/congreso.us.es\/graseqa2022\/wp-json\/wp\/v2\/comments?post=14"}],"version-history":[{"count":17,"href":"https:\/\/congreso.us.es\/graseqa2022\/wp-json\/wp\/v2\/pages\/14\/revisions"}],"predecessor-version":[{"id":203,"href":"https:\/\/congreso.us.es\/graseqa2022\/wp-json\/wp\/v2\/pages\/14\/revisions\/203"}],"wp:attachment":[{"href":"https:\/\/congreso.us.es\/graseqa2022\/wp-json\/wp\/v2\/media?parent=14"}],"curies":[{"name":"wp","href":"https:\/\/api.w.org\/{rel}","templated":true}]}}