{"id":225,"date":"2022-05-09T17:04:04","date_gmt":"2022-05-09T17:04:04","guid":{"rendered":"https:\/\/congreso.us.es\/graseqa2022\/?page_id=225"},"modified":"2022-07-27T09:00:08","modified_gmt":"2022-07-27T09:00:08","slug":"comunicaciones","status":"publish","type":"page","link":"https:\/\/congreso.us.es\/graseqa2022\/comunicaciones\/","title":{"rendered":"Comunicaciones"},"content":{"rendered":"\n<p>El env\u00edo del resumen ha de hacerse antes del <em>25 de julio<\/em> de 2022 al correo electr\u00f3nico <em>graseqa2022@us.es<\/em> empleando la <strong>plantilla<\/strong> a la que se puede acceder pulsando la imagen que se muestra m\u00e1s abajo.<\/p>\n\n\n\n<p class=\"nomarginbottom\">En el env\u00edo del resumen se deber\u00e1 indicar la preferencia en el <strong>tipo de comunicaci\u00f3n<\/strong>:<\/p>\n\n\n\n<ul><li>Oral (10 + 5 minutos)<\/li><li>Flash (4 + 1 minutos)<\/li><li>P\u00f3ster<\/li><\/ul>\n\n\n\n<p>De acuerdo con el tama\u00f1o de los soportes, las dimensiones de los p\u00f3steres no deber\u00e1n superar 90 cm de ancho por 100 cm de alto.<\/p>\n\n\n\n<p>El env\u00edo del resumen no es suficiente para formalizar la inscripci\u00f3n en la XVII Reuni\u00f3n GRASEQA. Debe enviarse <em>el bolet\u00edn de inscripci\u00f3n<\/em>, disponible en la web de la reuni\u00f3n, y formalizar el pago <em>con fecha l\u00edmite el 29 de julio<\/em> para la tarifa reducida.<\/p>\n\n\n<div class=\"wp-block-image\">\n<figure class=\"aligncenter size-full is-resized\"><a href=\"https:\/\/congreso.us.es\/graseqa2022\/wp-content\/uploads\/2022\/05\/Plantilla-de-resu\u0301menes.docx\" download rel=\"noopener\"><img loading=\"lazy\" src=\"https:\/\/congreso.us.es\/graseqa2022\/wp-content\/uploads\/2022\/05\/plantilla-resumenes-miniatura.png\" alt=\"Plantilla Resumenes Miniatura\" class=\"wp-image-228\" width=\"200\" height=\"278\" srcset=\"https:\/\/congreso.us.es\/graseqa2022\/wp-content\/uploads\/2022\/05\/plantilla-resumenes-miniatura.png 399w, https:\/\/congreso.us.es\/graseqa2022\/wp-content\/uploads\/2022\/05\/plantilla-resumenes-miniatura-216x300.png 216w\" sizes=\"(max-width: 200px) 100vw, 200px\" \/><\/a><figcaption><strong>Plantilla de res\u00famenes<\/strong><\/figcaption><\/figure><\/div>","protected":false},"excerpt":{"rendered":"<p>El env\u00edo del resumen ha de hacerse antes del 25 de julio de 2022 al correo electr\u00f3nico graseqa2022@us.es empleando la plantilla a la que se puede acceder pulsando la imagen que se muestra m\u00e1s abajo. En el env\u00edo del resumen se deber\u00e1 indicar la preferencia en el tipo de comunicaci\u00f3n: Oral (10 + 5 minutos) &#8230; <a title=\"Comunicaciones\" class=\"read-more\" href=\"https:\/\/congreso.us.es\/graseqa2022\/comunicaciones\/\" aria-label=\"M\u00e1s en Comunicaciones\">Leer m\u00e1s<\/a><\/p>\n","protected":false},"author":1,"featured_media":0,"parent":0,"menu_order":0,"comment_status":"closed","ping_status":"closed","template":"","meta":[],"yoast_head":"<!-- This site is optimized with the Yoast SEO plugin v20.6 - https:\/\/yoast.com\/wordpress\/plugins\/seo\/ -->\n<title>Comunicaciones - Graseqa 2022<\/title>\n<meta name=\"robots\" content=\"index, follow, max-snippet:-1, max-image-preview:large, max-video-preview:-1\" \/>\n<link rel=\"canonical\" href=\"https:\/\/congreso.us.es\/graseqa2022\/comunicaciones\/\" \/>\n<meta property=\"og:locale\" content=\"es_ES\" \/>\n<meta property=\"og:type\" content=\"article\" \/>\n<meta property=\"og:title\" content=\"Comunicaciones - Graseqa 2022\" \/>\n<meta property=\"og:description\" content=\"El env\u00edo del resumen ha de hacerse antes del 25 de julio de 2022 al correo electr\u00f3nico graseqa2022@us.es empleando la plantilla a la que se puede acceder pulsando la imagen que se muestra m\u00e1s abajo. En el env\u00edo del resumen se deber\u00e1 indicar la preferencia en el tipo de comunicaci\u00f3n: Oral (10 + 5 minutos) ... Leer m\u00e1s\" \/>\n<meta property=\"og:url\" content=\"https:\/\/congreso.us.es\/graseqa2022\/comunicaciones\/\" \/>\n<meta property=\"og:site_name\" content=\"Graseqa 2022\" \/>\n<meta property=\"article:modified_time\" content=\"2022-07-27T09:00:08+00:00\" \/>\n<meta property=\"og:image\" content=\"https:\/\/congreso.us.es\/graseqa2022\/wp-content\/uploads\/2022\/05\/plantilla-resumenes-miniatura.png\" \/>\n<meta name=\"twitter:card\" content=\"summary_large_image\" \/>\n<script type=\"application\/ld+json\" class=\"yoast-schema-graph\">{\"@context\":\"https:\/\/schema.org\",\"@graph\":[{\"@type\":\"WebPage\",\"@id\":\"https:\/\/congreso.us.es\/graseqa2022\/comunicaciones\/\",\"url\":\"https:\/\/congreso.us.es\/graseqa2022\/comunicaciones\/\",\"name\":\"Comunicaciones - Graseqa 2022\",\"isPartOf\":{\"@id\":\"https:\/\/congreso.us.es\/graseqa2022\/#website\"},\"datePublished\":\"2022-05-09T17:04:04+00:00\",\"dateModified\":\"2022-07-27T09:00:08+00:00\",\"breadcrumb\":{\"@id\":\"https:\/\/congreso.us.es\/graseqa2022\/comunicaciones\/#breadcrumb\"},\"inLanguage\":\"es\",\"potentialAction\":[{\"@type\":\"ReadAction\",\"target\":[\"https:\/\/congreso.us.es\/graseqa2022\/comunicaciones\/\"]}]},{\"@type\":\"BreadcrumbList\",\"@id\":\"https:\/\/congreso.us.es\/graseqa2022\/comunicaciones\/#breadcrumb\",\"itemListElement\":[{\"@type\":\"ListItem\",\"position\":1,\"name\":\"Portada\",\"item\":\"https:\/\/congreso.us.es\/graseqa2022\/\"},{\"@type\":\"ListItem\",\"position\":2,\"name\":\"Comunicaciones\"}]},{\"@type\":\"WebSite\",\"@id\":\"https:\/\/congreso.us.es\/graseqa2022\/#website\",\"url\":\"https:\/\/congreso.us.es\/graseqa2022\/\",\"name\":\"Graseqa 2020\",\"description\":\"XVII Reuni\u00f3n del Grupo Regional Andaluza de la Sociedad Espa\u00f1ola de Qu\u00edmica Anal\u00edtica&lt;br\/&gt;&lt;span class=&quot;fecha&quot;&gt;Sevilla, 2 y 3 de Julio&lt;\/span&gt;\",\"publisher\":{\"@id\":\"https:\/\/congreso.us.es\/graseqa2022\/#organization\"},\"potentialAction\":[{\"@type\":\"SearchAction\",\"target\":{\"@type\":\"EntryPoint\",\"urlTemplate\":\"https:\/\/congreso.us.es\/graseqa2022\/?s={search_term_string}\"},\"query-input\":\"required name=search_term_string\"}],\"inLanguage\":\"es\"},{\"@type\":\"Organization\",\"@id\":\"https:\/\/congreso.us.es\/graseqa2022\/#organization\",\"name\":\"Graseqa 2020\",\"url\":\"https:\/\/congreso.us.es\/graseqa2022\/\",\"logo\":{\"@type\":\"ImageObject\",\"inLanguage\":\"es\",\"@id\":\"https:\/\/congreso.us.es\/graseqa2022\/#\/schema\/logo\/image\/\",\"url\":\"https:\/\/congreso.us.es\/graseqa2022\/wp-content\/uploads\/2022\/04\/cropped-cabecera_graseqa_2022.png\",\"contentUrl\":\"https:\/\/congreso.us.es\/graseqa2022\/wp-content\/uploads\/2022\/04\/cropped-cabecera_graseqa_2022.png\",\"width\":2024,\"height\":497,\"caption\":\"Graseqa 2020\"},\"image\":{\"@id\":\"https:\/\/congreso.us.es\/graseqa2022\/#\/schema\/logo\/image\/\"}}]}<\/script>\n<!-- \/ Yoast SEO plugin. -->","yoast_head_json":{"title":"Comunicaciones - Graseqa 2022","robots":{"index":"index","follow":"follow","max-snippet":"max-snippet:-1","max-image-preview":"max-image-preview:large","max-video-preview":"max-video-preview:-1"},"canonical":"https:\/\/congreso.us.es\/graseqa2022\/comunicaciones\/","og_locale":"es_ES","og_type":"article","og_title":"Comunicaciones - Graseqa 2022","og_description":"El env\u00edo del resumen ha de hacerse antes del 25 de julio de 2022 al correo electr\u00f3nico graseqa2022@us.es empleando la plantilla a la que se puede acceder pulsando la imagen que se muestra m\u00e1s abajo. En el env\u00edo del resumen se deber\u00e1 indicar la preferencia en el tipo de comunicaci\u00f3n: Oral (10 + 5 minutos) ... Leer m\u00e1s","og_url":"https:\/\/congreso.us.es\/graseqa2022\/comunicaciones\/","og_site_name":"Graseqa 2022","article_modified_time":"2022-07-27T09:00:08+00:00","og_image":[{"url":"https:\/\/congreso.us.es\/graseqa2022\/wp-content\/uploads\/2022\/05\/plantilla-resumenes-miniatura.png"}],"twitter_card":"summary_large_image","schema":{"@context":"https:\/\/schema.org","@graph":[{"@type":"WebPage","@id":"https:\/\/congreso.us.es\/graseqa2022\/comunicaciones\/","url":"https:\/\/congreso.us.es\/graseqa2022\/comunicaciones\/","name":"Comunicaciones - Graseqa 2022","isPartOf":{"@id":"https:\/\/congreso.us.es\/graseqa2022\/#website"},"datePublished":"2022-05-09T17:04:04+00:00","dateModified":"2022-07-27T09:00:08+00:00","breadcrumb":{"@id":"https:\/\/congreso.us.es\/graseqa2022\/comunicaciones\/#breadcrumb"},"inLanguage":"es","potentialAction":[{"@type":"ReadAction","target":["https:\/\/congreso.us.es\/graseqa2022\/comunicaciones\/"]}]},{"@type":"BreadcrumbList","@id":"https:\/\/congreso.us.es\/graseqa2022\/comunicaciones\/#breadcrumb","itemListElement":[{"@type":"ListItem","position":1,"name":"Portada","item":"https:\/\/congreso.us.es\/graseqa2022\/"},{"@type":"ListItem","position":2,"name":"Comunicaciones"}]},{"@type":"WebSite","@id":"https:\/\/congreso.us.es\/graseqa2022\/#website","url":"https:\/\/congreso.us.es\/graseqa2022\/","name":"Graseqa 2020","description":"XVII Reuni\u00f3n del Grupo Regional Andaluza de la Sociedad Espa\u00f1ola de Qu\u00edmica Anal\u00edtica&lt;br\/&gt;&lt;span class=&quot;fecha&quot;&gt;Sevilla, 2 y 3 de Julio&lt;\/span&gt;","publisher":{"@id":"https:\/\/congreso.us.es\/graseqa2022\/#organization"},"potentialAction":[{"@type":"SearchAction","target":{"@type":"EntryPoint","urlTemplate":"https:\/\/congreso.us.es\/graseqa2022\/?s={search_term_string}"},"query-input":"required name=search_term_string"}],"inLanguage":"es"},{"@type":"Organization","@id":"https:\/\/congreso.us.es\/graseqa2022\/#organization","name":"Graseqa 2020","url":"https:\/\/congreso.us.es\/graseqa2022\/","logo":{"@type":"ImageObject","inLanguage":"es","@id":"https:\/\/congreso.us.es\/graseqa2022\/#\/schema\/logo\/image\/","url":"https:\/\/congreso.us.es\/graseqa2022\/wp-content\/uploads\/2022\/04\/cropped-cabecera_graseqa_2022.png","contentUrl":"https:\/\/congreso.us.es\/graseqa2022\/wp-content\/uploads\/2022\/04\/cropped-cabecera_graseqa_2022.png","width":2024,"height":497,"caption":"Graseqa 2020"},"image":{"@id":"https:\/\/congreso.us.es\/graseqa2022\/#\/schema\/logo\/image\/"}}]}},"_links":{"self":[{"href":"https:\/\/congreso.us.es\/graseqa2022\/wp-json\/wp\/v2\/pages\/225"}],"collection":[{"href":"https:\/\/congreso.us.es\/graseqa2022\/wp-json\/wp\/v2\/pages"}],"about":[{"href":"https:\/\/congreso.us.es\/graseqa2022\/wp-json\/wp\/v2\/types\/page"}],"author":[{"embeddable":true,"href":"https:\/\/congreso.us.es\/graseqa2022\/wp-json\/wp\/v2\/users\/1"}],"replies":[{"embeddable":true,"href":"https:\/\/congreso.us.es\/graseqa2022\/wp-json\/wp\/v2\/comments?post=225"}],"version-history":[{"count":9,"href":"https:\/\/congreso.us.es\/graseqa2022\/wp-json\/wp\/v2\/pages\/225\/revisions"}],"predecessor-version":[{"id":256,"href":"https:\/\/congreso.us.es\/graseqa2022\/wp-json\/wp\/v2\/pages\/225\/revisions\/256"}],"wp:attachment":[{"href":"https:\/\/congreso.us.es\/graseqa2022\/wp-json\/wp\/v2\/media?parent=225"}],"curies":[{"name":"wp","href":"https:\/\/api.w.org\/{rel}","templated":true}]}}