{"id":6,"date":"2019-08-13T10:18:33","date_gmt":"2019-08-13T10:18:33","guid":{"rendered":"http:\/\/congreso.us.es\/graseqa2020\/?page_id=6"},"modified":"2022-04-29T15:18:35","modified_gmt":"2022-04-29T15:18:35","slug":"bienvenida","status":"publish","type":"page","link":"https:\/\/congreso.us.es\/graseqa2022\/","title":{"rendered":"Bienvenida"},"content":{"rendered":"\n<h2 class=\"has-text-align-center\"><strong>Bienvenidos a la XVII Reuni\u00f3n del Grupo Regional Andaluz de la Sociedad Espa\u00f1ola de Qu\u00edmica Anal\u00edtica (GRASEQA 2022)<\/strong><\/h2>\n\n\n\n<p class=\"has-text-align-left\">El Grupo Regional Andaluz de la Sociedad Espa\u00f1ola de Qu\u00edmica Anal\u00edtica quiere invitarte a su 17\u00aa Reuni\u00f3n, que tendr\u00e1 lugar en Sevilla durante los d\u00edas 6 y 7 de octubre de este a\u00f1o 2022. Despu\u00e9s de los dif\u00edciles a\u00f1os que hemos pasado y los problemas debidos a la pandemia del COVID 19 volveremos a celebrar nuestra Reuni\u00f3n cient\u00edfica que, como en pasadas ediciones, ser\u00e1 una nueva oportunidad para intercambiar experiencias de investigaci\u00f3n, transferencia y docencia, entre investigadores, docentes y estudiantes andaluces y de otros \u00e1mbitos geogr\u00e1ficos en el \u00e1rea y la \u00f3rbita de la Qu\u00edmica Anal\u00edtica. Particularmente, y como viene siendo tradicional en las reuniones del Grupo, se constituir\u00e1 en una excelente plataforma de difusi\u00f3n de los avances y logros alcanzados por nuestros investigadores j\u00f3venes.<\/p>\n\n\n\n<p class=\"has-text-align-left\">Esta edici\u00f3n de la Reuni\u00f3n del GRASEQA se va a celebrar en el hotel Silken Al\u2013Andalus Palace, situado en el barrio de Heli\u00f3polis de la ciudad de Sevilla, cercano al Campus Universitario de Reina Mercedes, al Parque de Mar\u00eda Luisa y a la Plaza de Espa\u00f1a. Al estar muy pr\u00f3ximo a la SE\u201330, tiene un f\u00e1cil acceso para todos los que veng\u00e1is de fuera de Sevilla. Sus modernas y amplias instalaciones constituyen el foro adecuado para que las distintas actividades de la Reuni\u00f3n se celebren adecuadamente, facilitando el intercambio de ideas y conocimiento entre los participantes de la misma.<\/p>\n\n\n\n<p class=\"has-text-align-left\">Esperando contar con vuestra asistencia que, sin duda contribuir\u00e1 al brillo del evento, recibid un cordial saludo.<\/p>\n\n\n\n<p><strong>El comit\u00e9 organizador<\/strong>  <\/p>\n","protected":false},"excerpt":{"rendered":"<p>Bienvenidos a la XVII Reuni\u00f3n del Grupo Regional Andaluz de la Sociedad Espa\u00f1ola de Qu\u00edmica Anal\u00edtica (GRASEQA 2022) El Grupo Regional Andaluz de la Sociedad Espa\u00f1ola de Qu\u00edmica Anal\u00edtica quiere invitarte a su 17\u00aa Reuni\u00f3n, que tendr\u00e1 lugar en Sevilla durante los d\u00edas 6 y 7 de octubre de este a\u00f1o 2022. Despu\u00e9s de los &#8230; <a title=\"Bienvenida\" class=\"read-more\" href=\"https:\/\/congreso.us.es\/graseqa2022\/\" aria-label=\"M\u00e1s en Bienvenida\">Leer m\u00e1s<\/a><\/p>\n","protected":false},"author":1,"featured_media":0,"parent":0,"menu_order":0,"comment_status":"closed","ping_status":"closed","template":"","meta":[],"yoast_head":"<!-- This site is optimized with the Yoast SEO plugin v20.6 - https:\/\/yoast.com\/wordpress\/plugins\/seo\/ -->\n<title>Bienvenida - Graseqa 2022<\/title>\n<meta name=\"robots\" content=\"index, follow, max-snippet:-1, max-image-preview:large, max-video-preview:-1\" \/>\n<link rel=\"canonical\" href=\"https:\/\/congreso.us.es\/graseqa2022\/\" \/>\n<meta property=\"og:locale\" content=\"es_ES\" \/>\n<meta property=\"og:type\" content=\"article\" \/>\n<meta property=\"og:title\" content=\"Bienvenida - Graseqa 2022\" \/>\n<meta property=\"og:description\" content=\"Bienvenidos a la XVII Reuni\u00f3n del Grupo Regional Andaluz de la Sociedad Espa\u00f1ola de Qu\u00edmica Anal\u00edtica (GRASEQA 2022) El Grupo Regional Andaluz de la Sociedad Espa\u00f1ola de Qu\u00edmica Anal\u00edtica quiere invitarte a su 17\u00aa Reuni\u00f3n, que tendr\u00e1 lugar en Sevilla durante los d\u00edas 6 y 7 de octubre de este a\u00f1o 2022. Despu\u00e9s de los ... Leer m\u00e1s\" \/>\n<meta property=\"og:url\" content=\"https:\/\/congreso.us.es\/graseqa2022\/\" \/>\n<meta property=\"og:site_name\" content=\"Graseqa 2022\" \/>\n<meta property=\"article:modified_time\" content=\"2022-04-29T15:18:35+00:00\" \/>\n<meta name=\"twitter:card\" content=\"summary_large_image\" \/>\n<meta name=\"twitter:label1\" content=\"Tiempo de lectura\" \/>\n\t<meta name=\"twitter:data1\" content=\"2 minutos\" \/>\n<script type=\"application\/ld+json\" class=\"yoast-schema-graph\">{\"@context\":\"https:\/\/schema.org\",\"@graph\":[{\"@type\":\"WebPage\",\"@id\":\"https:\/\/congreso.us.es\/graseqa2022\/\",\"url\":\"https:\/\/congreso.us.es\/graseqa2022\/\",\"name\":\"Bienvenida - Graseqa 2022\",\"isPartOf\":{\"@id\":\"https:\/\/congreso.us.es\/graseqa2022\/#website\"},\"datePublished\":\"2019-08-13T10:18:33+00:00\",\"dateModified\":\"2022-04-29T15:18:35+00:00\",\"breadcrumb\":{\"@id\":\"https:\/\/congreso.us.es\/graseqa2022\/#breadcrumb\"},\"inLanguage\":\"es\",\"potentialAction\":[{\"@type\":\"ReadAction\",\"target\":[\"https:\/\/congreso.us.es\/graseqa2022\/\"]}]},{\"@type\":\"BreadcrumbList\",\"@id\":\"https:\/\/congreso.us.es\/graseqa2022\/#breadcrumb\",\"itemListElement\":[{\"@type\":\"ListItem\",\"position\":1,\"name\":\"Portada\",\"item\":\"https:\/\/congreso.us.es\/graseqa2022\/\"},{\"@type\":\"ListItem\",\"position\":2,\"name\":\"Bienvenida\"}]},{\"@type\":\"WebSite\",\"@id\":\"https:\/\/congreso.us.es\/graseqa2022\/#website\",\"url\":\"https:\/\/congreso.us.es\/graseqa2022\/\",\"name\":\"Graseqa 2020\",\"description\":\"XVII Reuni\u00f3n del Grupo Regional Andaluza de la Sociedad Espa\u00f1ola de Qu\u00edmica Anal\u00edtica&lt;br\/&gt;&lt;span class=&quot;fecha&quot;&gt;Sevilla, 2 y 3 de Julio&lt;\/span&gt;\",\"publisher\":{\"@id\":\"https:\/\/congreso.us.es\/graseqa2022\/#organization\"},\"potentialAction\":[{\"@type\":\"SearchAction\",\"target\":{\"@type\":\"EntryPoint\",\"urlTemplate\":\"https:\/\/congreso.us.es\/graseqa2022\/?s={search_term_string}\"},\"query-input\":\"required name=search_term_string\"}],\"inLanguage\":\"es\"},{\"@type\":\"Organization\",\"@id\":\"https:\/\/congreso.us.es\/graseqa2022\/#organization\",\"name\":\"Graseqa 2020\",\"url\":\"https:\/\/congreso.us.es\/graseqa2022\/\",\"logo\":{\"@type\":\"ImageObject\",\"inLanguage\":\"es\",\"@id\":\"https:\/\/congreso.us.es\/graseqa2022\/#\/schema\/logo\/image\/\",\"url\":\"https:\/\/congreso.us.es\/graseqa2022\/wp-content\/uploads\/2022\/04\/cropped-cabecera_graseqa_2022.png\",\"contentUrl\":\"https:\/\/congreso.us.es\/graseqa2022\/wp-content\/uploads\/2022\/04\/cropped-cabecera_graseqa_2022.png\",\"width\":2024,\"height\":497,\"caption\":\"Graseqa 2020\"},\"image\":{\"@id\":\"https:\/\/congreso.us.es\/graseqa2022\/#\/schema\/logo\/image\/\"}}]}<\/script>\n<!-- \/ Yoast SEO plugin. -->","yoast_head_json":{"title":"Bienvenida - Graseqa 2022","robots":{"index":"index","follow":"follow","max-snippet":"max-snippet:-1","max-image-preview":"max-image-preview:large","max-video-preview":"max-video-preview:-1"},"canonical":"https:\/\/congreso.us.es\/graseqa2022\/","og_locale":"es_ES","og_type":"article","og_title":"Bienvenida - Graseqa 2022","og_description":"Bienvenidos a la XVII Reuni\u00f3n del Grupo Regional Andaluz de la Sociedad Espa\u00f1ola de Qu\u00edmica Anal\u00edtica (GRASEQA 2022) El Grupo Regional Andaluz de la Sociedad Espa\u00f1ola de Qu\u00edmica Anal\u00edtica quiere invitarte a su 17\u00aa Reuni\u00f3n, que tendr\u00e1 lugar en Sevilla durante los d\u00edas 6 y 7 de octubre de este a\u00f1o 2022. Despu\u00e9s de los ... Leer m\u00e1s","og_url":"https:\/\/congreso.us.es\/graseqa2022\/","og_site_name":"Graseqa 2022","article_modified_time":"2022-04-29T15:18:35+00:00","twitter_card":"summary_large_image","twitter_misc":{"Tiempo de lectura":"2 minutos"},"schema":{"@context":"https:\/\/schema.org","@graph":[{"@type":"WebPage","@id":"https:\/\/congreso.us.es\/graseqa2022\/","url":"https:\/\/congreso.us.es\/graseqa2022\/","name":"Bienvenida - Graseqa 2022","isPartOf":{"@id":"https:\/\/congreso.us.es\/graseqa2022\/#website"},"datePublished":"2019-08-13T10:18:33+00:00","dateModified":"2022-04-29T15:18:35+00:00","breadcrumb":{"@id":"https:\/\/congreso.us.es\/graseqa2022\/#breadcrumb"},"inLanguage":"es","potentialAction":[{"@type":"ReadAction","target":["https:\/\/congreso.us.es\/graseqa2022\/"]}]},{"@type":"BreadcrumbList","@id":"https:\/\/congreso.us.es\/graseqa2022\/#breadcrumb","itemListElement":[{"@type":"ListItem","position":1,"name":"Portada","item":"https:\/\/congreso.us.es\/graseqa2022\/"},{"@type":"ListItem","position":2,"name":"Bienvenida"}]},{"@type":"WebSite","@id":"https:\/\/congreso.us.es\/graseqa2022\/#website","url":"https:\/\/congreso.us.es\/graseqa2022\/","name":"Graseqa 2020","description":"XVII Reuni\u00f3n del Grupo Regional Andaluza de la Sociedad Espa\u00f1ola de Qu\u00edmica Anal\u00edtica&lt;br\/&gt;&lt;span class=&quot;fecha&quot;&gt;Sevilla, 2 y 3 de Julio&lt;\/span&gt;","publisher":{"@id":"https:\/\/congreso.us.es\/graseqa2022\/#organization"},"potentialAction":[{"@type":"SearchAction","target":{"@type":"EntryPoint","urlTemplate":"https:\/\/congreso.us.es\/graseqa2022\/?s={search_term_string}"},"query-input":"required name=search_term_string"}],"inLanguage":"es"},{"@type":"Organization","@id":"https:\/\/congreso.us.es\/graseqa2022\/#organization","name":"Graseqa 2020","url":"https:\/\/congreso.us.es\/graseqa2022\/","logo":{"@type":"ImageObject","inLanguage":"es","@id":"https:\/\/congreso.us.es\/graseqa2022\/#\/schema\/logo\/image\/","url":"https:\/\/congreso.us.es\/graseqa2022\/wp-content\/uploads\/2022\/04\/cropped-cabecera_graseqa_2022.png","contentUrl":"https:\/\/congreso.us.es\/graseqa2022\/wp-content\/uploads\/2022\/04\/cropped-cabecera_graseqa_2022.png","width":2024,"height":497,"caption":"Graseqa 2020"},"image":{"@id":"https:\/\/congreso.us.es\/graseqa2022\/#\/schema\/logo\/image\/"}}]}},"_links":{"self":[{"href":"https:\/\/congreso.us.es\/graseqa2022\/wp-json\/wp\/v2\/pages\/6"}],"collection":[{"href":"https:\/\/congreso.us.es\/graseqa2022\/wp-json\/wp\/v2\/pages"}],"about":[{"href":"https:\/\/congreso.us.es\/graseqa2022\/wp-json\/wp\/v2\/types\/page"}],"author":[{"embeddable":true,"href":"https:\/\/congreso.us.es\/graseqa2022\/wp-json\/wp\/v2\/users\/1"}],"replies":[{"embeddable":true,"href":"https:\/\/congreso.us.es\/graseqa2022\/wp-json\/wp\/v2\/comments?post=6"}],"version-history":[{"count":18,"href":"https:\/\/congreso.us.es\/graseqa2022\/wp-json\/wp\/v2\/pages\/6\/revisions"}],"predecessor-version":[{"id":217,"href":"https:\/\/congreso.us.es\/graseqa2022\/wp-json\/wp\/v2\/pages\/6\/revisions\/217"}],"wp:attachment":[{"href":"https:\/\/congreso.us.es\/graseqa2022\/wp-json\/wp\/v2\/media?parent=6"}],"curies":[{"name":"wp","href":"https:\/\/api.w.org\/{rel}","templated":true}]}}