{"id":1027,"date":"2021-06-09T07:02:26","date_gmt":"2021-06-09T07:02:26","guid":{"rendered":"https:\/\/congreso-move.net\/?page_id=1011"},"modified":"2023-11-28T08:00:45","modified_gmt":"2023-11-28T08:00:45","slug":"cibercultura","status":"publish","type":"page","link":"https:\/\/congreso.us.es\/movenet\/ejes-tematicos\/cibercultura\/","title":{"rendered":"Cibercultura"},"content":{"rendered":"<p><span style=\"color: #ff6600;\"><strong>Cibercultura:<\/strong> <\/span>La simplificaci\u00f3n del software para la generaci\u00f3n de contenidos online y la popularizaci\u00f3n de los tel\u00e9fonos inteligentes ha favorecido que la mayor\u00eda de movimientos sociales empleen una narrativa transmedia en sus estrategias comunicativas: memes, remezclas, mashups, carteles, ilustraciones, videos y gifs viajan del entorno online al offline. Los contenidos se pueblan de referentes de la cultura de la red, adoptando su lenguaje y sus valores. A su vez, la informaci\u00f3n publicada por los movimientos en las redes digitales contribuye no solo a su visibilidad inmediata, sino tambi\u00e9n a la conservaci\u00f3n y difusi\u00f3n de la memoria colectiva de las luchas sociales Sin embargo, muchos de estos contenidos se difunden a trav\u00e9s de plataformas comerciales privadas: \u00bfQu\u00e9 c\u00f3digos fuentes se emplean para construir estos mensajes globales que viajan a trav\u00e9s de distintas plataformas? \u00bfQu\u00e9 supone la progresiva colonizaci\u00f3n de Internet por parte de plataformas comerciales? \u00bfCu\u00e1les son los referentes culturales movilizados por el activismo contempor\u00e1neo? \u00bfQu\u00e9 relaci\u00f3n se establece entre la cultura de masas y la cultura popular en el nuevo entorno digital? \u00bfQu\u00e9 competencias desarrollan los y las activistas para generar este lenguaje a trav\u00e9s de distintos medios y d\u00f3nde las adquieren? \u00bfSe pueden generar discursos contrahegem\u00f3nicos desde la casa del amo?<\/p>\n<p style=\"padding-left: 40px;\">Seguir eje: <a href=\"https:\/\/twitter.com\/search?q=%23Cibercultura&amp;src=typed_query\">#Cibercultura<\/a><\/p>\n","protected":false},"excerpt":{"rendered":"<div class=\"slide-text-bg2\"><span>Cibercultura: La simplificaci\u00f3n del software para la generaci\u00f3n de contenidos online y la popularizaci\u00f3n de los tel\u00e9fonos inteligentes ha favorecido qu<\/span><\/div>\n<div class=\"slide-btn-area-sm\"><a href=\"https:\/\/congreso.us.es\/movenet\/ejes-tematicos\/cibercultura\/\" class=\"slide-btn-sm\">Leer m\u00e1s<\/a><\/div>\n","protected":false},"author":1,"featured_media":0,"parent":24,"menu_order":0,"comment_status":"closed","ping_status":"open","template":"","meta":[],"_links":{"self":[{"href":"https:\/\/congreso.us.es\/movenet\/wp-json\/wp\/v2\/pages\/1027"}],"collection":[{"href":"https:\/\/congreso.us.es\/movenet\/wp-json\/wp\/v2\/pages"}],"about":[{"href":"https:\/\/congreso.us.es\/movenet\/wp-json\/wp\/v2\/types\/page"}],"author":[{"embeddable":true,"href":"https:\/\/congreso.us.es\/movenet\/wp-json\/wp\/v2\/users\/1"}],"replies":[{"embeddable":true,"href":"https:\/\/congreso.us.es\/movenet\/wp-json\/wp\/v2\/comments?post=1027"}],"version-history":[{"count":1,"href":"https:\/\/congreso.us.es\/movenet\/wp-json\/wp\/v2\/pages\/1027\/revisions"}],"predecessor-version":[{"id":2108,"href":"https:\/\/congreso.us.es\/movenet\/wp-json\/wp\/v2\/pages\/1027\/revisions\/2108"}],"up":[{"embeddable":true,"href":"https:\/\/congreso.us.es\/movenet\/wp-json\/wp\/v2\/pages\/24"}],"wp:attachment":[{"href":"https:\/\/congreso.us.es\/movenet\/wp-json\/wp\/v2\/media?parent=1027"}],"curies":[{"name":"wp","href":"https:\/\/api.w.org\/{rel}","templated":true}]}}