{"id":1029,"date":"2021-06-09T07:31:22","date_gmt":"2021-06-09T07:31:22","guid":{"rendered":"https:\/\/congreso-move.net\/?page_id=1015"},"modified":"2023-11-28T08:02:17","modified_gmt":"2023-11-28T08:02:17","slug":"economia-politica","status":"publish","type":"page","link":"https:\/\/congreso.us.es\/movenet\/ejes-tematicos\/economia-politica\/","title":{"rendered":"Econom\u00eda pol\u00edtica de los medios digitales"},"content":{"rendered":"<p><span style=\"color: #ff6600;\"><strong>Econom\u00eda pol\u00edtica de los medios digitales:<\/strong><\/span> De manera complementaria al debate sobre las posibilidades de usos c\u00edvicos de las nuevas tecnolog\u00edas, la investigaci\u00f3n sobre los medios digitales debe afrontar, tambi\u00e9n, un an\u00e1lisis en clave de Econom\u00eda Pol\u00edtica de la Comunicaci\u00f3n. El estudio de las nuevas formas de subjetivaci\u00f3n y socializaci\u00f3n medi\u00e1tica, la producci\u00f3n y el consumo simb\u00f3lico, e incluso la trasformaci\u00f3n de la esfera p\u00fablica, el activismo y la tecnopol\u00edtica, son l\u00edneas de trabajo que no deben obviar asuntos estructurales a estas pr\u00e1cticas sociales, tales como la concentraci\u00f3n del poder simb\u00f3lico y econ\u00f3mico por parte del conglomerado GAFAM (Google, Amazon, Facebook, Apple y Microsoft), el capitalismo de datos, el consumo informacional y cultural, y la lucha por el c\u00f3digo. Las nuevas pr\u00e1cticas sociales que suceden en el contexto general de la sociedad global de la informaci\u00f3n y la comunicaci\u00f3n deben ser tomadas en consideraci\u00f3n dentro de la adecuaci\u00f3n de la l\u00f3gica de la industria cultural al contexto contempor\u00e1neo de neoliberalismo y capitalismo cognitivo. Por todo ello, cabe preguntarse: \u00bfCu\u00e1les son los cambios que la econom\u00eda digital ha impulsado en los sistemas de medios? \u00bfQu\u00e9 papel juegan los oligopolios tecnol\u00f3gicos en las posibilidades de los usos disruptivos de la tecnolog\u00eda para el cambio social? \u00bfQu\u00e9 cambios se han propiciado en la esfera p\u00fablica? \u00bfC\u00f3mo influye la l\u00f3gica del consumo digital en las formas de socializaci\u00f3n y construcci\u00f3n de identidades? \u00bfQu\u00e9 retos debe afrontar una agenda de investigaci\u00f3n en econom\u00eda pol\u00edtica de los medios digitales?<\/p>\n<p style=\"padding-left: 40px;\"><strong>Coordina: <\/strong>Uni\u00f3n Latina de Econom\u00eda Pol\u00edtica de la Informaci\u00f3n, la Comunicaci\u00f3n y la Cultura (<a href=\"https:\/\/ulepicc.es\/\">ULEPICC-Espa\u00f1a<\/a>)<br \/>\n<img loading=\"lazy\" class=\"wp-image-1051 alignleft\" src=\"http:\/\/congreso.us.es\/movenet\/wp-content\/uploads\/2021\/06\/cropped-logo-ulepic-federal-negativo.jpg\" alt=\"cropped-Logo-Ulepic-federal-negativo\" width=\"235\" height=\"76\" srcset=\"https:\/\/congreso.us.es\/movenet\/wp-content\/uploads\/2021\/06\/cropped-logo-ulepic-federal-negativo.jpg 1500w, https:\/\/congreso.us.es\/movenet\/wp-content\/uploads\/2021\/06\/cropped-logo-ulepic-federal-negativo-300x97.jpg 300w, https:\/\/congreso.us.es\/movenet\/wp-content\/uploads\/2021\/06\/cropped-logo-ulepic-federal-negativo-1024x332.jpg 1024w, https:\/\/congreso.us.es\/movenet\/wp-content\/uploads\/2021\/06\/cropped-logo-ulepic-federal-negativo-768x249.jpg 768w\" sizes=\"(max-width: 235px) 100vw, 235px\" \/><\/p>\n<p>&nbsp;<\/p>\n<p>&nbsp;<\/p>\n<p style=\"padding-left: 40px;\">Seguir eje: <a href=\"https:\/\/twitter.com\/search?q=%23EPMediosDigitales\">#EPMediosDigitales<\/a><\/p>\n","protected":false},"excerpt":{"rendered":"<div class=\"slide-text-bg2\"><span>Econom\u00eda pol\u00edtica de los medios digitales: De manera complementaria al debate sobre las posibilidades de usos c\u00edvicos de las nuevas tecnolog\u00edas, la inv<\/span><\/div>\n<div class=\"slide-btn-area-sm\"><a href=\"https:\/\/congreso.us.es\/movenet\/ejes-tematicos\/economia-politica\/\" class=\"slide-btn-sm\">Leer m\u00e1s<\/a><\/div>\n","protected":false},"author":1,"featured_media":0,"parent":24,"menu_order":0,"comment_status":"closed","ping_status":"closed","template":"","meta":[],"_links":{"self":[{"href":"https:\/\/congreso.us.es\/movenet\/wp-json\/wp\/v2\/pages\/1029"}],"collection":[{"href":"https:\/\/congreso.us.es\/movenet\/wp-json\/wp\/v2\/pages"}],"about":[{"href":"https:\/\/congreso.us.es\/movenet\/wp-json\/wp\/v2\/types\/page"}],"author":[{"embeddable":true,"href":"https:\/\/congreso.us.es\/movenet\/wp-json\/wp\/v2\/users\/1"}],"replies":[{"embeddable":true,"href":"https:\/\/congreso.us.es\/movenet\/wp-json\/wp\/v2\/comments?post=1029"}],"version-history":[{"count":5,"href":"https:\/\/congreso.us.es\/movenet\/wp-json\/wp\/v2\/pages\/1029\/revisions"}],"predecessor-version":[{"id":2126,"href":"https:\/\/congreso.us.es\/movenet\/wp-json\/wp\/v2\/pages\/1029\/revisions\/2126"}],"up":[{"embeddable":true,"href":"https:\/\/congreso.us.es\/movenet\/wp-json\/wp\/v2\/pages\/24"}],"wp:attachment":[{"href":"https:\/\/congreso.us.es\/movenet\/wp-json\/wp\/v2\/media?parent=1029"}],"curies":[{"name":"wp","href":"https:\/\/api.w.org\/{rel}","templated":true}]}}