{"id":1097,"date":"2021-07-05T09:00:37","date_gmt":"2021-07-05T09:00:37","guid":{"rendered":"https:\/\/congreso-move.net\/?page_id=1097"},"modified":"2023-11-28T07:52:19","modified_gmt":"2023-11-28T07:52:19","slug":"dataficacion","status":"publish","type":"page","link":"https:\/\/congreso.us.es\/movenet\/ejes-tematicos\/dataficacion\/","title":{"rendered":"Open Data"},"content":{"rendered":"<p><span style=\"color: #ff6600;\"><strong>Open Data:<\/strong> <\/span>La filosof\u00eda y la pr\u00e1ctica del open data persigue que determinados datos, especialmente de los gobiernos y administraciones p\u00fablicas, est\u00e9n disponibles de forma libre para toda la ciudadan\u00eda. \u00c9stas reivindicaciones se han traducido en la aprobaci\u00f3n de t\u00edmidas leyes de transparencia. Una vez que se ha conseguido convencer a ciertas instituciones p\u00fablicas de liberar determinados datos y facilitar su acceso surgen cuestiones en torno al alcance de esas leyes, la utilidad de los datos obtenidos o el car\u00e1cter p\u00fablico o reservado de determinada informaci\u00f3n: \u00bfSon suficientes las leyes de transparencia aprobadas? \u00bfQu\u00e9 utilidad tienen los datos facilitados para el control efectivo de los gobiernos por parte de la ciudadan\u00eda? \u00bfHasta qu\u00e9 punto algunos datos deben mantener su car\u00e1cter reservado? \u00bfSon leg\u00edtimas las filtraciones de informaci\u00f3n calificada como secreta en determinados casos (Wikileaks, Snowden, Falcini\u2026)? \u00bfPueden las redes digitales servir para que la ciudadan\u00eda vigile a sus gobiernos y no solo para que \u00e9stos vigilen a los ciudadanos?<\/p>\n<p style=\"padding-left: 40px;\">Seguir eje: <a href=\"https:\/\/twitter.com\/search?q=%23OpenData\">#OpenData<\/a><\/p>\n","protected":false},"excerpt":{"rendered":"<div class=\"slide-text-bg2\"><span>Open Data: La filosof\u00eda y la pr\u00e1ctica del open data persigue que determinados datos, especialmente de los gobiernos y administraciones p\u00fablicas, est\u00e9n <\/span><\/div>\n<div class=\"slide-btn-area-sm\"><a href=\"https:\/\/congreso.us.es\/movenet\/ejes-tematicos\/dataficacion\/\" class=\"slide-btn-sm\">Leer m\u00e1s<\/a><\/div>\n","protected":false},"author":1,"featured_media":0,"parent":24,"menu_order":0,"comment_status":"closed","ping_status":"closed","template":"","meta":[],"_links":{"self":[{"href":"https:\/\/congreso.us.es\/movenet\/wp-json\/wp\/v2\/pages\/1097"}],"collection":[{"href":"https:\/\/congreso.us.es\/movenet\/wp-json\/wp\/v2\/pages"}],"about":[{"href":"https:\/\/congreso.us.es\/movenet\/wp-json\/wp\/v2\/types\/page"}],"author":[{"embeddable":true,"href":"https:\/\/congreso.us.es\/movenet\/wp-json\/wp\/v2\/users\/1"}],"replies":[{"embeddable":true,"href":"https:\/\/congreso.us.es\/movenet\/wp-json\/wp\/v2\/comments?post=1097"}],"version-history":[{"count":1,"href":"https:\/\/congreso.us.es\/movenet\/wp-json\/wp\/v2\/pages\/1097\/revisions"}],"predecessor-version":[{"id":2110,"href":"https:\/\/congreso.us.es\/movenet\/wp-json\/wp\/v2\/pages\/1097\/revisions\/2110"}],"up":[{"embeddable":true,"href":"https:\/\/congreso.us.es\/movenet\/wp-json\/wp\/v2\/pages\/24"}],"wp:attachment":[{"href":"https:\/\/congreso.us.es\/movenet\/wp-json\/wp\/v2\/media?parent=1097"}],"curies":[{"name":"wp","href":"https:\/\/api.w.org\/{rel}","templated":true}]}}