{"id":1294,"date":"2021-06-09T10:42:06","date_gmt":"2021-06-09T10:42:06","guid":{"rendered":"https:\/\/congreso-move.net\/?page_id=1024"},"modified":"2023-11-28T07:40:37","modified_gmt":"2023-11-28T07:40:37","slug":"ciberfeminismos","status":"publish","type":"page","link":"https:\/\/congreso.us.es\/movenet\/ejes-tematicos\/ciberfeminismos\/","title":{"rendered":"Ciberfeminismos"},"content":{"rendered":"<p><span style=\"color: #ff6600;\"><strong>Ciberfeminismos:<\/strong><\/span> Los feminismos est\u00e1n problematizando los reg\u00edmenes de dominaci\u00f3n y la precarizaci\u00f3n de las vidas en el capitalismo cognitivo. La \u201ccuarta ola feminista\u201d amplia el sujeto pol\u00edtico de lucha feminista y ensaya pr\u00e1cticas inclusivas mediadas por la tecnolog\u00eda. El software y los medios sociales deben ser cuestionados, repensados y analizados desde una perspectiva cr\u00edtica, feminista y hacker. El \u2018estandar masculino\u2019 se ha instalado en el mundo digital y amplifica las desigualdades y los sesgos (g\u00e9nero, raza, clase) en los algoritmos, la Inteligencia Artificial, la acumulaci\u00f3n y mercantilizaci\u00f3n de metadatos como extracci\u00f3n del capital social (y cognitivo). \u00bfQu\u00e9 aporta la perspectiva feminista a la tecnolog\u00eda y la digitalizaci\u00f3n? \u00bfCu\u00e1les son los retos feministas de la soberan\u00eda tecnol\u00f3gica? \u00bfCu\u00e1les son las pr\u00e1cticas creativas, subversivas y humor\u00edsticas de los ciberfeminismos? \u00bfCu\u00e1les son las respuestas al capitalismo cognitivo y la precarizaci\u00f3n desde la econom\u00eda de los cuidados? \u00bfQu\u00e9 experiencias se registran contra las reacciones neomachistas de las redes? \u00bfCu\u00e1l es la alternativa feminista a las redes comerciales? \u00bfQu\u00e9 visiones aportan los sures globales a la conectividad?<\/p>\n<p style=\"padding-left: 40px;\"><strong>Coordina<\/strong><strong>:<\/strong> L\u00ednea de investigaci\u00f3n sobre Feminismos del Grupo Interdisciplinario de Estudios en Comunicaci\u00f3n, Pol\u00edtica y Cambio Social (<a href=\"https:\/\/compoliticas.org\/\">COMPOL\u00cdTICAS<\/a>)<\/p>\n<p style=\"padding-left: 40px;\"><a href=\"https:\/\/compoliticas.org\/\"><img loading=\"lazy\" class=\"alignnone size-full wp-image-93\" src=\"https:\/\/congresomove.files.wordpress.com\/2014\/01\/logo-compoliticas.jpg\" alt=\"logo compoliticas\" width=\"225\" height=\"50\" \/><\/a><\/p>\n<p style=\"padding-left: 40px;\">Seguir eje: <a href=\"https:\/\/twitter.com\/search?q=%23Ciberfeminismos\">#Ciberfeminismos<\/a><\/p>\n","protected":false},"excerpt":{"rendered":"<div class=\"slide-text-bg2\"><span>Ciberfeminismos: Los feminismos est\u00e1n problematizando los reg\u00edmenes de dominaci\u00f3n y la precarizaci\u00f3n de las vidas en el capitalismo cognitivo. La \u201ccu<\/span><\/div>\n<div class=\"slide-btn-area-sm\"><a href=\"https:\/\/congreso.us.es\/movenet\/ejes-tematicos\/ciberfeminismos\/\" class=\"slide-btn-sm\">Leer m\u00e1s<\/a><\/div>\n","protected":false},"author":1,"featured_media":0,"parent":24,"menu_order":0,"comment_status":"closed","ping_status":"closed","template":"","meta":[],"_links":{"self":[{"href":"https:\/\/congreso.us.es\/movenet\/wp-json\/wp\/v2\/pages\/1294"}],"collection":[{"href":"https:\/\/congreso.us.es\/movenet\/wp-json\/wp\/v2\/pages"}],"about":[{"href":"https:\/\/congreso.us.es\/movenet\/wp-json\/wp\/v2\/types\/page"}],"author":[{"embeddable":true,"href":"https:\/\/congreso.us.es\/movenet\/wp-json\/wp\/v2\/users\/1"}],"replies":[{"embeddable":true,"href":"https:\/\/congreso.us.es\/movenet\/wp-json\/wp\/v2\/comments?post=1294"}],"version-history":[{"count":1,"href":"https:\/\/congreso.us.es\/movenet\/wp-json\/wp\/v2\/pages\/1294\/revisions"}],"predecessor-version":[{"id":2106,"href":"https:\/\/congreso.us.es\/movenet\/wp-json\/wp\/v2\/pages\/1294\/revisions\/2106"}],"up":[{"embeddable":true,"href":"https:\/\/congreso.us.es\/movenet\/wp-json\/wp\/v2\/pages\/24"}],"wp:attachment":[{"href":"https:\/\/congreso.us.es\/movenet\/wp-json\/wp\/v2\/media?parent=1294"}],"curies":[{"name":"wp","href":"https:\/\/api.w.org\/{rel}","templated":true}]}}