{"id":1903,"date":"2023-11-13T10:38:41","date_gmt":"2023-11-13T10:38:41","guid":{"rendered":"http:\/\/congreso.us.es\/movenet\/?page_id=1903"},"modified":"2024-03-19T16:57:40","modified_gmt":"2024-03-19T16:57:40","slug":"c4p","status":"publish","type":"page","link":"https:\/\/congreso.us.es\/movenet\/c4p\/","title":{"rendered":"C4P: V Congreso Movenet"},"content":{"rendered":"<p><center><img loading=\"lazy\" class=\"alignnone wp-image-2152\" src=\"https:\/\/congreso.us.es\/movenet\/wp-content\/uploads\/2023\/11\/c4p-V-Movenet-31-MARZO-300x177.png\" alt=\"\" width=\"397\" height=\"234\" srcset=\"https:\/\/congreso.us.es\/movenet\/wp-content\/uploads\/2023\/11\/c4p-V-Movenet-31-MARZO-300x177.png 300w, https:\/\/congreso.us.es\/movenet\/wp-content\/uploads\/2023\/11\/c4p-V-Movenet-31-MARZO-1024x605.png 1024w, https:\/\/congreso.us.es\/movenet\/wp-content\/uploads\/2023\/11\/c4p-V-Movenet-31-MARZO-768x453.png 768w, https:\/\/congreso.us.es\/movenet\/wp-content\/uploads\/2023\/11\/c4p-V-Movenet-31-MARZO-1536x907.png 1536w, https:\/\/congreso.us.es\/movenet\/wp-content\/uploads\/2023\/11\/c4p-V-Movenet-31-MARZO-2048x1209.png 2048w\" sizes=\"(max-width: 397px) 100vw, 397px\" \/><\/center><\/p>\n<h2>El <span style=\"color: #000000;\"><strong>V Congreso Internacional Move.net<\/strong> sobre Movimientos Sociales y TIC<\/span> se celebrar\u00e1 en la Facultad de Comunicaci\u00f3n de la<span style=\"color: #000000;\"><strong> Universidad de Sevilla e<\/strong><strong>ntre el 1<\/strong><strong>5 <\/strong><strong>y el <\/strong><strong>17 de mayo de 2024 <\/strong><\/span>de manera presencial.<\/h2>\n<h1><span style=\"color: #ff0000;\"><strong>CALL FOR PAPERS:<\/strong><\/span><\/h1>\n<p>El Congreso abordar\u00e1, entre otros debates, los siguientes <strong>EJES TEM\u00c1TICOS:<\/strong><\/p>\n<p>\u2013 <a href=\"https:\/\/congreso-move.net\/ejes-tematicos\/soberania-tecnologica\/\">Soberan\u00eda tecnol\u00f3gica<\/a><br \/>\n\u2013 <a href=\"https:\/\/congreso-move.net\/ejes-tematicos\/derechos-digitales\/\">Derechos digitales<\/a><br \/>\n<a href=\"https:\/\/congreso-move.net\/ejes-tematicos\/ciberactivismo\/\">\u2013 Ciberactivismo<\/a><br \/>\n\u2013 <a href=\"https:\/\/congreso-move.net\/ejes-tematicos\/democracia-digital\/\">Democracia digital<\/a><br \/>\n\u2013 <a href=\"https:\/\/congreso-move.net\/ejes-tematicos\/dataficacion\/\">Dataficaci\u00f3n y sistemas algor\u00edtmicos<\/a><br \/>\n\u2013 <a href=\"https:\/\/congreso-move.net\/ejes-tematicos\/medios-en-la-red\/\">Medios en red<\/a><br \/>\n\u2013 <a href=\"https:\/\/congreso-move.net\/ejes-tematicos\/ciberfeminismos\/\">Ciberfeminismos<\/a><br \/>\n\u2013 <a href=\"https:\/\/congreso-move.net\/ejes-tematicos\/videoactivismo\/\">V\u00eddeoactivismo<\/a><br \/>\n\u2013 <a href=\"https:\/\/congreso-move.net\/ejes-tematicos\/narrativa-transmedia\/\">Cultura y narrativa transmedia<\/a><br \/>\n\u2013 <a href=\"https:\/\/congreso-move.net\/ejes-tematicos\/economia-politica\/\">Econo<\/a><a href=\"https:\/\/congreso-move.net\/ejes-tematicos\/economia-politica\/https:\/\/congreso-move.net\/ejes-tematicos\/economia-politica\/\">m\u00eda pol\u00edtica de los medios digitales<\/a><\/p>\n<p>El plazo para el env\u00edo de <span style=\"color: #ff0000;\"><strong>PROPUESTAS<\/strong><\/span><strong> (res\u00famenes de 400 palabras)<\/strong> <strong>se ha <span style=\"color: #ff0000;\">AMPLIADO HASTA EL 31 DE MARZO<\/span> de 2024<\/strong>. Se podr\u00e1 participar enviando una propuesta de comunicaci\u00f3n oral o de comunicaci\u00f3n escrita para ser presentadas en el congreso. La aceptaci\u00f3n de las propuestas se comunicar\u00e1 desde su recepci\u00f3n hasta el 31 de marzo.<\/p>\n<p>Una vez aceptadas las propuestas deber\u00e1 pagarse la <span style=\"color: #ff0000;\"><strong>INSCRIPCI\u00d3N<\/strong><\/span> (100\u20ac por cada autor\/a) hasta el <b>15 de ABRIL<\/b> <strong>de 2024.<\/strong><\/p>\n<p>Las<span style=\"color: #ff0000;\"><strong> COMUNICACIONES ESCRITAS<\/strong> <\/span><strong>(res\u00famenes extendidos de 800 palabras) <\/strong>ser\u00e1n objeto de publicaci\u00f3n en el Libro de Actas del Congreso, con ISBN y licencia Creative Commons, tras un proceso de revisi\u00f3n a cargo del Comit\u00e9 Cient\u00edfico. El plazo para el env\u00edo del texto finalizar\u00e1 el<strong> 20 de MAYO de 2024. <\/strong>Adem\u00e1s, una selecci\u00f3n de los textos incluidos en las Actas como res\u00famenes extendidos podr\u00e1n optar a publicarse en formato art\u00edculo en un <strong>n\u00famero monogr\u00e1fico <\/strong><strong>de una revista <\/strong><strong>cient\u00edfica <\/strong><strong>indexada<\/strong>: <a href=\"https:\/\/icjournal-ojs.org\/index.php\/IC-Journal\">Revista Cient\u00edfica de Informaci\u00f3n y Comunicaci\u00f3n IC<\/a>, (SJR\/Scopus Q2) o <a href=\"https:\/\/revistas.ucm.es\/index.php\/TEKN\/index\">Teknokultura<\/a> (ESCI, sello FECYT), por confirmar.<\/p>\n<hr \/>\n<h2><span style=\"color: #ff0000;\"><strong>1. FECHAS Y PLAZOS:<\/strong><\/span><\/h2>\n<p><span style=\"color: #000000;\"><del><strong>\u2013 Hasta el 15 de marzo de 2024:<\/strong><\/del><strong><span style=\"color: #ff0000;\">PLAZO AMPLIADO HASTA EL 31 DE MARZO:<\/span> <\/strong>Env\u00edo de <strong>PROPUESTAS<\/strong> (comunicaciones orales o escritas)<\/span><br \/>\nEnviar resumen de la propuesta de unas 400 palabras respetando la norma IMRD (Introducci\u00f3n, M\u00e9todo, Resultados y Discusi\u00f3n) y a\u00f1adir al final de 4 a 6 palabras clave, as\u00ed como el nombre, apellidos y filiaci\u00f3n institucional de cada autor\/a. Se puede incluir adem\u00e1s la adscripci\u00f3n de la propuesta a uno o varios de los ejes tem\u00e1ticos del Congreso.<br \/>\nLas propuestas deben enviarse en formato .odt, .doc o .docx al correo electr\u00f3nico jcandon@us.es indicando en el asunto: PROPUESTA MOVE.NET + Apellidos del primer autor\/a de la propuesta de comunicaci\u00f3n.<br \/>\nLa aceptaci\u00f3n de los res\u00famenes se ir\u00e1 comunicando a cada autor en el menor plazo posible tras recibir la propuesta. Una vez aceptado el resumen se podr\u00e1 proceder a formalizar la inscripci\u00f3n.<\/p>\n<p><span style=\"color: #000000;\"><strong>\u2013 Hasta el <\/strong><strong>15<\/strong><strong> de <\/strong><strong>abril<\/strong><strong> de 202<\/strong><strong>4<\/strong><strong>:<\/strong> Pago de la <strong>INSCRIPCI\u00d3N<\/strong> al Congreso.<\/span><br \/>\nUna vez aceptada la propuesta de comunicaci\u00f3n, los\/as autores\/as deber\u00e1n tramitar el pago de 100\u20ac en concepto de inscripci\u00f3n al Congreso [Ver apartado 3: Pago e inscripci\u00f3n].<\/p>\n<p><span style=\"color: #000000;\"><strong>\u2013 15, 16 y 17 de mayo d<\/strong><strong>e 20<\/strong><strong>24<\/strong><strong>:<\/strong> Lectura de comunicaciones y <\/span><strong><span style=\"color: #ff0000;\"><span style=\"text-decoration: underline;\"><span style=\"color: #000000; text-decoration: underline;\">CELEBRACI\u00d3N DEL CONGRESO<\/span><\/span><br \/>\n<\/span><\/strong>Para la lectura de comunicaciones en el Congreso los autores dispondr\u00e1n de unos 15 minutos por cada comunicaci\u00f3n, ampliables seg\u00fan las circunstancias. En su momento se fijar\u00e1n las fechas y horarios definitivos para la lectura de las comunicaciones.<\/p>\n<p><span style=\"color: #000000;\"><strong>\u2013 Hasta el <\/strong><strong>20<\/strong><strong> de <\/strong><strong>mayo<\/strong><strong> de 202<\/strong><strong>4:<\/strong> Env\u00edo del texto para las <\/span><strong><span style=\"color: #000000;\">COMUNICACIONES ESCRITAS<\/span><br \/>\n<\/strong>Los\/as autores\/as de las comunicaciones escritas deber\u00e1n enviar un texto en formato resumen extendido (800 palabras) para ser incluido en el libro de Actas del Congreso. Una selecci\u00f3n de los mismos podr\u00e1 optar a publicarse posteriormente como art\u00edculo en un n\u00famero monogr\u00e1fico de una revista cient\u00edfica indexada: <a href=\"https:\/\/icjournal-ojs.org\/index.php\/IC-Journal\">Revista Cient\u00edfica de Informaci\u00f3n y Comunicaci\u00f3n IC<\/a>, (SJR\/Scopus Q2) o <a href=\"https:\/\/revistas.ucm.es\/index.php\/TEKN\/index\">Teknokultura<\/a> (ESCI, sello FECYT), por confirmar.<\/p>\n<hr \/>\n<h2><span style=\"color: #ff0000;\"><strong>2. NORMAS Y FORMATO DE LAS COMUNICACIONES ESCRITAS:<\/strong><\/span><\/h2>\n<p>Los autores se comprometen a ofrecer un trabajo original y no publicado anteriormente en cualquier idioma. Se admiten textos en castellano, ingl\u00e9s o portugu\u00e9s.<\/p>\n<p>\u2013 Para la <strong>publicaci\u00f3n en el Libro de Actas:<br \/>\n<\/strong>La extensi\u00f3n de los textos, en formato resumen extendido, ser\u00e1 de un m\u00e1ximo de 800 palabras.<br \/>\nLas colaboraciones deben presentarse en formato .odt, .doc o .docx con un margen a la izquierda, derecha, superior e inferior de 2 cm, tipo de letra Times New Roman o Liberation Serif, 12 puntos e interlineado sencillo.<br \/>\nLas normas de estilo en la redacci\u00f3n del texto, citas, referencias, etc. seguir\u00e1n el modelo de la Asociaci\u00f3n Americana de Psicolog\u00eda (APA, S\u00e9ptima Edici\u00f3n).<\/p>\n<p>Debe incluirse:<br \/>\n\u2013 T\u00edtulo en el idioma original (en may\u00fascula, centrado, en negrita)<br \/>\n\u2013 T\u00edtulo traducido al ingl\u00e9s (en may\u00fascula, centrado)<br \/>\n\u2013 Apellidos y nombre de los\/as autores\/as (apellidos separados por una coma del nombre, en negrita y cursiva), nombre de la instituci\u00f3n de procedencia (entre par\u00e9ntesis y cursiva) y correo electr\u00f3nico de cada autor\/a (cursiva).<br \/>\n\u2013 5 palabras clave en el idioma original y separadas por comas.<br \/>\n\u2013 5 palabras clave en ingl\u00e9s.<br \/>\n\u2013 Selecci\u00f3n de uno o varios ejes tem\u00e1ticos del Congreso (opcional)<\/p>\n<p>Una selecci\u00f3n de los textos publicados en el Libro de Actas ser\u00e1 propuesta para su<strong> publicaci\u00f3n como art\u00edculo en un n\u00famero monogr\u00e1fico de <\/strong><strong>una<\/strong> <strong>revista cient\u00edfica indexada:<\/strong> <a href=\"https:\/\/icjournal-ojs.org\/index.php\/IC-Journal\">Revista Cient\u00edfica de Informaci\u00f3n y Comunicaci\u00f3n IC<\/a>, (SJR\/Scopus Q2) o <a href=\"https:\/\/revistas.ucm.es\/index.php\/TEKN\/index\">Teknokultura<\/a> (ESCI, sello FECYT), por confirmar. Una vez realizada la selecci\u00f3n de textos por parte del Comit\u00e9 Cient\u00edfico del Congreso, se le comunicar\u00e1 a los autores para que preparen un <strong>texto completo en formato art\u00edculo<\/strong> que deber\u00e1 seguir las normas y el formato de la revista.<\/p>\n<hr \/>\n<h2><span style=\"color: #ff0000;\"><strong>3. PAGO E INSCRIPCI\u00d3N:<\/strong><\/span><\/h2>\n<p>Una vez aceptado el resumen de la comunicaci\u00f3n ser\u00e1 necesario inscribirse en el Congreso, con un coste de <b>10<\/b><strong><b>0<\/b><\/strong><strong>\u20ac por cada autor\/a, <\/strong>y acudir al mismo para su lectura presencial en la fecha que se indique. Solo en casos muy excepcionales y por motivos justificados podr\u00e1 acordarse la presentaci\u00f3n por parte de terceras personas o en formato audiovisual (consultar con el coordinador al correo jcandon@us.es).<br \/>\nLos\/as socios\/as de <strong>ULEPICC-Espa\u00f1a<\/strong> al corriente de cuotas contar\u00e1n con un <strong>descuento del 25%<\/strong> sobre la tarifa regular de inscripci\u00f3n (su cuota ser\u00e1 de 75\u20ac; deber\u00e1n indicar su condici\u00f3n de miembro de UELPICC-Espa\u00f1a durante el proceso de inscripci\u00f3n).<\/p>\n<p>\u2013 Para realizar el pago deben realizar una transferencia al siguiente <strong><u>n\u00ba de cuenta bancaria<\/u><\/strong>:<\/p>\n<p style=\"padding-left: 40px;\">Banco: <strong>Triodos Bank<\/strong><br \/>\nIBAN:<strong> ES41 1491 0001 2430 0007 5942<\/strong><br \/>\n(C\u00f3digo BIC para transferencias internacionales: <strong>TRIOESMMXXX<\/strong>)<\/p>\n<p>\u2013 Es muy importante <strong><u>hacer constar los siguientes datos<\/u><\/strong> al realizar el ingreso:<\/p>\n<p style=\"padding-left: 40px;\">Beneficiario: <strong>RICCAP<br \/>\n<\/strong>Concepto: <strong>Apellido<\/strong><strong>s del autor\/a<\/strong><strong> + <\/strong><strong>V <\/strong><strong>Movenet<br \/>\n<\/strong>Importe: <b>10<\/b><strong><b>0<\/b><\/strong><strong>\u20ac por autor<\/strong> (75\u20ac para socios de ULEPICC)<\/p>\n<p>\u2013Por \u00faltimo se requiere <strong><u>enviar justificante del ingreso<\/u><\/strong> por correo electr\u00f3nico a la direcci\u00f3n jcandon@us.es<\/p>\n<p>(NOTA: En algunos casos de transferencias internacionales, las entidades bancarias pueden cobrar comisiones abusivas que superen incluso el coste de inscripci\u00f3n. Si est\u00e1 en dicha situaci\u00f3n contacte al correo jcandon@us.es)<\/p>\n<hr \/>\n<h2><span style=\"color: #ff0000;\"><strong>4. CERTIFICACI\u00d3N Y PUBLICACI\u00d3N DE LAS COMUNICACIONES:<\/strong><\/span><\/h2>\n<p>Los autores recibir\u00e1n el correspondiente<strong> Certificado acreditativo<\/strong> de su participaci\u00f3n como autor de la comunicaci\u00f3n oral o escrita tras la lectura de la misma en el Congreso.<br \/>\nLas comunicaciones escritas se publicar\u00e1n en el <strong>Libro de Actas<\/strong> del Congreso, que se editar\u00e1 en formato digital, con su correspondiente ISBN, bajo una licencia Creative Commons (Reconocimiento 3.0 Unported) y en el plazo m\u00e1s breve posible.<br \/>\nUna selecci\u00f3n de los textos publicados en las Actas ser\u00e1 propuesta para participar en el n\u00famero <strong>monogr\u00e1fico de <\/strong><strong>una\u00a0revista cient\u00edfica indexada:<\/strong> <a href=\"https:\/\/icjournal-ojs.org\/index.php\/IC-Journal\">Revista Cient\u00edfica de Informaci\u00f3n y Comunicaci\u00f3n IC<\/a>, (SJR\/Scopus Q2) o <a href=\"https:\/\/revistas.ucm.es\/index.php\/TEKN\/index\">Teknokultura<\/a> (ESCI, sello FECYT), por confirmar. El Comit\u00e9 Cient\u00edfico del Congreso comunicar\u00e1 a los autores seleccionados la propuesta para que env\u00eden el texto en formato art\u00edculo que optar\u00e1 a su publicaci\u00f3n en el monogr\u00e1fico.<\/p>\n","protected":false},"excerpt":{"rendered":"<div class=\"slide-text-bg2\"><span>El V Congreso Internacional Move.net sobre Movimientos Sociales y TIC se celebrar\u00e1 en la Facultad de Comunicaci\u00f3n de la Universidad de Sevilla entre el 1<\/span><\/div>\n<div class=\"slide-btn-area-sm\"><a href=\"https:\/\/congreso.us.es\/movenet\/c4p\/\" class=\"slide-btn-sm\">Leer m\u00e1s<\/a><\/div>\n","protected":false},"author":1,"featured_media":0,"parent":0,"menu_order":0,"comment_status":"closed","ping_status":"closed","template":"fullwidth.php","meta":[],"_links":{"self":[{"href":"https:\/\/congreso.us.es\/movenet\/wp-json\/wp\/v2\/pages\/1903"}],"collection":[{"href":"https:\/\/congreso.us.es\/movenet\/wp-json\/wp\/v2\/pages"}],"about":[{"href":"https:\/\/congreso.us.es\/movenet\/wp-json\/wp\/v2\/types\/page"}],"author":[{"embeddable":true,"href":"https:\/\/congreso.us.es\/movenet\/wp-json\/wp\/v2\/users\/1"}],"replies":[{"embeddable":true,"href":"https:\/\/congreso.us.es\/movenet\/wp-json\/wp\/v2\/comments?post=1903"}],"version-history":[{"count":31,"href":"https:\/\/congreso.us.es\/movenet\/wp-json\/wp\/v2\/pages\/1903\/revisions"}],"predecessor-version":[{"id":2156,"href":"https:\/\/congreso.us.es\/movenet\/wp-json\/wp\/v2\/pages\/1903\/revisions\/2156"}],"wp:attachment":[{"href":"https:\/\/congreso.us.es\/movenet\/wp-json\/wp\/v2\/media?parent=1903"}],"curies":[{"name":"wp","href":"https:\/\/api.w.org\/{rel}","templated":true}]}}