{"id":2159,"date":"2024-04-30T07:54:24","date_gmt":"2024-04-30T07:54:24","guid":{"rendered":"https:\/\/congreso.us.es\/movenet\/?page_id=2159"},"modified":"2024-05-08T10:15:20","modified_gmt":"2024-05-08T10:15:20","slug":"programa-5movenet","status":"publish","type":"page","link":"https:\/\/congreso.us.es\/movenet\/programa-5movenet\/","title":{"rendered":"Programa V Congreso Internacional Move.net"},"content":{"rendered":"\r\n\r\n\r\n\r\n\r\n<figure class=\"aligncenter size-large is-resized\">\r\n<p style=\"text-align: center;\"><strong><img loading=\"lazy\" class=\"alignnone wp-image-2170 size-full\" src=\"https:\/\/congreso.us.es\/movenet\/wp-content\/uploads\/2024\/04\/5movenet.png\" alt=\"\" width=\"1089\" height=\"196\" srcset=\"https:\/\/congreso.us.es\/movenet\/wp-content\/uploads\/2024\/04\/5movenet.png 1089w, https:\/\/congreso.us.es\/movenet\/wp-content\/uploads\/2024\/04\/5movenet-300x54.png 300w, https:\/\/congreso.us.es\/movenet\/wp-content\/uploads\/2024\/04\/5movenet-1024x184.png 1024w, https:\/\/congreso.us.es\/movenet\/wp-content\/uploads\/2024\/04\/5movenet-768x138.png 768w\" sizes=\"(max-width: 1089px) 100vw, 1089px\" \/><\/strong><\/p>\r\n<p style=\"text-align: center;\"><span style=\"color: #ff0000;\"><strong>15, 16 y 17 de mayo de 2024<\/strong><\/span><br \/><span style=\"color: #ff0000;\"><strong>Sala de Juntas de la Facultad de Comunicaci\u00f3n de la Universidad de Sevilla<\/strong><\/span><br \/>Avda. Am\u00e9rico Vespucio, s\/n. Isla de la Cartuja<br \/><a href=\"https:\/\/maps.app.goo.gl\/uZPrpsT358xbpdqb7\">https:\/\/maps.app.goo.gl\/uZPrpsT358xbpdqb7<\/a><\/p>\r\n<hr class=\"wp-block-separator\" \/>\r\n<h2 id=\"programa\" class=\"has-text-align-center has-vivid-red-color has-text-color\" style=\"text-align: center;\"><span style=\"color: #000000;\"><strong>PROGRAMA<\/strong><\/span><\/h2>\r\n<h1><strong><span style=\"color: #ff0000;\">Mi\u00e9rcoles 15<\/span><\/strong><\/h1>\r\n<p>10:30-11:00h <strong><span style=\"color: #000000;\">Bienvenida<\/span><br \/><\/strong><span style=\"color: #ff6600;\">\u00a0\u00a0 Jose Cand\u00f3n<\/span> &#8211; Presidente del Congreso Move.net<\/p>\r\n<p>11:00-12:00h <span style=\"color: #000000;\">Conferencia: <em><strong>Los frikis de la tecnopol\u00edtica y las guerras culturales: un acercamiento global<\/strong><\/em><\/span><br \/><span style=\"color: #ff6600;\">\u00a0\u00a0 John Postill<\/span> &#8211; RMIT University (Australia) [Presenta: Jose Cand\u00f3n]<\/p>\r\n<p><span style=\"color: #000000;\">12:30-14:30h <strong>LECTURA DE COMUNICACIONES<\/strong><\/span><\/p>\r\n<p><span style=\"text-decoration: underline; color: #000000;\">SEMINARIO 1<br \/><\/span><span style=\"color: #000000;\">[Coordinador: Jes\u00fas Sabariego]<\/span><span style=\"text-decoration: underline; color: #000000;\"><br \/><\/span><\/p>\r\n<p style=\"padding-left: 40px;\"><em><strong>Co-creaci\u00f3n de una gu\u00eda sobre el uso de la IA en comunicaci\u00f3n cient\u00edfica<\/strong><\/em><br \/>N\u00faria Saladi\u00e9 &#8211; Universitat Pompeu Fabra<\/p>\r\n<p style=\"padding-left: 40px;\"><strong><em>An\u00e1lisis de la conversaci\u00f3n digital en torno al ODS 5 (Igualdad de g\u00e9nero): evoluci\u00f3n hist\u00f3rica e interpretaci\u00f3n social<br \/><\/em><\/strong>Julen Orbegozo Terradillos &#8211; Universidad del Pa\u00eds Vasco<br \/>Ainara Larrondo Ureta &#8211; Universidad del Pa\u00eds Vasco<br \/>Urko Pe\u00f1a Alonso &#8211; Universidad del Pa\u00eds Vasco<\/p>\r\n<p style=\"padding-left: 40px;\"><em><strong>Inteligencia artificial en la democracia local: innovaciones, impactos y desaf\u00edos<br \/><\/strong><\/em>Samuel Calle Mendoza &#8211; Universidad Rey Juan Carlos<br \/>Isidoro Arroyo Almaraz &#8211; Universidad Rey Juan Carlos<\/p>\r\n<p style=\"padding-left: 40px;\"><em><strong>Cultural praxis: Smartphones reshaping Cuba&#8217;s public spaces<br \/><\/strong><\/em>Rayner Garc\u00eda Hern\u00e1ndez &#8211; Investigador independiente<\/p>\r\n<p style=\"padding-left: 40px;\"><em><strong>Portuguese television fiction streamed: the subtlety of neo-colonialist discourses<br \/><\/strong><\/em>S\u00f3nia de S\u00e1 &#8211; LabCom, University of Beira Interior (Portugal)<\/p>\r\n<p><span style=\"text-decoration: underline; color: #000000;\">SEMINARIO 2<br \/><\/span><span style=\"color: #000000;\">[Coordinador: David Montero]<\/span><span style=\"text-decoration: underline; color: #000000;\"><br \/><\/span><\/p>\r\n<p style=\"padding-left: 40px;\"><em><strong>Movimiento estudiantil Todos Somos Polit\u00e9cnico 2014: teorizaci\u00f3n y an\u00e1lisis<\/strong><\/em><br \/>Irma Isabel de la Puente Arellano &#8211; Universidad Nacional Aut\u00f3noma de M\u00e9xico<\/p>\r\n<p style=\"padding-left: 40px;\"><em><strong>Sostenibilidad de radios ind\u00edgenas en M\u00e9xico: recuento de la lucha de Radio Tosepan y Radio Cholollan en defensa de su autonom\u00eda<\/strong><\/em><br \/>Mar\u00eda Consuelo Lemus Pool &#8211; Universidad Aut\u00f3noma de Tamaulipas (M\u00e9xico)<br \/>C\u00e9sar B\u00e1rcenas Curtis &#8211; Universidad Aut\u00f3noma de Tamaulipas (M\u00e9xico)<\/p>\r\n<p style=\"padding-left: 40px;\"><em><strong>Cine comunitario, apropiaci\u00f3n tecnol\u00f3gica y participaci\u00f3n juvenil. Avances de un estudio con j\u00f3venes de Argentina<\/strong><\/em><br \/>Luc\u00eda Rinero &#8211; Universidad Nacional de C\u00f3rdoba (Argentina)<\/p>\r\n<p style=\"padding-left: 40px;\"><em><strong>Tecnopol\u00edtica migrante: apropiaciones de tecnolog\u00edas digitales en pr\u00e1cticas activistas de lucha por el acceso a derechos<\/strong><\/em><br \/>Liliane Dutra Brignol &#8211; Universidade Federal de Santa Maria (Brasil)<\/p>\r\n<p style=\"padding-left: 40px;\"><em><strong>Vinculaciones entre los movimientos tradicionales de videoactivismo y cine colaborativo, y sus evoluciones actuales<\/strong><\/em><br \/>Virginia Villaplana Ruiz &#8211; Universidad de Murcia<\/p>\r\n<p>17:00-18:00h <span style=\"color: #000000;\">Conferencia: <\/span><em><strong><span style=\"color: #000000;\">C\u00f3mo rodar un movimiento: el proceso de creaci\u00f3n del documental \u201cEducaci\u00f3n inclusiva: Quererla es crearla\u201d<\/span><br \/><\/strong><\/em><span style=\"color: #ff6600;\">\u00a0\u00a0 F\u00e1tima Solera Navarro<\/span> &#8211; Universidad de M\u00e1laga<br \/><span style=\"color: #ff6600;\">\u00a0\u00a0 Florencio Cabello Fern\u00e1ndez-Delgado<\/span> &#8211; Universidad de M\u00e1laga<br \/>\u00a0\u00a0 [Presenta: <span class=\"translatable-message\">David Montero<\/span>]<\/p>\r\n<p>18:00-19:00h <span style=\"color: #000000;\">Proyecci\u00f3n del documental: <em><strong>\u201cEducaci\u00f3n inclusiva: Quererla es crearla\u201d (Cecilia Barriga, 2022)<\/strong><\/em><\/span><\/p>\r\n<p>En <span style=\"text-decoration: underline; color: #000000;\">LIBRER\u00cdA LIBRER\u00cdA LA FUGA<\/span> (C\/ Conde de Torrej\u00f3n, 4 \u2013 Sevilla)<br \/>20:00-21:00h <span style=\"color: #000000;\">Presentaci\u00f3n de libros:<em><strong> Sostenibilidad de los medios en la era digital<\/strong><\/em>y <\/span><em><strong><span style=\"color: #000000;\">El Tercer Sector de la Comunicaci\u00f3n: Manual did\u00e1ctico<\/span><br \/><\/strong><\/em><span style=\"color: #ff6600;\">\u00a0\u00a0 Jose Cand\u00f3n Mena<\/span> &#8211; Universidad de Sevilla [Presenta: <span class=\"translatable-message\">Alejandro Barranquero<\/span>]<\/p>\r\n<h1><br \/><strong><span style=\"color: #ff0000;\">Jueves 16<\/span><\/strong><\/h1>\r\n<p>11:00-12:00h <span style=\"color: #000000;\">Conferencia: <\/span><em><strong><span style=\"color: #000000;\">Activismo cotidiano m\u00e1s all\u00e1 de lo digital. Explorando las luchas sociales y epist\u00e9micas a trav\u00e9s de un estudio piloto entre j\u00f3venes mexicanos<\/span><br \/><\/strong><\/em><span style=\"color: #ff6600;\">\u00a0\u00a0 Thomas Tufte<\/span> &#8211; Loughborough University London (Reino Unido) [Presenta: \u00c1ngel Barbas]<\/p>\r\n<p><span style=\"color: #000000;\">12:30-14:30h <strong>LECTURA DE COMUNICACIONES<\/strong><\/span><\/p>\r\n<p><span style=\"text-decoration: underline; color: #000000;\">SEMINARIO 1<br \/><\/span><span style=\"color: #000000;\"><span class=\"translatable-message\">[Coordinador: Javier Moreno<\/span><\/span><span style=\"color: #000000;\">]<\/span><span style=\"text-decoration: underline; color: #000000;\"><br \/><\/span><\/p>\r\n<p style=\"padding-left: 40px;\"><em><strong>Activismo visual y tecnopol\u00edtica en el paro nacional de Octubre de 2019 en Ecuador<br \/><\/strong><\/em>Christian Leon Mantilla &#8211; Universidad Andina Sim\u00f3n Bolivar<\/p>\r\n<p style=\"padding-left: 40px;\"><em><strong>Performances corpo-tecno-pol\u00edticos: poner el cuerpo en la calle y en la red como forma de protesta contempor\u00e1nea<br \/><\/strong><\/em>Yadis Vanessa Vanegas-Toala -Universidad Polit\u00e9cnica Salesiana, sede Quito. Ecuador.<\/p>\r\n<p style=\"padding-left: 40px;\"><em><strong>Paisaje Ling\u00fc\u00edstico Andal\u00fbh. La identidad ling\u00fc\u00edstica andaluza en la calle<br \/><\/strong><\/em>Jos\u00e9 F\u00e9lix Onta\u00f1\u00f3n &#8211; AndaluGeeks<\/p>\r\n<p style=\"padding-left: 40px;\"><em><strong>#alertaultra: Organizaci\u00f3n antifascista en Twitter y desintermediaci\u00f3n period\u00edstica<br \/><\/strong><\/em>Alex Araujo Batlle &#8211; Tecnocampus \u2013 UPF<br \/>Aina Fern\u00e0ndez-Aragon\u00e8s &#8211; Tecnocampus \u2013 UPF<br \/>David Puertas Graell &#8211; Universitat Ramon Llull<\/p>\r\n<p style=\"padding-left: 40px;\"><em><strong>Recordar para no olvidar: la historia del caso Villamir a trav\u00e9s del videojuego<br \/><\/strong><\/em>Mar\u00eda Inmaculada Tobar-Fern\u00e1ndez &#8211; Universidad de Sevilla<br \/>Thatiana Chaves D`Agostini Aquino &#8211; Universidade do Minho<\/p>\r\n<p style=\"padding-left: 40px;\"><em><strong>El enjuiciamiento del discurso de odio en l\u00ednea bajo la jurisdicci\u00f3n del Tribunal Europeo de Derechos Humanos<br \/><\/strong><\/em>Francisco Plac\u00edn Vergillo &#8211; Universidad de Sevilla<\/p>\r\n<p><span style=\"text-decoration: underline; color: #000000;\">SEMINARIO 2<br \/><\/span><span style=\"color: #000000;\"><span class=\"translatable-message\">[Coordinador: Luis Alain de la Noval<\/span><\/span><span style=\"color: #000000;\">]<\/span><span style=\"text-decoration: underline; color: #000000;\"><br \/><\/span><\/p>\r\n<p style=\"padding-left: 40px;\"><em><strong>Rebeli\u00f3n Cient\u00edfica. De los laboratorios a la acci\u00f3n pasando por la redes sociales<br \/><\/strong><\/em>Alexandre L\u00f3pez-Borrull &#8211; Universitat Oberta de Catalunya<br \/>Sandra Sanz Martos &#8211; Universitat Oberta de Catalunya<br \/>Candela Oll\u00e9 &#8211; Universitat Oberta de Catalunya<\/p>\r\n<p style=\"padding-left: 40px;\"><em><strong>An\u00e1lisis de los contenidos en los medios sociales de Espa\u00f1a y Chile. La calidad de la dieta medi\u00e1tica de los j\u00f3venes y la construcci\u00f3n de su identidad<br \/><\/strong><\/em>N\u00faria Roca-Trenchs &#8211; Universitat Internacional de Catalunya<br \/>Ana Mar\u00eda Castillo Hinojosa &#8211; Affiliate BKC Harvard<br \/>Pedro Sigaud-Sellos &#8211; Universitat Internacional de Catalunya<\/p>\r\n<p style=\"padding-left: 40px;\"><em><strong>La formaci\u00f3n y la dinamizaci\u00f3n de grupos de mayores a trav\u00e9s de la radio como herramienta pedag\u00f3gica de transmisi\u00f3n del conocimiento desde metodolog\u00edas colaborativas<br \/><\/strong><\/em>Juan Blanco-L\u00f3pez &#8211; Universidad Pablo de Olavide<br \/>Noelia Mar\u00eda C\u00e1meron-N\u00fa\u00f1ez &#8211; Universidad Pablo de Olavide<\/p>\r\n<p style=\"padding-left: 40px;\"><em><strong>Resistencia Online &#8211; Represi\u00f3n Offline: La Criminalizaci\u00f3n de la Protesta Estudiantil en la Era de la Participaci\u00f3n Digital en Colombia<br \/><\/strong><\/em>C\u00e9sar Augusto Palencia Triana &#8211; Fundaci\u00f3n Universitaria Los Libertadores<\/p>\r\n<p style=\"padding-left: 40px;\"><em><strong>Alfabetizaci\u00f3n para la participaci\u00f3n digital de los adolescentes en situaciones de riesgo<br \/><\/strong><\/em>Tania Forja Pena &#8211; Universidade de Santiago de Compostela<br \/>Jos\u00e9 Luis Cap\u00f3n Garc\u00eda &#8211; Universidade de Santiago de Compostela<br \/>Berta Garc\u00eda Orosa &#8211; Universidade de Santiago de Compostela<\/p>\r\n<p style=\"padding-left: 40px;\"><em><strong>Memes feministas: una propuesta para su an\u00e1lisis<br \/><\/strong><\/em>Macarena Hern\u00e1ndez Conde &#8211; Universidad de Sevilla<\/p>\r\n<p>17:00-18:00h <span style=\"color: #000000;\">Conferencia: <\/span><em><strong><span style=\"color: #000000;\">\u201cMis datos, mis reglas\u201d: An\u00e1lisis comparativo de las pol\u00edticas de privacidad de las aplicaciones de control de ciclo menstrual en EEUU y la UE en la era post \u201cDobbs contra Jackson\u201d<\/span><br \/><\/strong><\/em><span style=\"color: #ff6600;\">\u00a0\u00a0 Marina G\u00f3mez Alcalde<\/span> &#8211; Universidad de M\u00e1laga [Presenta: <span class=\"translatable-message\">Inma Tobar]<\/span><\/p>\r\n<p>18:00-19:00h <span style=\"color: #000000;\">Conferencia: <em><strong>El empoderamiento digital de las mujeres para una agenda propia de g\u00e9nero y el liderazgo en el desarrollo local<\/strong><\/em><\/span><br \/><span style=\"color: #ff6600;\">\u00a0\u00a0 Luc\u00eda Ben\u00edtez Eyzaguirre<\/span> &#8211; Universidad de C\u00e1diz [Presenta: Jose Cand\u00f3n<span class=\"translatable-message\">]<\/span><\/p>\r\n<p>&nbsp;<\/p>\r\n<h1><span style=\"color: #ff0000;\"><strong>Viernes 17<\/strong><\/span><\/h1>\r\n<p>11:00-12:00h <span style=\"color: #000000;\">Conferencia: <\/span><em><strong><span style=\"color: #000000;\">Algoritmos de resistencia: agencia, imaginaci\u00f3n y solidaridad en la sociedad de las plataformas<\/span><br \/><\/strong><\/em><span style=\"color: #ff6600;\">\u00a0\u00a0 Emiliano Trer\u00e9 <\/span>&#8211; Universidad de Cardiff (Reino Unido) [Presenta: David Montero<span class=\"translatable-message\">]<\/span><\/p>\r\n<p><span style=\"color: #000000;\">12:30-14:30h<strong> LECTURA DE COMUNICACIONES<\/strong><\/span><\/p>\r\n<p><span style=\"text-decoration: underline; color: #000000;\">SEMINARIO 1<br \/><\/span><span style=\"color: #000000;\"><span class=\"translatable-message\">[Coordinador: Jos\u00e9 Manuel Moreno<\/span><\/span><span style=\"color: #000000;\">]<\/span><span style=\"text-decoration: underline; color: #000000;\"><br \/><\/span><\/p>\r\n<p style=\"padding-left: 40px;\"><em><strong>Medios independientes y educaci\u00f3n medi\u00e1tica: un estudio comparado entre Espa\u00f1a y el Reino Unido<br \/><\/strong><\/em>\u00c1ngel Barbas &#8211; UNED<\/p>\r\n<p style=\"padding-left: 40px;\"><em><strong>El reto de comprender la Sostenibilidad y Diversidad del Tercer Sector de la Comunicaci\u00f3n en Espa\u00f1a. Una encuesta piloto<br \/><\/strong><\/em>Sara Garc\u00eda-Caballero &#8211; Universidad Carlos III de Madrid \/ RICCAP<br \/>Alejandro Barranquero-Carretero &#8211; Universidad Carlos III de Madrid \/ RICCAP<\/p>\r\n<p style=\"padding-left: 40px;\"><em><strong>Anatom\u00eda del activismo digital en \u00c1frica subsahariana, composici\u00f3n, motivaciones y valores<br \/><\/strong><\/em>Carlos Bajo Erro &#8211; Universidad Ramon Llull (Blanquerna)<\/p>\r\n<p style=\"padding-left: 40px;\"><em><strong>Entre el periodismo y la memoria: tres casos de archivo digital cooperativo en Espa\u00f1a, Argentina y Egipto<br \/><\/strong><\/em>Eduardo del Campo Cort\u00e9s &#8211; Universidad de Sevilla<\/p>\r\n<p style=\"padding-left: 40px;\"><em><strong>Museos y p\u00f3dcast: la expansi\u00f3n sonora del arte dentro del relato transmedia<br \/><\/strong><\/em>Ra\u00fal Terol Bolinches &#8211; Universitat Polit\u00e8cnica de Val\u00e8ncia<\/p>\r\n<p style=\"padding-left: 40px;\"><em><strong>Soberan\u00eda tecnol\u00f3gica, inteligencia colectiva y gobernanza digital en Taiw\u00e1n<br \/><\/strong><\/em>Mar Llera &#8211; Universidad de Sevilla<\/p>\r\n<p style=\"padding-left: 40px;\"><em><strong>Las tres corrientes del feminismo digital: ciberfeminismo, feminismo social digital y hackfeminismo<br \/><\/strong><\/em>Guiomar Rovira Sancho, Universitat de Girona<\/p>\r\n<p><span style=\"text-decoration: underline; color: #000000;\">SEMINARIO 2<br \/><\/span><span style=\"color: #000000;\">[Coordinador: Jes\u00fas Sabariego]<\/span><span style=\"text-decoration: underline; color: #000000;\"><br \/><\/span><\/p>\r\n<p style=\"padding-left: 40px;\"><em><strong>Ciberfeminismo desde la periferia. Una mirada a las pr\u00e1cticas en el mundo virtual de las colectivas feministas del Caribe colombiano<br \/><\/strong><\/em>Liliana L\u00f3pez Forero &#8211; Universidad Sim\u00f3n Bol\u00edvar<\/p>\r\n<p style=\"padding-left: 40px;\"><em><strong>Memes no Instagram: manifesta\u00e7\u00e3o social e pol\u00edtica pelo trabalho decente<br \/><\/strong><\/em>Gibsy Lisie Caporal Soares &#8211; Universidade Federal de Santa Maria<br \/>Rosalba Mancinas Ch\u00e1vez &#8211; Universidad de Sevilla<\/p>\r\n<p style=\"padding-left: 40px;\"><em><strong>Inteligencia Artificial como derecho humano para la acci\u00f3n colectiva y el arribo a la opini\u00f3n p\u00fablica. De los desaf\u00edos \u00e9ticos al an\u00e1lisis de expertos<\/strong><\/em><br \/>Luis Josu\u00e9 Lugo S\u00e1nchez &#8211; Universidad Nacional Aut\u00f3noma de M\u00e9xico (UNAM)<br \/>Mar\u00eda Cruz Tornay M\u00e1rquez &#8211; Universidad de Sevilla<\/p>\r\n<p style=\"padding-left: 40px;\"><em><strong>Nuevas formas de control sobre los cuerpos gestantes: Breves reflexiones sobre las Apps de seguimiento del ciclo menstrual y del embarazo<br \/><\/strong><\/em>Mariana Goulart &#8211; Pontificia Universidad Cat\u00f3lica de Rio Grande do Sul<\/p>\r\n<p style=\"padding-left: 40px;\"><em><strong>Geolog\u00eda y geopol\u00edtica de la comunicaci\u00f3n digital<br \/><\/strong><\/em>Daniela Monje &#8211; Universidad Nacional de C\u00f3rdoba (Argentina)<\/p>\r\n<p style=\"padding-left: 40px;\"><em><strong>La regulaci\u00f3n de la comunicaci\u00f3n en Am\u00e9rica Latina bajo el impulso de la innovaci\u00f3n digital. El caso del Observatorio Latinoamericano de Regulaci\u00f3n de Medios y Convergencia (OBSERVACOM)<br \/><\/strong><\/em>Javier Moreno &#8211; Universidad de Sevilla<\/p>\r\n<p>17:00-18:00h <span style=\"color: #000000;\">Conferencia: <\/span><em><strong><span style=\"color: #000000;\">Propuestas comunicativas contra la desinformaci\u00f3n y los discursos del odio<\/span><br \/><\/strong><\/em><span style=\"color: #ff6600;\">\u00a0\u00a0 M. Cruz Tornay-M\u00e1rquez<\/span> &#8211; Centro Universitario San Isidoro, Universidad Pablo de Olavide<br \/><span style=\"color: #ff6600;\">\u00a0\u00a0 Salom\u00e9 Sola-Morales<\/span> &#8211; Universidad de Sevilla<br \/><span style=\"color: #ff6600;\">\u00a0\u00a0 Sandra Arenc\u00f3n-Beltr\u00e1n<\/span> &#8211; Universidad de Sevilla<br \/>\u00a0\u00a0 [Presenta: Macarena Hern\u00e1ndez<span class=\"translatable-message\">]<\/span><\/p>\r\n<p>18:00-18:45h <span style=\"color: #000000;\">Presentaci\u00f3n del libro: <\/span><em><strong><span style=\"color: #000000;\">#MeToo. La ola de las multitudes conectadas feministas<\/span><br \/><\/strong><\/em><span style=\"color: #ff6600;\">\u00a0\u00a0 Guiomar Rovira Sancho<\/span> &#8211; Universitat de Girona [Presenta: Jose Cand\u00f3n<span class=\"translatable-message\">]<\/span><\/p>\r\n<p>En <span style=\"text-decoration: underline; color: #000000;\">LIBRER\u00cdA CASA TOMADA<\/span> (C\/ Muro de los Navarros, 66. Puerta Osario &#8211; Sevilla)<br \/>19:30-20:15h <span style=\"color: #000000;\">Presentaci\u00f3n del libro: <\/span><em><strong><span style=\"color: #000000;\">Justicia de datos. Consecuencias sociales de los macrodatos, la tecnolog\u00eda inteligente y la IA<\/span><br \/><\/strong><\/em><span style=\"color: #ff6600;\">\u00a0\u00a0 Emiliano Trer\u00e9<\/span> &#8211; Universidad de Cardiff (Reino Unido) [Presenta: Alejandro Barranquero<span class=\"translatable-message\">]<\/span><\/p>\r\n<\/figure>\r\n<p style=\"text-align: center;\"><a href=\"https:\/\/congreso.us.es\/movenet\/wp-content\/uploads\/2024\/05\/Cartel-programa-V-Movenet.pdf\"><img loading=\"lazy\" class=\"aligncenter wp-image-2184 size-full\" src=\"https:\/\/congreso.us.es\/movenet\/wp-content\/uploads\/2024\/05\/cartel.png\" alt=\"\" width=\"484\" height=\"676\" srcset=\"https:\/\/congreso.us.es\/movenet\/wp-content\/uploads\/2024\/05\/cartel.png 484w, https:\/\/congreso.us.es\/movenet\/wp-content\/uploads\/2024\/05\/cartel-215x300.png 215w\" sizes=\"(max-width: 484px) 100vw, 484px\" \/><\/a><a href=\"https:\/\/congreso.us.es\/movenet\/wp-content\/uploads\/2024\/05\/Cartel-programa-V-Movenet.pdf\">Descargar cartel-programa V Movenet (pdf)<\/a><\/p>\r\n<p>&nbsp;<\/p>\r\n<p><img loading=\"lazy\" class=\"alignnone  wp-image-2180\" src=\"https:\/\/congreso.us.es\/movenet\/wp-content\/uploads\/2024\/05\/plano-V-Movenet-300x152.png\" alt=\"\" width=\"780\" height=\"395\" srcset=\"https:\/\/congreso.us.es\/movenet\/wp-content\/uploads\/2024\/05\/plano-V-Movenet-300x152.png 300w, https:\/\/congreso.us.es\/movenet\/wp-content\/uploads\/2024\/05\/plano-V-Movenet-1024x519.png 1024w, https:\/\/congreso.us.es\/movenet\/wp-content\/uploads\/2024\/05\/plano-V-Movenet-768x389.png 768w, https:\/\/congreso.us.es\/movenet\/wp-content\/uploads\/2024\/05\/plano-V-Movenet-1536x778.png 1536w, https:\/\/congreso.us.es\/movenet\/wp-content\/uploads\/2024\/05\/plano-V-Movenet-2048x1037.png 2048w\" sizes=\"(max-width: 780px) 100vw, 780px\" \/><\/p>\r\n\r\n\r\n\r\n<figure class=\"wp-block-image size-large\"><\/figure>\r\n","protected":false},"excerpt":{"rendered":"<div class=\"slide-text-bg2\"><span>15, 16 y 17 de mayo de 2024Sala de Juntas de la Facultad de Comunicaci\u00f3n de la Universidad de SevillaAvda. Am\u00e9rico Vespucio, s\/n. Isla de la Cartujahttps<\/span><\/div>\n<div class=\"slide-btn-area-sm\"><a href=\"https:\/\/congreso.us.es\/movenet\/programa-5movenet\/\" class=\"slide-btn-sm\">Leer m\u00e1s<\/a><\/div>\n","protected":false},"author":1,"featured_media":0,"parent":0,"menu_order":0,"comment_status":"closed","ping_status":"closed","template":"","meta":[],"_links":{"self":[{"href":"https:\/\/congreso.us.es\/movenet\/wp-json\/wp\/v2\/pages\/2159"}],"collection":[{"href":"https:\/\/congreso.us.es\/movenet\/wp-json\/wp\/v2\/pages"}],"about":[{"href":"https:\/\/congreso.us.es\/movenet\/wp-json\/wp\/v2\/types\/page"}],"author":[{"embeddable":true,"href":"https:\/\/congreso.us.es\/movenet\/wp-json\/wp\/v2\/users\/1"}],"replies":[{"embeddable":true,"href":"https:\/\/congreso.us.es\/movenet\/wp-json\/wp\/v2\/comments?post=2159"}],"version-history":[{"count":18,"href":"https:\/\/congreso.us.es\/movenet\/wp-json\/wp\/v2\/pages\/2159\/revisions"}],"predecessor-version":[{"id":2192,"href":"https:\/\/congreso.us.es\/movenet\/wp-json\/wp\/v2\/pages\/2159\/revisions\/2192"}],"wp:attachment":[{"href":"https:\/\/congreso.us.es\/movenet\/wp-json\/wp\/v2\/media?parent=2159"}],"curies":[{"name":"wp","href":"https:\/\/api.w.org\/{rel}","templated":true}]}}