{"id":33,"date":"2014-01-15T12:40:16","date_gmt":"2014-01-15T12:40:16","guid":{"rendered":"http:\/\/congreso-move.net\/?page_id=33"},"modified":"2023-11-28T07:56:50","modified_gmt":"2023-11-28T07:56:50","slug":"soberania-tecnologica","status":"publish","type":"page","link":"https:\/\/congreso.us.es\/movenet\/ejes-tematicos\/soberania-tecnologica\/","title":{"rendered":"Soberan\u00eda tecnol\u00f3gica"},"content":{"rendered":"<p><span style=\"color: #ff6600;\"><strong>Soberan\u00eda tecnol\u00f3gica:<\/strong><\/span> El potencial emancipador de las nuevas tecnolog\u00edas entra a menudo en contradicci\u00f3n con el dominio de \u00e9stas por parte de grandes corporaciones y el control legislativo de los estados. La vigilancia y el control constituyen riesgos reales para la privacidad y el derecho al anonimato de los usuarios y, en particular, para los activistas sociales que pueden sufrir la represi\u00f3n de los poderes a los que se enfrentan. A pesar de los riesgos se\u00f1alados, los movimientos siguen haciendo un uso disruptivo de tecnolog\u00edas comerciales, pero tambi\u00e9n apuestan por el desarrollo de proyectos aut\u00f3nomos de innovaci\u00f3n tecnol\u00f3gica: \u00bfCu\u00e1les son los riesgos y amenazas del uso por parte de los movimientos de tecnolog\u00edas desarrolladas por empresas oligopolisticas comerciales? \u00bfQu\u00e9 peligros tiene para el activismo la vigilancia y el control por parte de gobiernos y empresas? \u00bfA qu\u00e9 retos se enfrentan las iniciativas de desarrollo aut\u00f3nomo de herramientas tecnol\u00f3gicas por parte de los movimientos? \u00bfMerece la pena el uso disruptivo de tecnolog\u00edas ajenas a pesar de sus riesgos?<\/p>\n<p style=\"padding-left: 40px;\"><strong>Coordina:<\/strong> <a href=\"https:\/\/calafou.org\/web\/index.php\/inicio\">Calafou<\/a> &#8211; Colonia Ecoindustrial Postcapitalista<\/p>\n<p style=\"padding-left: 40px;\"><a href=\"http:\/\/congreso.us.es\/movenet\/wp-content\/uploads\/2021\/07\/2660_256_256_0.jpg\"><img loading=\"lazy\" class=\"alignnone size-full wp-image-1177\" src=\"http:\/\/congreso.us.es\/movenet\/wp-content\/uploads\/2021\/07\/2660_256_256_0.jpg\" alt=\"\" width=\"256\" height=\"75\" \/><\/a><\/p>\n<p style=\"padding-left: 40px;\">Seguir eje: <a href=\"https:\/\/twitter.com\/search?q=%23Soberan%C3%ADaTecnol%C3%B3gica\">#Soberan\u00edaTecnol\u00f3gica<\/a><\/p>\n<p>&nbsp;<\/p>\n","protected":false},"excerpt":{"rendered":"<div class=\"slide-text-bg2\"><span>Soberan\u00eda tecnol\u00f3gica: El potencial emancipador de las nuevas tecnolog\u00edas entra a menudo en contradicci\u00f3n con el dominio de \u00e9stas por parte de grandes<\/span><\/div>\n<div class=\"slide-btn-area-sm\"><a href=\"https:\/\/congreso.us.es\/movenet\/ejes-tematicos\/soberania-tecnologica\/\" class=\"slide-btn-sm\">Leer m\u00e1s<\/a><\/div>\n","protected":false},"author":1,"featured_media":0,"parent":24,"menu_order":0,"comment_status":"closed","ping_status":"open","template":"","meta":[],"_links":{"self":[{"href":"https:\/\/congreso.us.es\/movenet\/wp-json\/wp\/v2\/pages\/33"}],"collection":[{"href":"https:\/\/congreso.us.es\/movenet\/wp-json\/wp\/v2\/pages"}],"about":[{"href":"https:\/\/congreso.us.es\/movenet\/wp-json\/wp\/v2\/types\/page"}],"author":[{"embeddable":true,"href":"https:\/\/congreso.us.es\/movenet\/wp-json\/wp\/v2\/users\/1"}],"replies":[{"embeddable":true,"href":"https:\/\/congreso.us.es\/movenet\/wp-json\/wp\/v2\/comments?post=33"}],"version-history":[{"count":3,"href":"https:\/\/congreso.us.es\/movenet\/wp-json\/wp\/v2\/pages\/33\/revisions"}],"predecessor-version":[{"id":2100,"href":"https:\/\/congreso.us.es\/movenet\/wp-json\/wp\/v2\/pages\/33\/revisions\/2100"}],"up":[{"embeddable":true,"href":"https:\/\/congreso.us.es\/movenet\/wp-json\/wp\/v2\/pages\/24"}],"wp:attachment":[{"href":"https:\/\/congreso.us.es\/movenet\/wp-json\/wp\/v2\/media?parent=33"}],"curies":[{"name":"wp","href":"https:\/\/api.w.org\/{rel}","templated":true}]}}