{"id":38,"date":"2014-01-15T12:44:35","date_gmt":"2014-01-15T12:44:35","guid":{"rendered":"http:\/\/congreso-move.net\/?page_id=38"},"modified":"2023-11-28T07:36:47","modified_gmt":"2023-11-28T07:36:47","slug":"ciberactivismo","status":"publish","type":"page","link":"https:\/\/congreso.us.es\/movenet\/ejes-tematicos\/ciberactivismo\/","title":{"rendered":"Ciberactivismo"},"content":{"rendered":"<p><strong><span style=\"color: #ff6600;\">Ciberactivismo:<\/span> <\/strong>Los movimientos usan la tecnolog\u00eda para la realizaci\u00f3n de determinadas tareas, desde la organizaci\u00f3n hasta la comunicaci\u00f3n (interna y externa), pero tambi\u00e9n para la propia lucha pol\u00edtica, enriqueciendo su repertorio de confrontaci\u00f3n con acciones organizadas virtualmente y llevadas a cabo en el espacio f\u00edsico o con la realizaci\u00f3n de acciones propiamente virtuales. Por tanto, el papel de la red no se limita a ser una herramienta de lucha, sino que en determinadas circunstancias conforma el propio campo de batalla y el objeto de reivindicaci\u00f3n que gu\u00eda la acci\u00f3n colectiva: \u00bfSon efectivas las acciones que se desarrollan \u00fanicamente en el espacio virtual? \u00bfC\u00f3mo complementan a las luchas en el territorio? \u00bfQu\u00e9 relaciones se dan entre el activismo cl\u00e1sico y el virtual? \u00bfCu\u00e1les son las principales innovaciones en el repertorio de confrontaci\u00f3n que puede aportar el ciberactivismo?<\/p>\n<p style=\"padding-left: 40px;\">Seguir eje: <a href=\"https:\/\/twitter.com\/search?q=%23Ciberactivismo\">#Ciberactivismo<\/a><\/p>\n","protected":false},"excerpt":{"rendered":"<div class=\"slide-text-bg2\"><span>Ciberactivismo: Los movimientos usan la tecnolog\u00eda para la realizaci\u00f3n de determinadas tareas, desde la organizaci\u00f3n hasta la comunicaci\u00f3n (interna y e<\/span><\/div>\n<div class=\"slide-btn-area-sm\"><a href=\"https:\/\/congreso.us.es\/movenet\/ejes-tematicos\/ciberactivismo\/\" class=\"slide-btn-sm\">Leer m\u00e1s<\/a><\/div>\n","protected":false},"author":1,"featured_media":0,"parent":24,"menu_order":0,"comment_status":"closed","ping_status":"open","template":"","meta":[],"_links":{"self":[{"href":"https:\/\/congreso.us.es\/movenet\/wp-json\/wp\/v2\/pages\/38"}],"collection":[{"href":"https:\/\/congreso.us.es\/movenet\/wp-json\/wp\/v2\/pages"}],"about":[{"href":"https:\/\/congreso.us.es\/movenet\/wp-json\/wp\/v2\/types\/page"}],"author":[{"embeddable":true,"href":"https:\/\/congreso.us.es\/movenet\/wp-json\/wp\/v2\/users\/1"}],"replies":[{"embeddable":true,"href":"https:\/\/congreso.us.es\/movenet\/wp-json\/wp\/v2\/comments?post=38"}],"version-history":[{"count":2,"href":"https:\/\/congreso.us.es\/movenet\/wp-json\/wp\/v2\/pages\/38\/revisions"}],"predecessor-version":[{"id":2103,"href":"https:\/\/congreso.us.es\/movenet\/wp-json\/wp\/v2\/pages\/38\/revisions\/2103"}],"up":[{"embeddable":true,"href":"https:\/\/congreso.us.es\/movenet\/wp-json\/wp\/v2\/pages\/24"}],"wp:attachment":[{"href":"https:\/\/congreso.us.es\/movenet\/wp-json\/wp\/v2\/media?parent=38"}],"curies":[{"name":"wp","href":"https:\/\/api.w.org\/{rel}","templated":true}]}}