{"id":40,"date":"2014-01-15T12:45:09","date_gmt":"2014-01-15T12:45:09","guid":{"rendered":"http:\/\/congreso-move.net\/?page_id=40"},"modified":"2023-11-28T07:37:56","modified_gmt":"2023-11-28T07:37:56","slug":"democracia-digital","status":"publish","type":"page","link":"https:\/\/congreso.us.es\/movenet\/ejes-tematicos\/democracia-digital\/","title":{"rendered":"Democracia digital"},"content":{"rendered":"<p><span style=\"color: #ff6600;\"><strong>Democracia Digital:<\/strong><\/span> Internet no es solo una herramienta de lucha, sino que se convierte tambi\u00e9n en un s\u00edmbolo de nuevas formas de participaci\u00f3n y organizaci\u00f3n social. Si la imposibilidad del debate y la participaci\u00f3n directa en amplios grupos ha sido la justificaci\u00f3n cl\u00e1sica de los modelos representativos de democracia, la red, permitiendo una comunicaci\u00f3n horizontal a gran escala, ilustra y abre v\u00edas de posibilidad para cuestionar la irremediabilidad del modelo meramente representativo. Por otra parte, la democracia digital remite tambi\u00e9n al uso de las redes por parte de los partidos pol\u00edticos cl\u00e1sicos, sin que \u00e9stas influyan realmente en sus estructuras jer\u00e1rquicas y sus propuestas pol\u00edticas. Campa\u00f1as como la de Obama reflejan la contradicci\u00f3n entre una mayor participaci\u00f3n de los ciudadanos que contrarrestan el poder de influencia de las grandes corporaciones y el \u201cGran Hermano\u201d que supuso el uso de t\u00e9cnicas de vigilancia de los usuarios para adecuar el mensaje a los gustos de cada destinatario: \u00bfC\u00f3mo pueden las nuevas tecnolog\u00edas ampliar la participaci\u00f3n y mejorar la democracia? \u00bfPueden no obstante empeorar la democracia mediante el uso de t\u00e9cnicas m\u00e1s refinadas de propaganda o la facilidad de difusi\u00f3n de discursos populistas? \u00bfCu\u00e1les son los riesgos de la participaci\u00f3n digital? \u00bfC\u00f3mo pueden complementarse la representaci\u00f3n y la participaci\u00f3n directa a trav\u00e9s de las TIC?<\/p>\n<p style=\"padding-left: 40px;\">Seguir eje: <a href=\"https:\/\/twitter.com\/search?q=%23DemocraciaDigital\">#DemocraciaDigital<\/a><\/p>\n","protected":false},"excerpt":{"rendered":"<div class=\"slide-text-bg2\"><span>Democracia Digital: Internet no es solo una herramienta de lucha, sino que se convierte tambi\u00e9n en un s\u00edmbolo de nuevas formas de participaci\u00f3n y organi<\/span><\/div>\n<div class=\"slide-btn-area-sm\"><a href=\"https:\/\/congreso.us.es\/movenet\/ejes-tematicos\/democracia-digital\/\" class=\"slide-btn-sm\">Leer m\u00e1s<\/a><\/div>\n","protected":false},"author":1,"featured_media":0,"parent":24,"menu_order":0,"comment_status":"closed","ping_status":"open","template":"","meta":[],"_links":{"self":[{"href":"https:\/\/congreso.us.es\/movenet\/wp-json\/wp\/v2\/pages\/40"}],"collection":[{"href":"https:\/\/congreso.us.es\/movenet\/wp-json\/wp\/v2\/pages"}],"about":[{"href":"https:\/\/congreso.us.es\/movenet\/wp-json\/wp\/v2\/types\/page"}],"author":[{"embeddable":true,"href":"https:\/\/congreso.us.es\/movenet\/wp-json\/wp\/v2\/users\/1"}],"replies":[{"embeddable":true,"href":"https:\/\/congreso.us.es\/movenet\/wp-json\/wp\/v2\/comments?post=40"}],"version-history":[{"count":2,"href":"https:\/\/congreso.us.es\/movenet\/wp-json\/wp\/v2\/pages\/40\/revisions"}],"predecessor-version":[{"id":2104,"href":"https:\/\/congreso.us.es\/movenet\/wp-json\/wp\/v2\/pages\/40\/revisions\/2104"}],"up":[{"embeddable":true,"href":"https:\/\/congreso.us.es\/movenet\/wp-json\/wp\/v2\/pages\/24"}],"wp:attachment":[{"href":"https:\/\/congreso.us.es\/movenet\/wp-json\/wp\/v2\/media?parent=40"}],"curies":[{"name":"wp","href":"https:\/\/api.w.org\/{rel}","templated":true}]}}