{"id":546,"date":"2017-01-11T10:17:19","date_gmt":"2017-01-11T10:17:19","guid":{"rendered":"http:\/\/congreso-move.net\/?page_id=546"},"modified":"2023-11-28T07:41:43","modified_gmt":"2023-11-28T07:41:43","slug":"videoactivismo","status":"publish","type":"page","link":"https:\/\/congreso.us.es\/movenet\/ejes-tematicos\/videoactivismo\/","title":{"rendered":"Videoactivismo"},"content":{"rendered":"<p><span style=\"color: #ff6600;\"><strong>Videoactivismo:<\/strong> <\/span>A medida que los avances tecnol\u00f3gicos permiten aumentos significativos del ancho de banda y los \u00abtel\u00e9fonos inteligentes\u00bb llegan a capas m\u00e1s amplias de la poblaci\u00f3n, Internet y las redes sociales han comenzado a girar de forma creciente en torno a contenidos audiovisuales, principalmente foto y v\u00eddeo. Se trata de un fen\u00f3meno que tiene repercusi\u00f3n directa en el \u00e1mbito del ciberactivismo en tanto amplia el eje de visi\u00f3n y facilita los ejercicios audiovisuales contestatarios, es decir, \u00abde abajo a arriba\u00bb. Sin embargo, la preeminencia de contenidos visuales en Internet tambi\u00e9n puede ponerse en relaci\u00f3n con aspectos como el aumento de la vigilancia y el control o con la creciente banalizaci\u00f3n de los contenidos en la red. \u00bfQu\u00e9 caracter\u00edsticas tiene el videoactivismo digital? \u00bfDe qu\u00e9 forma contribuye a la transformaci\u00f3n social? \u00bfQu\u00e9 contradicciones pueden darse dentro de los ejercicios videoactivistas? \u00bfEs el videoactivismo un ejercicio de forma o de contenido?<\/p>\n<p style=\"padding-left: 40px;\"><strong>Coordina:<\/strong> L\u00ednea de investigaci\u00f3n sobre Estudios Visuales y Cr\u00edtica de la Imagen del Grupo Interdisciplinario de Estudios en Comunicaci\u00f3n, Pol\u00edtica y Cambio Social (<a href=\"https:\/\/compoliticas.org\/\">COMPOL\u00cdTICAS<\/a>)<\/p>\n<p style=\"padding-left: 40px;\"><a href=\"https:\/\/compoliticas.org\/\"><img loading=\"lazy\" class=\"alignnone size-full wp-image-93\" src=\"https:\/\/congresomove.files.wordpress.com\/2014\/01\/logo-compoliticas.jpg\" alt=\"logo compoliticas\" width=\"225\" height=\"50\" \/><\/a><\/p>\n<p style=\"padding-left: 40px;\">Seguir eje: <a href=\"https:\/\/twitter.com\/search?q=%23Videoactivismo\">#Videoactivismo<\/a><\/p>\n","protected":false},"excerpt":{"rendered":"<div class=\"slide-text-bg2\"><span>Videoactivismo: A medida que los avances tecnol\u00f3gicos permiten aumentos significativos del ancho de banda y los \u00abtel\u00e9fonos inteligentes\u00bb llegan a capas<\/span><\/div>\n<div class=\"slide-btn-area-sm\"><a href=\"https:\/\/congreso.us.es\/movenet\/ejes-tematicos\/videoactivismo\/\" class=\"slide-btn-sm\">Leer m\u00e1s<\/a><\/div>\n","protected":false},"author":1,"featured_media":0,"parent":24,"menu_order":0,"comment_status":"closed","ping_status":"closed","template":"","meta":[],"_links":{"self":[{"href":"https:\/\/congreso.us.es\/movenet\/wp-json\/wp\/v2\/pages\/546"}],"collection":[{"href":"https:\/\/congreso.us.es\/movenet\/wp-json\/wp\/v2\/pages"}],"about":[{"href":"https:\/\/congreso.us.es\/movenet\/wp-json\/wp\/v2\/types\/page"}],"author":[{"embeddable":true,"href":"https:\/\/congreso.us.es\/movenet\/wp-json\/wp\/v2\/users\/1"}],"replies":[{"embeddable":true,"href":"https:\/\/congreso.us.es\/movenet\/wp-json\/wp\/v2\/comments?post=546"}],"version-history":[{"count":1,"href":"https:\/\/congreso.us.es\/movenet\/wp-json\/wp\/v2\/pages\/546\/revisions"}],"predecessor-version":[{"id":2107,"href":"https:\/\/congreso.us.es\/movenet\/wp-json\/wp\/v2\/pages\/546\/revisions\/2107"}],"up":[{"embeddable":true,"href":"https:\/\/congreso.us.es\/movenet\/wp-json\/wp\/v2\/pages\/24"}],"wp:attachment":[{"href":"https:\/\/congreso.us.es\/movenet\/wp-json\/wp\/v2\/media?parent=546"}],"curies":[{"name":"wp","href":"https:\/\/api.w.org\/{rel}","templated":true}]}}