{"id":996,"date":"2014-01-15T11:03:36","date_gmt":"2014-01-15T11:03:36","guid":{"rendered":"http:\/\/congresomove.wordpress.com\/?page_id=1"},"modified":"2023-11-28T12:53:11","modified_gmt":"2023-11-28T12:53:11","slug":"presentacion","status":"publish","type":"page","link":"https:\/\/congreso.us.es\/movenet\/presentacion\/","title":{"rendered":"Sobre Move.net"},"content":{"rendered":"\t\t<div data-elementor-type=\"wp-page\" data-elementor-id=\"996\" class=\"elementor elementor-996\">\n\t\t\t\t\t\t\t\t\t<section class=\"elementor-section elementor-top-section elementor-element elementor-element-4d2a22a9 elementor-section-boxed elementor-section-height-default elementor-section-height-default\" data-id=\"4d2a22a9\" data-element_type=\"section\">\n\t\t\t\t\t\t<div class=\"elementor-container elementor-column-gap-default\">\n\t\t\t\t\t<div class=\"elementor-column elementor-col-100 elementor-top-column elementor-element elementor-element-76bc810f\" data-id=\"76bc810f\" data-element_type=\"column\">\n\t\t\t<div class=\"elementor-widget-wrap elementor-element-populated\">\n\t\t\t\t\t\t\t\t<div class=\"elementor-element elementor-element-29bbee52 elementor-widget elementor-widget-text-editor\" data-id=\"29bbee52\" data-element_type=\"widget\" data-widget_type=\"text-editor.default\">\n\t\t\t\t<div class=\"elementor-widget-container\">\n\t\t\t<style>\/*! elementor - v3.6.2 - 04-04-2022 *\/\n.elementor-widget-text-editor.elementor-drop-cap-view-stacked .elementor-drop-cap{background-color:#818a91;color:#fff}.elementor-widget-text-editor.elementor-drop-cap-view-framed .elementor-drop-cap{color:#818a91;border:3px solid;background-color:transparent}.elementor-widget-text-editor:not(.elementor-drop-cap-view-default) .elementor-drop-cap{margin-top:8px}.elementor-widget-text-editor:not(.elementor-drop-cap-view-default) .elementor-drop-cap-letter{width:1em;height:1em}.elementor-widget-text-editor .elementor-drop-cap{float:left;text-align:center;line-height:1;font-size:50px}.elementor-widget-text-editor .elementor-drop-cap-letter{display:inline-block}<\/style>\t\t\t\t<p>El <span style=\"color: #ff6600;\"><strong>Congreso Internacional Move.net sobre Movimientos Sociales y TIC<\/strong> <\/span>es un punto de encuentro para compartir tanto reflexiones y an\u00e1lisis te\u00f3ricos que, desde el mundo acad\u00e9mico, ayuden a contextualizar y comprender las implicaciones sociales de las TIC, como experiencias y pr\u00e1cticas de los propios activistas y colectivos que permitan conocer la realidad del uso social de la tecnolog\u00eda y tratar de impulsar proyectos y propuestas que intensifiquen su apropiaci\u00f3n por parte de la sociedad con fines emancipadores.<\/p><p>Hasta el momento se han celebrado <strong>4 ediciones<\/strong> en las que se han impartido un total de<strong> 50 conferencias<\/strong> y se han organizado <strong>9 mesas redondas<\/strong> con la participaci\u00f3n de destacados invitados nacionales e internacionales, como Julian Assange, Emiliano Trer\u00e9, Stefania Milan, Tina Askanius, Augusto Jobim, Audrey Tang, Claire Cheng, Po-yu Tseng, Lin Fei-Fan, In\u00e9s Binder, Rub\u00e9n S\u00e1nchez, Amador Fern\u00e1ndez-Savater, Joan Subirats, Margarita Padilla, David Bravo, V\u00edctor Sampedro, Ana Segovia, Guiomar Rovira, Berta Garc\u00eda, entre otros. Tambi\u00e9n ha habido lugar para<strong> 11 presentaciones de libros<\/strong> y<strong> 7 proyectos y redes de investigaci\u00f3n<\/strong> y se ha organizado un curso como actividad paralela al Congreso.<\/p><p>En cuanto a las comunicaciones presentadas a las cuatro ediciones de Move.net, suman un total de<strong> 159 comunicaciones<\/strong>, todas ellas publicadas en las respectivas Actas de cada edici\u00f3n, con autores procedentes de multitud de pa\u00edses como Espa\u00f1a, Portugal, Italia, Dinamarca, Estados Unidos, Canad\u00e1, M\u00e9xico, Brasil, Colombia, Argentina, Chile, Uruguay, Turqu\u00eda, Sud\u00e1frica y Taiwan.<\/p><p>Respecto a los resultados curriculares de las pasadas ediciones de Move.net en forma de publicaciones, adem\u00e1s de las <strong>4 actas<\/strong> del Congreso, se han editado un total de <strong>5 monogr\u00e1ficos<\/strong> en revistas cient\u00edficas indexadas y <strong>3 libros<\/strong> en editoriales acad\u00e9micas de prestigio.<\/p><p>El Congreso Move.net lo organiza el <strong>Grupo Interdisciplinario de Estudios en Comunicaci\u00f3n, Pol\u00edtica y Cambio Social (COMPOLITICAS)<\/strong> de la Universidad de Sevilla (SEJ-456), junto con la <strong>Red de Investigaci\u00f3n en Comunicaci\u00f3n Comunitaria, Alternativa y Participativa (RICCAP)<\/strong>. Adem\u00e1s, durante las pasadas elecciones han colaborado en la organizaci\u00f3n del Congreso otras entidades nacionales e internacionales como:<\/p><p style=\"padding-left: 40px;\">&#8211; El Centro Internacional de Estudios Superiores de Comunicaci\u00f3n para Am\u00e9rica Latina (<a href=\"https:\/\/ciespal.org\/\">CIESPAL<\/a>)<br \/>&#8211; El Grupo de Trabajo Tecnopol\u00edtica del Consejo Latinoamericano de Ciencias Sociales (<a href=\"https:\/\/www.clacso.org.ar\/grupos_trabajo\/detalle_gt.php?ficha=746&amp;s=5&amp;idioma=\">CLACSO<\/a>)<br \/>&#8211; La Uni\u00f3n Latina de Econom\u00eda Pol\u00edtica de la Informaci\u00f3n, la Comunicaci\u00f3n y la Cultura (<a href=\"https:\/\/ulepicc.org\/\">ULEPICC<\/a>)<br \/>&#8211; El Centro de Estudos Sociais (<a href=\"https:\/\/www.ces.uc.pt\/pt\">CES<\/a>) de la Universidad de Coimbra (Portugal)<br \/>&#8211; El N\u00facleo de Multim\u00eddia e Internet (<a href=\"https:\/\/www.unb.br\/nucleos\">NMI<\/a>) de la Universidad de Brasilia<br \/>&#8211; El Laboratorio de Ideas y Pr\u00e1cticas Pol\u00edticas de la Universidad Pablo de Olavide (<a href=\"https:\/\/lippoupo.org\/\">LIPPO<\/a>)<br \/>&#8211; La Red Tecnopol\u00edtica<br \/>&#8211; La Red CityCom<br \/>&#8211; Taiwan Foundation for Democracy (<a href=\"http:\/\/Taiwan Foundation for Democracy\" data-wplink-url-error=\"true\">TFD<\/a>)<br \/>&#8211; El Proyecto de I+D Ciberactivismo, Ciudadan\u00eda Digital y Nuevos Movimientos Urbanos (<a href=\"https:\/\/www.cibermov.net\/\">CiberMov<\/a>) [CSO2016-78386-P]<br \/>&#8211; El Proyecto de I+D Sostenibilidad del Tercer Sector de la Comunicaci\u00f3n. Dise\u00f1o y Aplicaci\u00f3n de Indicadores (<a href=\"https:\/\/soscom.riccap.org\/\">SOScom<\/a>) [PID2020-113011RB-I00]<br \/>&#8211; El Dipartimento di Storia, Societ\u00e0 e Studi sull\u2019Uomo de la Universidad de Salento (Italia).<br \/>&#8211; Y la Facultad de Comunicaci\u00f3n de la Universidad de Sevilla, as\u00ed como los departamentos de Comunicaci\u00f3n Audiovisual y Publicidad y Periodismo I.<\/p><p>\u00a0<\/p><hr \/><p><span style=\"color: #ff6600;\"><strong>ORGANIZA:<\/strong><\/span><\/p><p><a href=\"https:\/\/congresomove.files.wordpress.com\/2014\/01\/logo-compoliticas.jpg\"><img loading=\"lazy\" class=\"size-full wp-image-93 alignleft\" src=\"https:\/\/congresomove.files.wordpress.com\/2014\/01\/logo-compoliticas.jpg\" alt=\"\" width=\"225\" height=\"50\" \/><\/a>Grupo Interdisciplinario de Estudios en Comunicaci\u00f3n, Pol\u00edtica y Cambio Social (<a href=\"http:\/\/grupo.us.es\/compoliticas\/\">COMPOL\u00cdTICAS<\/a>) de la Universidad de Sevilla.<\/p><p><a href=\"https:\/\/congresomove.files.wordpress.com\/2017\/01\/logo-riccap.jpg\"><img loading=\"lazy\" class=\"size-full wp-image-639 alignleft\" src=\"https:\/\/congresomove.files.wordpress.com\/2017\/01\/logo-riccap.jpg\" alt=\"\" width=\"225\" height=\"50\" \/><\/a>Red de Investigaci\u00f3n en Comunicaci\u00f3n Comunitaria Alternativa y Participativa (<a href=\"https:\/\/www.riccap.org\/es\/\">RICCAP<\/a>).<\/p><p><span style=\"color: #ff6600;\"><strong><br \/>S\u00cdGUENOS EN&#8230;<\/strong><\/span><\/p><p>Web: <a href=\"http:\/\/congreso.us.es\/movenet\">http:\/\/congreso.us.es\/movenet<\/a><br \/>Twitter: Perfil: <a href=\"https:\/\/twitter.com\/CongresoMovenet?lang=es\">@CongresoMovenet<\/a> Etiqueta: <a href=\"https:\/\/twitter.com\/hashtag\/Movenet?src=hash&amp;lang=es\">#Movenet<\/a><br \/>Facebook: <a href=\"https:\/\/www.facebook.com\/CongresoMove.Net\/\">www.facebook.com\/CongresoMove.Net<\/a><br \/>Contacto: jcandon@us.es<\/p>\t\t\t\t\t\t<\/div>\n\t\t\t\t<\/div>\n\t\t\t\t\t<\/div>\n\t\t<\/div>\n\t\t\t\t\t\t\t<\/div>\n\t\t<\/section>\n\t\t\t\t\t\t\t<\/div>\n\t\t","protected":false},"excerpt":{"rendered":"<div class=\"slide-text-bg2\"><span>El Congreso Internacional Move.net sobre Movimientos Sociales y TIC es un punto de encuentro para compartir tanto reflexiones y an\u00e1lisis te\u00f3ricos que, de<\/span><\/div>\n<div class=\"slide-btn-area-sm\"><a href=\"https:\/\/congreso.us.es\/movenet\/presentacion\/\" class=\"slide-btn-sm\">Leer m\u00e1s<\/a><\/div>\n","protected":false},"author":1,"featured_media":0,"parent":0,"menu_order":0,"comment_status":"closed","ping_status":"open","template":"","meta":[],"_links":{"self":[{"href":"https:\/\/congreso.us.es\/movenet\/wp-json\/wp\/v2\/pages\/996"}],"collection":[{"href":"https:\/\/congreso.us.es\/movenet\/wp-json\/wp\/v2\/pages"}],"about":[{"href":"https:\/\/congreso.us.es\/movenet\/wp-json\/wp\/v2\/types\/page"}],"author":[{"embeddable":true,"href":"https:\/\/congreso.us.es\/movenet\/wp-json\/wp\/v2\/users\/1"}],"replies":[{"embeddable":true,"href":"https:\/\/congreso.us.es\/movenet\/wp-json\/wp\/v2\/comments?post=996"}],"version-history":[{"count":17,"href":"https:\/\/congreso.us.es\/movenet\/wp-json\/wp\/v2\/pages\/996\/revisions"}],"predecessor-version":[{"id":2137,"href":"https:\/\/congreso.us.es\/movenet\/wp-json\/wp\/v2\/pages\/996\/revisions\/2137"}],"wp:attachment":[{"href":"https:\/\/congreso.us.es\/movenet\/wp-json\/wp\/v2\/media?parent=996"}],"curies":[{"name":"wp","href":"https:\/\/api.w.org\/{rel}","templated":true}]}}