{"id":2,"date":"2021-03-11T12:08:32","date_gmt":"2021-03-11T12:08:32","guid":{"rendered":"http:\/\/congreso.us.es\/seduaut21\/?page_id=2"},"modified":"2021-03-22T13:20:11","modified_gmt":"2021-03-22T13:20:11","slug":"pagina-ejemplo","status":"publish","type":"page","link":"https:\/\/congreso.us.es\/seduaut21\/","title":{"rendered":"Inicio"},"content":{"rendered":"\n<figure class=\"wp-block-image size-large\"><img loading=\"lazy\" decoding=\"async\" width=\"684\" height=\"166\" src=\"http:\/\/congreso.us.es\/seduaut21\/wp-content\/uploads\/2021\/03\/logotipox2.png\" alt=\"\" class=\"wp-image-68\" srcset=\"https:\/\/congreso.us.es\/seduaut21\/wp-content\/uploads\/2021\/03\/logotipox2.png 684w, https:\/\/congreso.us.es\/seduaut21\/wp-content\/uploads\/2021\/03\/logotipox2-300x73.png 300w\" sizes=\"auto, (max-width: 684px) 100vw, 684px\" \/><\/figure>\n\n\n\n<h3 class=\"wp-block-heading\"><strong>Grupo de Educaci\u00f3n en Autom\u00e1tica<\/strong><\/h3>\n\n\n\n<p>La tarde del pr\u00f3ximo <strong>jueves 29 de Abril de 2021<\/strong> tendr\u00e1 lugar el <strong>VII Seminario de Educaci\u00f3n en Autom\u00e1tica<\/strong>, organizado por el <strong><a href=\"https:\/\/www.ceautomatica.es\/educacion-en-automatica\/\" data-type=\"URL\" data-id=\"https:\/\/www.ceautomatica.es\/educacion-en-automatica\/\" target=\"_blank\" rel=\"noreferrer noopener\">Grupo de Educaci\u00f3n en Autom\u00e1tica<\/a><\/strong> de <strong><a href=\"https:\/\/www.ceautomatica.es\/\" data-type=\"URL\" data-id=\"https:\/\/www.ceautomatica.es\/\" target=\"_blank\" rel=\"noreferrer noopener\">CEA (Comit\u00e9 Espa\u00f1ol de Autom\u00e1tica)<\/a><\/strong>.<\/p>\n\n\n\n<p>Este seminario tiene un car\u00e1cter anual y pretende crear un foro de encuentro de los investigadores en el amplio campo de la Educaci\u00f3n en Autom\u00e1tica en nuestro pa\u00eds.<\/p>\n\n\n\n<p>En esta ocasi\u00f3n, y debido a la situaci\u00f3n actual, el seminario se realizar\u00e1 telem\u00e1ticamente a trav\u00e9s de una <a rel=\"noreferrer noopener\" href=\"https:\/\/us02web.zoom.us\/j\/81854369712?pwd=YzR1Uk94dis4OTFUdU9HTzA2UnZGdz09\" data-type=\"URL\" data-id=\"https:\/\/us02web.zoom.us\/j\/81854369712?pwd=YzR1Uk94dis4OTFUdU9HTzA2UnZGdz09\" target=\"_blank\"><strong>Sala Zoom<\/strong><\/a>* de <strong><a rel=\"noreferrer noopener\" href=\"https:\/\/www.ceautomatica.es\/\" data-type=\"URL\" data-id=\"https:\/\/www.ceautomatica.es\/\" target=\"_blank\">CEA<\/a><\/strong> a partir de las 16:00 horas, el <a href=\"http:\/\/congreso.us.es\/seduaut21\/programa-del-seminario\/\" data-type=\"URL\" data-id=\"http:\/\/congreso.us.es\/seduaut21\/programa-del-seminario\/\"><strong>Programa del Seminario<\/strong><\/a> detalla las actividades que se van a desarrollar.<\/p>\n\n\n\n<div class=\"wp-block-media-text alignwide is-stacked-on-mobile\" style=\"grid-template-columns:15% auto\"><figure class=\"wp-block-media-text__media\"><a href=\"https:\/\/us02web.zoom.us\/j\/81854369712?pwd=YzR1Uk94dis4OTFUdU9HTzA2UnZGdz09\" target=\"_blank\" rel=\"Sala Zoom del Seminario noopener\"><img loading=\"lazy\" decoding=\"async\" width=\"531\" height=\"268\" src=\"http:\/\/congreso.us.es\/seduaut21\/wp-content\/uploads\/2021\/03\/zoom.png\" alt=\"\" class=\"wp-image-146 size-full\" srcset=\"https:\/\/congreso.us.es\/seduaut21\/wp-content\/uploads\/2021\/03\/zoom.png 531w, https:\/\/congreso.us.es\/seduaut21\/wp-content\/uploads\/2021\/03\/zoom-300x151.png 300w\" sizes=\"auto, (max-width: 531px) 100vw, 531px\" \/><\/a><\/figure><div class=\"wp-block-media-text__content\">\n<p><em> *Al pulsar el enlace que lleva a la sala Zoom donde se va a realizar el Seminario ser\u00e1 necesario instalar un cliente Zoom <em>en el equipo<\/em><\/em> <em>si no se ha realizado anteriormente.<\/em><\/p>\n<\/div><\/div>\n","protected":false},"excerpt":{"rendered":"<p>Grupo de Educaci\u00f3n en Autom\u00e1tica La tarde del pr\u00f3ximo jueves 29 de Abril de 2021 tendr\u00e1 lugar el VII Seminario de Educaci\u00f3n en Autom\u00e1tica, organizado por el Grupo de Educaci\u00f3n en Autom\u00e1tica de CEA (Comit\u00e9 Espa\u00f1ol de Autom\u00e1tica). Este seminario tiene un car\u00e1cter anual y pretende crear un foro de encuentro de los investigadores en&hellip; <a class=\"more-link\" href=\"https:\/\/congreso.us.es\/seduaut21\/\">Seguir leyendo <span class=\"screen-reader-text\">Inicio<\/span><\/a><\/p>\n","protected":false},"author":1,"featured_media":0,"parent":0,"menu_order":0,"comment_status":"closed","ping_status":"closed","template":"","meta":{"footnotes":""},"class_list":["post-2","page","type-page","status-publish","hentry","entry"],"_links":{"self":[{"href":"https:\/\/congreso.us.es\/seduaut21\/wp-json\/wp\/v2\/pages\/2","targetHints":{"allow":["GET"]}}],"collection":[{"href":"https:\/\/congreso.us.es\/seduaut21\/wp-json\/wp\/v2\/pages"}],"about":[{"href":"https:\/\/congreso.us.es\/seduaut21\/wp-json\/wp\/v2\/types\/page"}],"author":[{"embeddable":true,"href":"https:\/\/congreso.us.es\/seduaut21\/wp-json\/wp\/v2\/users\/1"}],"replies":[{"embeddable":true,"href":"https:\/\/congreso.us.es\/seduaut21\/wp-json\/wp\/v2\/comments?post=2"}],"version-history":[{"count":14,"href":"https:\/\/congreso.us.es\/seduaut21\/wp-json\/wp\/v2\/pages\/2\/revisions"}],"predecessor-version":[{"id":191,"href":"https:\/\/congreso.us.es\/seduaut21\/wp-json\/wp\/v2\/pages\/2\/revisions\/191"}],"wp:attachment":[{"href":"https:\/\/congreso.us.es\/seduaut21\/wp-json\/wp\/v2\/media?parent=2"}],"curies":[{"name":"wp","href":"https:\/\/api.w.org\/{rel}","templated":true}]}}