{"id":27,"date":"2021-03-16T11:29:05","date_gmt":"2021-03-16T11:29:05","guid":{"rendered":"http:\/\/congreso.us.es\/seduaut21\/?page_id=27"},"modified":"2021-04-14T10:30:21","modified_gmt":"2021-04-14T10:30:21","slug":"programa-del-seminario","status":"publish","type":"page","link":"https:\/\/congreso.us.es\/seduaut21\/programa-del-seminario\/","title":{"rendered":"Programa"},"content":{"rendered":"\n<p class=\"has-large-font-size\"><strong>Hora                                 Evento<\/strong><\/p>\n\n\n\n<p class=\"has-small-font-size\"><strong>16:00<\/strong> Presentaci\u00f3n del seminario y propuestas de <a href=\"http:\/\/congreso.us.es\/seduaut21\/nuevo-logo\/\" data-type=\"URL\" data-id=\"http:\/\/congreso.us.es\/seduaut21\/nuevo-logo\/\">Nuevo Logo del Grupo de Educaci\u00f3n en Autom\u00e1tica<\/a> (apertura de votaci\u00f3n de nuevo logo)<br><strong>16:15<\/strong> Presentaci\u00f3n del estado actual de <a rel=\"noreferrer noopener\" href=\"https:\/\/unilabs.dia.uned.es\/\" data-type=\"URL\" data-id=\"https:\/\/unilabs.dia.uned.es\/\" target=\"_blank\"><strong>Unilabs<\/strong> (Red Universitaria de Laboratorios Interactivos)<\/a>. Ponentes:<\/p>\n\n\n\n<ul class=\"has-extra-small-font-size wp-block-list\"><li><a rel=\"noreferrer noopener\" href=\"http:\/\/portal.uned.es\/portal\/page?_pageid=93,25430138&amp;_dad=portal&amp;_schema=PORTAL\" target=\"_blank\">Luis de la Torre Cubillo<\/a> &#8211; <a rel=\"noreferrer noopener\" href=\"https:\/\/www.uned.es\/universidad\/inicio.html\" target=\"_blank\">Universidad Nacional de Educaci\u00f3n a Distancia (UNED)<\/a> &#8211; ldelatorre@dia.uned.es<\/li><li>Ildefonso Ruano Ruano &#8211; Universidad de Ja\u00e9n (UJA) &#8211; alonso@ujaen.es<\/li><li>Antonio Gonz\u00e1lez Sorribes &#8211; Universidad Polit\u00e9cnica de Valencia (UPV) &#8211; angonsor@upv.es<\/li><\/ul>\n\n\n\n<p class=\"has-small-font-size\"><strong>17:15<\/strong> Descanso<br><strong>17:45<\/strong> Mesa redonda sobre docencia <em>online <\/em>y material audiovisual <\/p>\n\n\n\n<p class=\"has-small-font-size\"><strong>      Participantes:<\/strong><\/p>\n\n\n\n<ul class=\"has-extra-small-font-size wp-block-list\"><li><a rel=\"noreferrer noopener\" href=\"http:\/\/personales.upv.es\/asala\/\" data-type=\"URL\" data-id=\"http:\/\/personales.upv.es\/asala\/\" target=\"_blank\">Antonio Sala Piqueras<\/a> &#8211; <a rel=\"noreferrer noopener\" href=\"http:\/\/www.upv.es\/\" data-type=\"URL\" data-id=\"http:\/\/www.upv.es\/\" target=\"_blank\">Universidad Polit\u00e9cnica de Valencia (UPV)<\/a> &#8211; asala@isa.upv.es<\/li><li><a rel=\"noreferrer noopener\" href=\"https:\/\/transparencia.upm.es\/personal\/pdi\/cv?idpdi=320e776d29134a7f68f39dc5ee1ecb0784da9dc7994185427894f34fd9ffb9ef\" data-type=\"URL\" data-id=\"https:\/\/transparencia.upm.es\/personal\/pdi\/cv?idpdi=320e776d29134a7f68f39dc5ee1ecb0784da9dc7994185427894f34fd9ffb9ef\" target=\"_blank\">Antonio Barrientos Cruz<\/a> &#8211; <a rel=\"noreferrer noopener\" href=\"https:\/\/www.upm.es\/\" data-type=\"URL\" data-id=\"https:\/\/www.upm.es\/\" target=\"_blank\">Universidad Polit\u00e9cnica de Madrid (UPM)<\/a>&#8211; antonio.barrientos@upm.es<\/li><li><a rel=\"noreferrer noopener\" href=\"http:\/\/www.upv.es\/ficha-personal\/leoaran\" data-type=\"URL\" data-id=\"http:\/\/www.upv.es\/ficha-personal\/leoaran\" target=\"_blank\">Leopoldo Armesto \u00c1ngel<\/a> &#8211; <a rel=\"noreferrer noopener\" href=\"http:\/\/www.upv.es\/\" target=\"_blank\">Universidad Polit\u00e9cnica de Valencia (UPV)<\/a> -larmesto@idf.upv.es<\/li><li><a href=\"http:\/\/azorin.edu.umh.es\/bio\/ficha-umh\/\" data-type=\"URL\" data-id=\"http:\/\/azorin.edu.umh.es\/bio\/ficha-umh\/\">Jos\u00e9 M\u00aa Az<\/a><a rel=\"noreferrer noopener\" href=\"http:\/\/azorin.edu.umh.es\/bio\/ficha-umh\/\" data-type=\"URL\" data-id=\"http:\/\/azorin.edu.umh.es\/bio\/ficha-umh\/\" target=\"_blank\">o<\/a><a href=\"http:\/\/azorin.edu.umh.es\/bio\/ficha-umh\/\" data-type=\"URL\" data-id=\"http:\/\/azorin.edu.umh.es\/bio\/ficha-umh\/\">r\u00edn Poveda<\/a> &#8211; <a rel=\"noreferrer noopener\" href=\"https:\/\/www.umh.es\/\" data-type=\"URL\" data-id=\"https:\/\/www.umh.es\/\" target=\"_blank\">Universidad Miguel Hern\u00e1ndez (UMH)<\/a> -jm.azorin@umh.es<\/li><li><a rel=\"noreferrer noopener\" href=\"http:\/\/minaseenerxia.uvigo.es\/es\/docencia\/profesorado\/jose-ignacio-armesto-quiroga\/\" data-type=\"URL\" data-id=\"http:\/\/minaseenerxia.uvigo.es\/es\/docencia\/profesorado\/jose-ignacio-armesto-quiroga\/\" target=\"_blank\">Jos\u00e9 Ignacio Armesto Quiroga<\/a> &#8211; <a rel=\"noreferrer noopener\" href=\"https:\/\/www.uvigo.gal\/es\" data-type=\"URL\" data-id=\"https:\/\/www.uvigo.gal\/es\" target=\"_blank\">Universidad de Vigo (UVigo)<\/a> &#8211; armesto@uvigo.es<\/li><\/ul>\n\n\n\n<p class=\"has-extra-small-font-size\">(Los participantes han a\u00f1adido a la Web de <a rel=\"noreferrer noopener\" href=\"https:\/\/www.ceautomatica.es\/\" target=\"_blank\">CEA<\/a> una serie de <a rel=\"noreferrer noopener\" href=\"https:\/\/www.ceautomatica.es\/recursos-formativos-online-en-automatica\/\" data-type=\"URL\" data-id=\"https:\/\/www.ceautomatica.es\/recursos-formativos-online-en-automatica\/\" target=\"_blank\">Recursos formativos <em>online<\/em> en Autom\u00e1tica<\/a> )<\/p>\n\n\n\n<p class=\"has-small-font-size\"><strong>19:00<\/strong> Informe del coordinador del grupo y resultado de la votaci\u00f3n del nuevo logo<br><strong>19:30<\/strong> Cierre del Seminario<\/p>\n\n\n\n<div class=\"wp-block-media-text alignwide is-stacked-on-mobile\" style=\"grid-template-columns:15% auto\"><figure class=\"wp-block-media-text__media\"><a href=\"https:\/\/us02web.zoom.us\/j\/81854369712?pwd=YzR1Uk94dis4OTFUdU9HTzA2UnZGdz09\" target=\"_blank\" rel=\"noopener\"><img loading=\"lazy\" decoding=\"async\" width=\"707\" height=\"707\" src=\"http:\/\/congreso.us.es\/seduaut21\/wp-content\/uploads\/2021\/03\/logoSEA-1.png\" alt=\"\" class=\"wp-image-132 size-full\" srcset=\"https:\/\/congreso.us.es\/seduaut21\/wp-content\/uploads\/2021\/03\/logoSEA-1.png 707w, https:\/\/congreso.us.es\/seduaut21\/wp-content\/uploads\/2021\/03\/logoSEA-1-300x300.png 300w, https:\/\/congreso.us.es\/seduaut21\/wp-content\/uploads\/2021\/03\/logoSEA-1-150x150.png 150w\" sizes=\"auto, (max-width: 707px) 100vw, 707px\" \/><\/a><\/figure><div class=\"wp-block-media-text__content\">\n<p class=\"has-large-font-size\">Para acceder a la sala Zoom donde se van a realizar el VII Seminario de Educaci\u00f3n en Autom\u00e1tica puede ser necesario instalar en el Dispositivo un cliente Zoom:<\/p>\n\n\n\n<p><strong><a href=\"https:\/\/us02web.zoom.us\/j\/81854369712?pwd=YzR1Uk94dis4OTFUdU9HTzA2UnZGdz09\" data-type=\"URL\" data-id=\"https:\/\/us02web.zoom.us\/j\/81854369712?pwd=YzR1Uk94dis4OTFUdU9HTzA2UnZGdz09\" target=\"_blank\" rel=\"noreferrer noopener\">Sala Zoom del VII Seminario de Educaci\u00f3n en Autom\u00e1tica<\/a><\/strong><\/p>\n<\/div><\/div>\n","protected":false},"excerpt":{"rendered":"<p>Hora Evento 16:00 Presentaci\u00f3n del seminario y propuestas de Nuevo Logo del Grupo de Educaci\u00f3n en Autom\u00e1tica (apertura de votaci\u00f3n de nuevo logo)16:15 Presentaci\u00f3n del estado actual de Unilabs (Red Universitaria de Laboratorios Interactivos). Ponentes: Luis de la Torre Cubillo &#8211; Universidad Nacional de Educaci\u00f3n a Distancia (UNED) &#8211; ldelatorre@dia.uned.es Ildefonso Ruano Ruano &#8211; Universidad&hellip; <a class=\"more-link\" href=\"https:\/\/congreso.us.es\/seduaut21\/programa-del-seminario\/\">Seguir leyendo <span class=\"screen-reader-text\">Programa<\/span><\/a><\/p>\n","protected":false},"author":1,"featured_media":0,"parent":0,"menu_order":0,"comment_status":"closed","ping_status":"closed","template":"","meta":{"footnotes":""},"class_list":["post-27","page","type-page","status-publish","hentry","entry"],"_links":{"self":[{"href":"https:\/\/congreso.us.es\/seduaut21\/wp-json\/wp\/v2\/pages\/27","targetHints":{"allow":["GET"]}}],"collection":[{"href":"https:\/\/congreso.us.es\/seduaut21\/wp-json\/wp\/v2\/pages"}],"about":[{"href":"https:\/\/congreso.us.es\/seduaut21\/wp-json\/wp\/v2\/types\/page"}],"author":[{"embeddable":true,"href":"https:\/\/congreso.us.es\/seduaut21\/wp-json\/wp\/v2\/users\/1"}],"replies":[{"embeddable":true,"href":"https:\/\/congreso.us.es\/seduaut21\/wp-json\/wp\/v2\/comments?post=27"}],"version-history":[{"count":21,"href":"https:\/\/congreso.us.es\/seduaut21\/wp-json\/wp\/v2\/pages\/27\/revisions"}],"predecessor-version":[{"id":194,"href":"https:\/\/congreso.us.es\/seduaut21\/wp-json\/wp\/v2\/pages\/27\/revisions\/194"}],"wp:attachment":[{"href":"https:\/\/congreso.us.es\/seduaut21\/wp-json\/wp\/v2\/media?parent=27"}],"curies":[{"name":"wp","href":"https:\/\/api.w.org\/{rel}","templated":true}]}}