{"id":83,"date":"2021-03-16T13:41:26","date_gmt":"2021-03-16T13:41:26","guid":{"rendered":"http:\/\/congreso.us.es\/seduaut21\/?page_id=83"},"modified":"2021-03-18T12:40:43","modified_gmt":"2021-03-18T12:40:43","slug":"patrocinadores","status":"publish","type":"page","link":"https:\/\/congreso.us.es\/seduaut21\/patrocinadores\/","title":{"rendered":"Patrocinadores"},"content":{"rendered":"\n<p>Los siguientes organismos han dado su apoyo y ayuda para que se pueda realizar el VII Seminario de Educaci\u00f3n en Autom\u00e1tica de <a href=\"https:\/\/www.ceautomatica.es\/\" data-type=\"URL\" data-id=\"https:\/\/www.ceautomatica.es\/\" target=\"_blank\" rel=\"noreferrer noopener\">CEA<\/a>:<\/p>\n\n\n\n<div class=\"wp-block-media-text alignwide is-stacked-on-mobile\" style=\"grid-template-columns:15% auto\"><figure class=\"wp-block-media-text__media\"><img loading=\"lazy\" decoding=\"async\" width=\"767\" height=\"1017\" src=\"http:\/\/congreso.us.es\/seduaut21\/wp-content\/uploads\/2021\/03\/CEA.png\" alt=\"Comit\u00e9 Espa\u00f1ol de Autom\u00e1tica\" class=\"wp-image-88 size-full\" srcset=\"https:\/\/congreso.us.es\/seduaut21\/wp-content\/uploads\/2021\/03\/CEA.png 767w, https:\/\/congreso.us.es\/seduaut21\/wp-content\/uploads\/2021\/03\/CEA-226x300.png 226w\" sizes=\"auto, (max-width: 767px) 100vw, 767px\" \/><\/figure><div class=\"wp-block-media-text__content\">\n<p class=\"has-large-font-size\"><a href=\"https:\/\/www.ceautomatica.es\/\" data-type=\"URL\" data-id=\"https:\/\/www.ceautomatica.es\/\" target=\"_blank\" rel=\"noreferrer noopener\">Comit\u00e9 Espa\u00f1ol de Autom\u00e1tica<\/a><\/p>\n<\/div><\/div>\n\n\n\n<div class=\"wp-block-media-text alignwide is-stacked-on-mobile\" style=\"grid-template-columns:15% auto\"><figure class=\"wp-block-media-text__media\"><img loading=\"lazy\" decoding=\"async\" width=\"238\" height=\"211\" src=\"http:\/\/congreso.us.es\/seduaut21\/wp-content\/uploads\/2021\/03\/US.png\" alt=\"Universidad de Sevilla\" class=\"wp-image-87 size-full\"\/><\/figure><div class=\"wp-block-media-text__content\">\n<p class=\"has-large-font-size\"><a href=\"https:\/\/www.us.es\/\" data-type=\"URL\" data-id=\"https:\/\/www.us.es\/\" target=\"_blank\" rel=\"noreferrer noopener\">Universidad de Sevilla<\/a><\/p>\n<\/div><\/div>\n\n\n\n<div class=\"wp-block-media-text alignwide is-stacked-on-mobile\" style=\"grid-template-columns:15% auto\"><figure class=\"wp-block-media-text__media\"><img loading=\"lazy\" decoding=\"async\" width=\"245\" height=\"261\" src=\"http:\/\/congreso.us.es\/seduaut21\/wp-content\/uploads\/2021\/03\/Ujaencolor.jpg\" alt=\"Universidad de Ja\u00e9n\" class=\"wp-image-86 size-full\"\/><\/figure><div class=\"wp-block-media-text__content\">\n<p class=\"has-large-font-size\"><a href=\"https:\/\/www.ujaen.es\" data-type=\"URL\" data-id=\"https:\/\/www.ujaen.es\" target=\"_blank\" rel=\"noreferrer noopener\">Universidad de Ja\u00e9n<\/a><\/p>\n<\/div><\/div>\n\n\n\n<figure class=\"wp-block-gallery columns-3 wp-block-gallery-1 is-layout-flex wp-block-gallery-is-layout-flex\"><ul class=\"blocks-gallery-grid\"><li class=\"blocks-gallery-item\"><figure><img loading=\"lazy\" decoding=\"async\" width=\"150\" height=\"150\" src=\"http:\/\/congreso.us.es\/seduaut21\/wp-content\/uploads\/2021\/03\/US-150x150.png\" alt=\"\" data-id=\"87\" data-full-url=\"http:\/\/congreso.us.es\/seduaut21\/wp-content\/uploads\/2021\/03\/US.png\" data-link=\"http:\/\/congreso.us.es\/seduaut21\/?attachment_id=87\" class=\"wp-image-87\"\/><figcaption class=\"blocks-gallery-item__caption\">Universidad de Sevilla<\/figcaption><\/figure><\/li><li class=\"blocks-gallery-item\"><figure><img loading=\"lazy\" decoding=\"async\" width=\"150\" height=\"150\" src=\"http:\/\/congreso.us.es\/seduaut21\/wp-content\/uploads\/2021\/03\/Ujaencolor-150x150.jpg\" alt=\"\" data-id=\"86\" data-full-url=\"http:\/\/congreso.us.es\/seduaut21\/wp-content\/uploads\/2021\/03\/Ujaencolor.jpg\" data-link=\"http:\/\/congreso.us.es\/seduaut21\/?attachment_id=86\" class=\"wp-image-86\"\/><figcaption class=\"blocks-gallery-item__caption\">Universidad de Ja\u00e9n<\/figcaption><\/figure><\/li><li class=\"blocks-gallery-item\"><figure><img loading=\"lazy\" decoding=\"async\" width=\"150\" height=\"150\" src=\"http:\/\/congreso.us.es\/seduaut21\/wp-content\/uploads\/2021\/03\/CEA-150x150.png\" alt=\"\" data-id=\"88\" data-full-url=\"http:\/\/congreso.us.es\/seduaut21\/wp-content\/uploads\/2021\/03\/CEA.png\" data-link=\"http:\/\/congreso.us.es\/seduaut21\/?attachment_id=88\" class=\"wp-image-88\"\/><figcaption class=\"blocks-gallery-item__caption\">Comit\u00e9 Espa\u00f1ol de Autom\u00e1tica<\/figcaption><\/figure><\/li><\/ul><\/figure>\n","protected":false},"excerpt":{"rendered":"<p>Los siguientes organismos han dado su apoyo y ayuda para que se pueda realizar el VII Seminario de Educaci\u00f3n en Autom\u00e1tica de CEA: Comit\u00e9 Espa\u00f1ol de Autom\u00e1tica Universidad de Sevilla Universidad de Ja\u00e9n<\/p>\n","protected":false},"author":1,"featured_media":0,"parent":0,"menu_order":0,"comment_status":"closed","ping_status":"closed","template":"","meta":{"footnotes":""},"class_list":["post-83","page","type-page","status-publish","hentry","entry"],"_links":{"self":[{"href":"https:\/\/congreso.us.es\/seduaut21\/wp-json\/wp\/v2\/pages\/83","targetHints":{"allow":["GET"]}}],"collection":[{"href":"https:\/\/congreso.us.es\/seduaut21\/wp-json\/wp\/v2\/pages"}],"about":[{"href":"https:\/\/congreso.us.es\/seduaut21\/wp-json\/wp\/v2\/types\/page"}],"author":[{"embeddable":true,"href":"https:\/\/congreso.us.es\/seduaut21\/wp-json\/wp\/v2\/users\/1"}],"replies":[{"embeddable":true,"href":"https:\/\/congreso.us.es\/seduaut21\/wp-json\/wp\/v2\/comments?post=83"}],"version-history":[{"count":5,"href":"https:\/\/congreso.us.es\/seduaut21\/wp-json\/wp\/v2\/pages\/83\/revisions"}],"predecessor-version":[{"id":174,"href":"https:\/\/congreso.us.es\/seduaut21\/wp-json\/wp\/v2\/pages\/83\/revisions\/174"}],"wp:attachment":[{"href":"https:\/\/congreso.us.es\/seduaut21\/wp-json\/wp\/v2\/media?parent=83"}],"curies":[{"name":"wp","href":"https:\/\/api.w.org\/{rel}","templated":true}]}}