{"id":92,"date":"2021-03-16T13:51:15","date_gmt":"2021-03-16T13:51:15","guid":{"rendered":"http:\/\/congreso.us.es\/seduaut21\/?page_id=92"},"modified":"2021-04-29T13:59:27","modified_gmt":"2021-04-29T13:59:27","slug":"nuevo-logo","status":"publish","type":"page","link":"https:\/\/congreso.us.es\/seduaut21\/nuevo-logo\/","title":{"rendered":"Nuevo Logo"},"content":{"rendered":"\n<p>Se est\u00e1 planteando la posibilidad de cambiar el actual logo del grupo de Educaci\u00f3n en Autom\u00e1tica:<\/p>\n\n\n\n<figure class=\"wp-block-image size-large is-resized\"><img loading=\"lazy\" decoding=\"async\" src=\"http:\/\/congreso.us.es\/seduaut21\/wp-content\/uploads\/2021\/03\/Logo_edu.png\" alt=\"\" class=\"wp-image-93\" width=\"185\" height=\"185\"\/><figcaption><a href=\"https:\/\/www.ceautomatica.es\/educacion-en-automatica\/\" data-type=\"URL\" data-id=\"https:\/\/www.ceautomatica.es\/educacion-en-automatica\/\" target=\"_blank\" rel=\"noreferrer noopener\">https:\/\/www.ceautomatica.es\/educacion-en-automatica\/<\/a><\/figcaption><\/figure>\n\n\n\n<p>A continuaci\u00f3n se muestran los distintos logos que se han presentado hasta el momento como candidatos para ser votados el mismo d\u00eda del Seminario (29\/04\/2021):<\/p>\n\n\n\n<p class=\"has-extra-small-font-size\">(para ver un Logo completo en una pesta\u00f1a aparte pulsar el bot\u00f3n derecho del rat\u00f3n sobre la imagen para abrir el men\u00fa contextual y seleccionar la opci\u00f3n \u00abAbrir imagen en una pesta\u00f1a nueva\u00bb)<\/p>\n\n\n\n<p class=\"has-text-align-center\"><strong>Enlace a Encuesta Para Votar Logo: <a href=\"https:\/\/forms.gle\/ecBALkP1H5HD4bht8\" target=\"_blank\" rel=\"noreferrer noopener\">https:\/\/forms.gle\/ecBALkP1H5HD4bht8<\/a><\/strong><\/p>\n\n\n\n<figure class=\"wp-block-gallery columns-3 is-cropped wp-block-gallery-1 is-layout-flex wp-block-gallery-is-layout-flex\"><ul class=\"blocks-gallery-grid\"><li class=\"blocks-gallery-item\"><figure><img loading=\"lazy\" decoding=\"async\" width=\"1458\" height=\"512\" src=\"http:\/\/congreso.us.es\/seduaut21\/wp-content\/uploads\/2021\/03\/logo01.png\" alt=\"\" data-id=\"94\" data-link=\"http:\/\/congreso.us.es\/seduaut21\/?attachment_id=94\" class=\"wp-image-94\" srcset=\"https:\/\/congreso.us.es\/seduaut21\/wp-content\/uploads\/2021\/03\/logo01.png 1458w, https:\/\/congreso.us.es\/seduaut21\/wp-content\/uploads\/2021\/03\/logo01-300x105.png 300w, https:\/\/congreso.us.es\/seduaut21\/wp-content\/uploads\/2021\/03\/logo01-1024x360.png 1024w, https:\/\/congreso.us.es\/seduaut21\/wp-content\/uploads\/2021\/03\/logo01-768x270.png 768w\" sizes=\"auto, (max-width: 1458px) 100vw, 1458px\" \/><\/figure><\/li><li class=\"blocks-gallery-item\"><figure><img loading=\"lazy\" decoding=\"async\" width=\"1589\" height=\"504\" src=\"http:\/\/congreso.us.es\/seduaut21\/wp-content\/uploads\/2021\/03\/logo02.png\" alt=\"\" data-id=\"95\" data-link=\"http:\/\/congreso.us.es\/seduaut21\/?attachment_id=95\" class=\"wp-image-95\" srcset=\"https:\/\/congreso.us.es\/seduaut21\/wp-content\/uploads\/2021\/03\/logo02.png 1589w, https:\/\/congreso.us.es\/seduaut21\/wp-content\/uploads\/2021\/03\/logo02-300x95.png 300w, https:\/\/congreso.us.es\/seduaut21\/wp-content\/uploads\/2021\/03\/logo02-1024x325.png 1024w, https:\/\/congreso.us.es\/seduaut21\/wp-content\/uploads\/2021\/03\/logo02-768x244.png 768w, https:\/\/congreso.us.es\/seduaut21\/wp-content\/uploads\/2021\/03\/logo02-1536x487.png 1536w, https:\/\/congreso.us.es\/seduaut21\/wp-content\/uploads\/2021\/03\/logo02-1568x497.png 1568w\" sizes=\"auto, (max-width: 1589px) 100vw, 1589px\" \/><\/figure><\/li><li class=\"blocks-gallery-item\"><figure><img loading=\"lazy\" decoding=\"async\" width=\"1595\" height=\"514\" src=\"http:\/\/congreso.us.es\/seduaut21\/wp-content\/uploads\/2021\/03\/logo03.png\" alt=\"\" data-id=\"96\" data-link=\"http:\/\/congreso.us.es\/seduaut21\/?attachment_id=96\" class=\"wp-image-96\" srcset=\"https:\/\/congreso.us.es\/seduaut21\/wp-content\/uploads\/2021\/03\/logo03.png 1595w, https:\/\/congreso.us.es\/seduaut21\/wp-content\/uploads\/2021\/03\/logo03-300x97.png 300w, https:\/\/congreso.us.es\/seduaut21\/wp-content\/uploads\/2021\/03\/logo03-1024x330.png 1024w, https:\/\/congreso.us.es\/seduaut21\/wp-content\/uploads\/2021\/03\/logo03-768x247.png 768w, https:\/\/congreso.us.es\/seduaut21\/wp-content\/uploads\/2021\/03\/logo03-1536x495.png 1536w, https:\/\/congreso.us.es\/seduaut21\/wp-content\/uploads\/2021\/03\/logo03-1568x505.png 1568w\" sizes=\"auto, (max-width: 1595px) 100vw, 1595px\" \/><\/figure><\/li><li class=\"blocks-gallery-item\"><figure><img loading=\"lazy\" decoding=\"async\" width=\"1689\" height=\"535\" src=\"http:\/\/congreso.us.es\/seduaut21\/wp-content\/uploads\/2021\/03\/logo04.png\" alt=\"\" data-id=\"97\" data-link=\"http:\/\/congreso.us.es\/seduaut21\/?attachment_id=97\" class=\"wp-image-97\" srcset=\"https:\/\/congreso.us.es\/seduaut21\/wp-content\/uploads\/2021\/03\/logo04.png 1689w, https:\/\/congreso.us.es\/seduaut21\/wp-content\/uploads\/2021\/03\/logo04-300x95.png 300w, https:\/\/congreso.us.es\/seduaut21\/wp-content\/uploads\/2021\/03\/logo04-1024x324.png 1024w, https:\/\/congreso.us.es\/seduaut21\/wp-content\/uploads\/2021\/03\/logo04-768x243.png 768w, https:\/\/congreso.us.es\/seduaut21\/wp-content\/uploads\/2021\/03\/logo04-1536x487.png 1536w, https:\/\/congreso.us.es\/seduaut21\/wp-content\/uploads\/2021\/03\/logo04-1568x497.png 1568w\" sizes=\"auto, (max-width: 1689px) 100vw, 1689px\" \/><\/figure><\/li><li class=\"blocks-gallery-item\"><figure><img loading=\"lazy\" decoding=\"async\" width=\"1710\" height=\"627\" src=\"http:\/\/congreso.us.es\/seduaut21\/wp-content\/uploads\/2021\/03\/logo05.png\" alt=\"\" data-id=\"98\" data-link=\"http:\/\/congreso.us.es\/seduaut21\/?attachment_id=98\" class=\"wp-image-98\" srcset=\"https:\/\/congreso.us.es\/seduaut21\/wp-content\/uploads\/2021\/03\/logo05.png 1710w, https:\/\/congreso.us.es\/seduaut21\/wp-content\/uploads\/2021\/03\/logo05-300x110.png 300w, https:\/\/congreso.us.es\/seduaut21\/wp-content\/uploads\/2021\/03\/logo05-1024x375.png 1024w, https:\/\/congreso.us.es\/seduaut21\/wp-content\/uploads\/2021\/03\/logo05-768x282.png 768w, https:\/\/congreso.us.es\/seduaut21\/wp-content\/uploads\/2021\/03\/logo05-1536x563.png 1536w, https:\/\/congreso.us.es\/seduaut21\/wp-content\/uploads\/2021\/03\/logo05-1568x575.png 1568w\" sizes=\"auto, (max-width: 1710px) 100vw, 1710px\" \/><\/figure><\/li><li class=\"blocks-gallery-item\"><figure><img loading=\"lazy\" decoding=\"async\" width=\"1703\" height=\"621\" src=\"http:\/\/congreso.us.es\/seduaut21\/wp-content\/uploads\/2021\/03\/logo06.png\" alt=\"\" data-id=\"99\" data-link=\"http:\/\/congreso.us.es\/seduaut21\/?attachment_id=99\" class=\"wp-image-99\" srcset=\"https:\/\/congreso.us.es\/seduaut21\/wp-content\/uploads\/2021\/03\/logo06.png 1703w, https:\/\/congreso.us.es\/seduaut21\/wp-content\/uploads\/2021\/03\/logo06-300x109.png 300w, https:\/\/congreso.us.es\/seduaut21\/wp-content\/uploads\/2021\/03\/logo06-1024x373.png 1024w, https:\/\/congreso.us.es\/seduaut21\/wp-content\/uploads\/2021\/03\/logo06-768x280.png 768w, https:\/\/congreso.us.es\/seduaut21\/wp-content\/uploads\/2021\/03\/logo06-1536x560.png 1536w, https:\/\/congreso.us.es\/seduaut21\/wp-content\/uploads\/2021\/03\/logo06-1568x572.png 1568w\" sizes=\"auto, (max-width: 1703px) 100vw, 1703px\" \/><\/figure><\/li><li class=\"blocks-gallery-item\"><figure><img loading=\"lazy\" decoding=\"async\" width=\"1707\" height=\"622\" src=\"http:\/\/congreso.us.es\/seduaut21\/wp-content\/uploads\/2021\/03\/logo07.png\" alt=\"\" data-id=\"100\" data-link=\"http:\/\/congreso.us.es\/seduaut21\/?attachment_id=100\" class=\"wp-image-100\" srcset=\"https:\/\/congreso.us.es\/seduaut21\/wp-content\/uploads\/2021\/03\/logo07.png 1707w, https:\/\/congreso.us.es\/seduaut21\/wp-content\/uploads\/2021\/03\/logo07-300x109.png 300w, https:\/\/congreso.us.es\/seduaut21\/wp-content\/uploads\/2021\/03\/logo07-1024x373.png 1024w, https:\/\/congreso.us.es\/seduaut21\/wp-content\/uploads\/2021\/03\/logo07-768x280.png 768w, https:\/\/congreso.us.es\/seduaut21\/wp-content\/uploads\/2021\/03\/logo07-1536x560.png 1536w, https:\/\/congreso.us.es\/seduaut21\/wp-content\/uploads\/2021\/03\/logo07-1568x571.png 1568w\" sizes=\"auto, (max-width: 1707px) 100vw, 1707px\" \/><\/figure><\/li><li class=\"blocks-gallery-item\"><figure><img loading=\"lazy\" decoding=\"async\" width=\"1312\" height=\"790\" src=\"http:\/\/congreso.us.es\/seduaut21\/wp-content\/uploads\/2021\/03\/logo08.png\" alt=\"\" data-id=\"101\" data-link=\"http:\/\/congreso.us.es\/seduaut21\/?attachment_id=101\" class=\"wp-image-101\" srcset=\"https:\/\/congreso.us.es\/seduaut21\/wp-content\/uploads\/2021\/03\/logo08.png 1312w, https:\/\/congreso.us.es\/seduaut21\/wp-content\/uploads\/2021\/03\/logo08-300x181.png 300w, https:\/\/congreso.us.es\/seduaut21\/wp-content\/uploads\/2021\/03\/logo08-1024x617.png 1024w, https:\/\/congreso.us.es\/seduaut21\/wp-content\/uploads\/2021\/03\/logo08-768x462.png 768w\" sizes=\"auto, (max-width: 1312px) 100vw, 1312px\" \/><\/figure><\/li><li class=\"blocks-gallery-item\"><figure><img loading=\"lazy\" decoding=\"async\" width=\"1312\" height=\"794\" src=\"http:\/\/congreso.us.es\/seduaut21\/wp-content\/uploads\/2021\/03\/logo09.png\" alt=\"\" data-id=\"102\" data-link=\"http:\/\/congreso.us.es\/seduaut21\/?attachment_id=102\" class=\"wp-image-102\" srcset=\"https:\/\/congreso.us.es\/seduaut21\/wp-content\/uploads\/2021\/03\/logo09.png 1312w, https:\/\/congreso.us.es\/seduaut21\/wp-content\/uploads\/2021\/03\/logo09-300x182.png 300w, https:\/\/congreso.us.es\/seduaut21\/wp-content\/uploads\/2021\/03\/logo09-1024x620.png 1024w, https:\/\/congreso.us.es\/seduaut21\/wp-content\/uploads\/2021\/03\/logo09-768x465.png 768w\" sizes=\"auto, (max-width: 1312px) 100vw, 1312px\" \/><\/figure><\/li><li class=\"blocks-gallery-item\"><figure><img loading=\"lazy\" decoding=\"async\" width=\"1316\" height=\"788\" src=\"http:\/\/congreso.us.es\/seduaut21\/wp-content\/uploads\/2021\/03\/logo10.png\" alt=\"\" data-id=\"103\" data-link=\"http:\/\/congreso.us.es\/seduaut21\/?attachment_id=103\" class=\"wp-image-103\" srcset=\"https:\/\/congreso.us.es\/seduaut21\/wp-content\/uploads\/2021\/03\/logo10.png 1316w, https:\/\/congreso.us.es\/seduaut21\/wp-content\/uploads\/2021\/03\/logo10-300x180.png 300w, https:\/\/congreso.us.es\/seduaut21\/wp-content\/uploads\/2021\/03\/logo10-1024x613.png 1024w, https:\/\/congreso.us.es\/seduaut21\/wp-content\/uploads\/2021\/03\/logo10-768x460.png 768w\" sizes=\"auto, (max-width: 1316px) 100vw, 1316px\" \/><\/figure><\/li><li class=\"blocks-gallery-item\"><figure><img loading=\"lazy\" decoding=\"async\" width=\"1313\" height=\"788\" src=\"http:\/\/congreso.us.es\/seduaut21\/wp-content\/uploads\/2021\/03\/logo11.png\" alt=\"\" data-id=\"104\" data-link=\"http:\/\/congreso.us.es\/seduaut21\/?attachment_id=104\" class=\"wp-image-104\" srcset=\"https:\/\/congreso.us.es\/seduaut21\/wp-content\/uploads\/2021\/03\/logo11.png 1313w, https:\/\/congreso.us.es\/seduaut21\/wp-content\/uploads\/2021\/03\/logo11-300x180.png 300w, https:\/\/congreso.us.es\/seduaut21\/wp-content\/uploads\/2021\/03\/logo11-1024x615.png 1024w, https:\/\/congreso.us.es\/seduaut21\/wp-content\/uploads\/2021\/03\/logo11-768x461.png 768w\" sizes=\"auto, (max-width: 1313px) 100vw, 1313px\" \/><\/figure><\/li><li class=\"blocks-gallery-item\"><figure><img loading=\"lazy\" decoding=\"async\" width=\"1314\" height=\"790\" src=\"http:\/\/congreso.us.es\/seduaut21\/wp-content\/uploads\/2021\/03\/logo12.png\" alt=\"\" data-id=\"105\" data-link=\"http:\/\/congreso.us.es\/seduaut21\/?attachment_id=105\" class=\"wp-image-105\" srcset=\"https:\/\/congreso.us.es\/seduaut21\/wp-content\/uploads\/2021\/03\/logo12.png 1314w, https:\/\/congreso.us.es\/seduaut21\/wp-content\/uploads\/2021\/03\/logo12-300x180.png 300w, https:\/\/congreso.us.es\/seduaut21\/wp-content\/uploads\/2021\/03\/logo12-1024x616.png 1024w, https:\/\/congreso.us.es\/seduaut21\/wp-content\/uploads\/2021\/03\/logo12-768x462.png 768w\" sizes=\"auto, (max-width: 1314px) 100vw, 1314px\" \/><\/figure><\/li><li class=\"blocks-gallery-item\"><figure><img loading=\"lazy\" decoding=\"async\" width=\"522\" height=\"632\" src=\"http:\/\/congreso.us.es\/seduaut21\/wp-content\/uploads\/2021\/03\/CEA-Educ-1.png\" alt=\"\" data-id=\"161\" data-link=\"http:\/\/congreso.us.es\/seduaut21\/nuevo-logo\/cea-educ-1\/\" class=\"wp-image-161\" srcset=\"https:\/\/congreso.us.es\/seduaut21\/wp-content\/uploads\/2021\/03\/CEA-Educ-1.png 522w, https:\/\/congreso.us.es\/seduaut21\/wp-content\/uploads\/2021\/03\/CEA-Educ-1-248x300.png 248w\" sizes=\"auto, (max-width: 522px) 100vw, 522px\" \/><\/figure><\/li><li class=\"blocks-gallery-item\"><figure><img loading=\"lazy\" decoding=\"async\" width=\"517\" height=\"631\" src=\"http:\/\/congreso.us.es\/seduaut21\/wp-content\/uploads\/2021\/03\/CEA-Educ1.png\" alt=\"\" data-id=\"162\" data-link=\"http:\/\/congreso.us.es\/seduaut21\/nuevo-logo\/cea-educ1\/\" class=\"wp-image-162\" srcset=\"https:\/\/congreso.us.es\/seduaut21\/wp-content\/uploads\/2021\/03\/CEA-Educ1.png 517w, https:\/\/congreso.us.es\/seduaut21\/wp-content\/uploads\/2021\/03\/CEA-Educ1-246x300.png 246w\" sizes=\"auto, (max-width: 517px) 100vw, 517px\" \/><\/figure><\/li><li class=\"blocks-gallery-item\"><figure><img loading=\"lazy\" decoding=\"async\" width=\"516\" height=\"627\" src=\"http:\/\/congreso.us.es\/seduaut21\/wp-content\/uploads\/2021\/03\/CEA-Educ2.png\" alt=\"\" data-id=\"163\" data-link=\"http:\/\/congreso.us.es\/seduaut21\/nuevo-logo\/cea-educ2\/\" class=\"wp-image-163\" srcset=\"https:\/\/congreso.us.es\/seduaut21\/wp-content\/uploads\/2021\/03\/CEA-Educ2.png 516w, https:\/\/congreso.us.es\/seduaut21\/wp-content\/uploads\/2021\/03\/CEA-Educ2-247x300.png 247w\" sizes=\"auto, (max-width: 516px) 100vw, 516px\" \/><\/figure><\/li><li class=\"blocks-gallery-item\"><figure><img loading=\"lazy\" decoding=\"async\" width=\"514\" height=\"629\" src=\"http:\/\/congreso.us.es\/seduaut21\/wp-content\/uploads\/2021\/03\/CEA-Educ3.png\" alt=\"\" data-id=\"164\" data-link=\"http:\/\/congreso.us.es\/seduaut21\/nuevo-logo\/cea-educ3\/\" class=\"wp-image-164\" srcset=\"https:\/\/congreso.us.es\/seduaut21\/wp-content\/uploads\/2021\/03\/CEA-Educ3.png 514w, https:\/\/congreso.us.es\/seduaut21\/wp-content\/uploads\/2021\/03\/CEA-Educ3-245x300.png 245w\" sizes=\"auto, (max-width: 514px) 100vw, 514px\" \/><\/figure><\/li><li class=\"blocks-gallery-item\"><figure><img loading=\"lazy\" decoding=\"async\" width=\"507\" height=\"630\" src=\"http:\/\/congreso.us.es\/seduaut21\/wp-content\/uploads\/2021\/03\/CEA-Educ4.png\" alt=\"\" data-id=\"165\" data-link=\"http:\/\/congreso.us.es\/seduaut21\/nuevo-logo\/cea-educ4\/\" class=\"wp-image-165\" srcset=\"https:\/\/congreso.us.es\/seduaut21\/wp-content\/uploads\/2021\/03\/CEA-Educ4.png 507w, https:\/\/congreso.us.es\/seduaut21\/wp-content\/uploads\/2021\/03\/CEA-Educ4-241x300.png 241w\" sizes=\"auto, (max-width: 507px) 100vw, 507px\" \/><\/figure><\/li><li class=\"blocks-gallery-item\"><figure><img loading=\"lazy\" decoding=\"async\" width=\"527\" height=\"626\" src=\"http:\/\/congreso.us.es\/seduaut21\/wp-content\/uploads\/2021\/03\/CEA-Educ5.png\" alt=\"\" data-id=\"166\" data-link=\"http:\/\/congreso.us.es\/seduaut21\/nuevo-logo\/cea-educ5\/\" class=\"wp-image-166\" srcset=\"https:\/\/congreso.us.es\/seduaut21\/wp-content\/uploads\/2021\/03\/CEA-Educ5.png 527w, https:\/\/congreso.us.es\/seduaut21\/wp-content\/uploads\/2021\/03\/CEA-Educ5-253x300.png 253w\" sizes=\"auto, (max-width: 527px) 100vw, 527px\" \/><\/figure><\/li><li class=\"blocks-gallery-item\"><figure><img loading=\"lazy\" decoding=\"async\" width=\"726\" height=\"751\" src=\"http:\/\/congreso.us.es\/seduaut21\/wp-content\/uploads\/2021\/03\/eea1.png\" alt=\"\" data-id=\"175\" data-link=\"http:\/\/congreso.us.es\/seduaut21\/nuevo-logo\/eea1\/\" class=\"wp-image-175\" srcset=\"https:\/\/congreso.us.es\/seduaut21\/wp-content\/uploads\/2021\/03\/eea1.png 726w, https:\/\/congreso.us.es\/seduaut21\/wp-content\/uploads\/2021\/03\/eea1-290x300.png 290w\" sizes=\"auto, (max-width: 726px) 100vw, 726px\" \/><\/figure><\/li><li class=\"blocks-gallery-item\"><figure><img loading=\"lazy\" decoding=\"async\" width=\"715\" height=\"747\" src=\"http:\/\/congreso.us.es\/seduaut21\/wp-content\/uploads\/2021\/03\/eea2.png\" alt=\"\" data-id=\"176\" data-link=\"http:\/\/congreso.us.es\/seduaut21\/nuevo-logo\/eea2\/\" class=\"wp-image-176\" srcset=\"https:\/\/congreso.us.es\/seduaut21\/wp-content\/uploads\/2021\/03\/eea2.png 715w, https:\/\/congreso.us.es\/seduaut21\/wp-content\/uploads\/2021\/03\/eea2-287x300.png 287w\" sizes=\"auto, (max-width: 715px) 100vw, 715px\" \/><\/figure><\/li><li class=\"blocks-gallery-item\"><figure><img loading=\"lazy\" decoding=\"async\" width=\"720\" height=\"742\" src=\"http:\/\/congreso.us.es\/seduaut21\/wp-content\/uploads\/2021\/03\/eea3.png\" alt=\"\" data-id=\"177\" data-link=\"http:\/\/congreso.us.es\/seduaut21\/nuevo-logo\/eea3\/\" class=\"wp-image-177\" srcset=\"https:\/\/congreso.us.es\/seduaut21\/wp-content\/uploads\/2021\/03\/eea3.png 720w, https:\/\/congreso.us.es\/seduaut21\/wp-content\/uploads\/2021\/03\/eea3-291x300.png 291w\" sizes=\"auto, (max-width: 720px) 100vw, 720px\" \/><\/figure><\/li><li class=\"blocks-gallery-item\"><figure><img loading=\"lazy\" decoding=\"async\" width=\"719\" height=\"749\" src=\"http:\/\/congreso.us.es\/seduaut21\/wp-content\/uploads\/2021\/03\/eea4.png\" alt=\"\" data-id=\"178\" data-link=\"http:\/\/congreso.us.es\/seduaut21\/nuevo-logo\/eea4\/\" class=\"wp-image-178\" srcset=\"https:\/\/congreso.us.es\/seduaut21\/wp-content\/uploads\/2021\/03\/eea4.png 719w, https:\/\/congreso.us.es\/seduaut21\/wp-content\/uploads\/2021\/03\/eea4-288x300.png 288w\" sizes=\"auto, (max-width: 719px) 100vw, 719px\" \/><\/figure><\/li><li class=\"blocks-gallery-item\"><figure><img loading=\"lazy\" decoding=\"async\" width=\"719\" height=\"747\" src=\"http:\/\/congreso.us.es\/seduaut21\/wp-content\/uploads\/2021\/03\/eea5.png\" alt=\"\" data-id=\"179\" data-link=\"http:\/\/congreso.us.es\/seduaut21\/nuevo-logo\/eea5\/\" class=\"wp-image-179\" srcset=\"https:\/\/congreso.us.es\/seduaut21\/wp-content\/uploads\/2021\/03\/eea5.png 719w, https:\/\/congreso.us.es\/seduaut21\/wp-content\/uploads\/2021\/03\/eea5-289x300.png 289w\" sizes=\"auto, (max-width: 719px) 100vw, 719px\" \/><\/figure><\/li><li class=\"blocks-gallery-item\"><figure><img loading=\"lazy\" decoding=\"async\" width=\"720\" height=\"746\" src=\"http:\/\/congreso.us.es\/seduaut21\/wp-content\/uploads\/2021\/03\/eea6.png\" alt=\"\" data-id=\"180\" data-link=\"http:\/\/congreso.us.es\/seduaut21\/nuevo-logo\/eea6\/\" class=\"wp-image-180\" srcset=\"https:\/\/congreso.us.es\/seduaut21\/wp-content\/uploads\/2021\/03\/eea6.png 720w, https:\/\/congreso.us.es\/seduaut21\/wp-content\/uploads\/2021\/03\/eea6-290x300.png 290w\" sizes=\"auto, (max-width: 720px) 100vw, 720px\" \/><\/figure><\/li><li class=\"blocks-gallery-item\"><figure><img loading=\"lazy\" decoding=\"async\" width=\"725\" height=\"747\" src=\"http:\/\/congreso.us.es\/seduaut21\/wp-content\/uploads\/2021\/03\/eea7.png\" alt=\"\" data-id=\"181\" data-link=\"http:\/\/congreso.us.es\/seduaut21\/nuevo-logo\/eea7\/\" class=\"wp-image-181\" srcset=\"https:\/\/congreso.us.es\/seduaut21\/wp-content\/uploads\/2021\/03\/eea7.png 725w, https:\/\/congreso.us.es\/seduaut21\/wp-content\/uploads\/2021\/03\/eea7-291x300.png 291w\" sizes=\"auto, (max-width: 725px) 100vw, 725px\" \/><\/figure><\/li><li class=\"blocks-gallery-item\"><figure><img loading=\"lazy\" decoding=\"async\" width=\"722\" height=\"746\" src=\"http:\/\/congreso.us.es\/seduaut21\/wp-content\/uploads\/2021\/03\/eea8.png\" alt=\"\" data-id=\"184\" data-full-url=\"http:\/\/congreso.us.es\/seduaut21\/wp-content\/uploads\/2021\/03\/eea8.png\" data-link=\"http:\/\/congreso.us.es\/seduaut21\/nuevo-logo\/eea8\/\" class=\"wp-image-184\" srcset=\"https:\/\/congreso.us.es\/seduaut21\/wp-content\/uploads\/2021\/03\/eea8.png 722w, https:\/\/congreso.us.es\/seduaut21\/wp-content\/uploads\/2021\/03\/eea8-290x300.png 290w\" sizes=\"auto, (max-width: 722px) 100vw, 722px\" \/><\/figure><\/li><\/ul><figcaption class=\"blocks-gallery-caption\">Logos propuestos hasta el momento (22\/03\/2021)<\/figcaption><\/figure>\n","protected":false},"excerpt":{"rendered":"<p>Se est\u00e1 planteando la posibilidad de cambiar el actual logo del grupo de Educaci\u00f3n en Autom\u00e1tica: A continuaci\u00f3n se muestran los distintos logos que se han presentado hasta el momento como candidatos para ser votados el mismo d\u00eda del Seminario (29\/04\/2021): (para ver un Logo completo en una pesta\u00f1a aparte pulsar el bot\u00f3n derecho del&hellip; <a class=\"more-link\" href=\"https:\/\/congreso.us.es\/seduaut21\/nuevo-logo\/\">Seguir leyendo <span class=\"screen-reader-text\">Nuevo Logo<\/span><\/a><\/p>\n","protected":false},"author":1,"featured_media":0,"parent":0,"menu_order":0,"comment_status":"closed","ping_status":"closed","template":"","meta":{"footnotes":""},"class_list":["post-92","page","type-page","status-publish","hentry","entry"],"_links":{"self":[{"href":"https:\/\/congreso.us.es\/seduaut21\/wp-json\/wp\/v2\/pages\/92","targetHints":{"allow":["GET"]}}],"collection":[{"href":"https:\/\/congreso.us.es\/seduaut21\/wp-json\/wp\/v2\/pages"}],"about":[{"href":"https:\/\/congreso.us.es\/seduaut21\/wp-json\/wp\/v2\/types\/page"}],"author":[{"embeddable":true,"href":"https:\/\/congreso.us.es\/seduaut21\/wp-json\/wp\/v2\/users\/1"}],"replies":[{"embeddable":true,"href":"https:\/\/congreso.us.es\/seduaut21\/wp-json\/wp\/v2\/comments?post=92"}],"version-history":[{"count":10,"href":"https:\/\/congreso.us.es\/seduaut21\/wp-json\/wp\/v2\/pages\/92\/revisions"}],"predecessor-version":[{"id":196,"href":"https:\/\/congreso.us.es\/seduaut21\/wp-json\/wp\/v2\/pages\/92\/revisions\/196"}],"wp:attachment":[{"href":"https:\/\/congreso.us.es\/seduaut21\/wp-json\/wp\/v2\/media?parent=92"}],"curies":[{"name":"wp","href":"https:\/\/api.w.org\/{rel}","templated":true}]}}